{"id":14997,"date":"2017-03-17T12:48:46","date_gmt":"2017-03-17T12:48:46","guid":{"rendered":"http:\/\/www.globallistings.info\/sk\/sluzby\/"},"modified":"2017-12-28T15:04:54","modified_gmt":"2017-12-28T15:04:54","slug":"sluzby","status":"publish","type":"page","link":"https:\/\/www.globallistings.info\/sk\/sluzby\/","title":{"rendered":"Slu\u017eby"},"content":{"rendered":"<div class=\"col-4\">\n<p><img decoding=\"async\" class=\"img-circle img-responsive\" src=\"http:\/\/www.globallistings.info\/app\/uploads\/2016\/12\/services.png\" alt=\"\" \/><\/p>\n<p class=\"content\">Paul Weaver<br \/>\n<mark class=\"sub-content\">Riadite\u013e<\/mark><\/p>\n<p class=\"description\">Paul Weaver je riadite\u013e spolo\u010dnosti Global Listings, ktor\u00fd sleduje jej ka\u017edodenn\u00fd chod a dohliada na tvorbu nov\u00fdch obchodn\u00fdch vz\u0165ahov. V\u010faka poznatkom o telev\u00edznej redak\u010dnej pr\u00e1ci a elektronick\u00fdch sprievodcoch programom a po takmer 10-ro\u010dnom p\u00f4soben\u00ed v Sky TV a Video Networks (teraz TalkTalk) m\u00e1 Paul vy\u0161e 20-ro\u010dn\u00e9 sk\u00fasenosti v odvetv\u00ed. Ka\u017ed\u00e9mu z klientov spolo\u010dnosti Global Listings sa usiluje pon\u00faknu\u0165 \u0161pi\u010dkov\u00e9 slu\u017eby a zaisti\u0165, aby nikdy nesklamala ich o\u010dak\u00e1vania.<\/p>\n<\/div>\n<div class=\"col-8\">\n<div class=\"content\">\n<p>Pon\u00fakame absol\u00fatne presn\u00e9 line\u00e1rne aj neline\u00e1rne (video na po\u017eiadanie) <strong>\u00fadaje o elektronick\u00fdch sprievodcoch programom<\/strong> priamo pre telev\u00edzne platformy a OTT slu\u017eby.<\/p>\n<p>Vyprac\u00favame a distribuujeme presn\u00e9 anglick\u00e9 aj lokalizovan\u00e9 <strong>preh\u013eady telev\u00edznych programov\u00a0<\/strong> a kvalitne spracovan\u00e9 <strong>upozornenia na zauj\u00edmav\u00e9 programy<\/strong> za telev\u00edzne stanice.<\/p>\n<p><strong>Preklad\u00e1me<\/strong> n\u00e1zvy programov, opisy a metad\u00e1ta z ak\u00e9hoko\u013evek jazyka na svete do ak\u00e9hoko\u013evek jazyka na svete za pomoci glob\u00e1lnej siete 17 000 sk\u00fasen\u00fdch a kvalifikovan\u00fdch prekladate\u013eov, ktor\u00ed skuto\u010dne rozumej\u00fa sp\u00f4sobu lokaliz\u00e1cie redak\u010dn\u00e9ho materi\u00e1lu na jednotliv\u00fdch trhoch.<\/p>\n<p>Spolupracujeme s <strong>kan\u00e1lmi klientov na soci\u00e1lnych sie\u0165ach <\/strong>a integrujeme metad\u00e1ta programov do ich komunik\u00e1cie na internete: od Twittera a Facebooku po Instagram a Snapchat.<\/p>\n<p><strong>Tvor\u00edme obsah<\/strong> \u2013 \u0161pecialitou n\u00e1\u0161ho \u0161pi\u010dkov\u00e9ho t\u00edmu novin\u00e1rov a redaktorov s\u00fa slov\u00e1 a nikdy sa v nich nestr\u00e1caj\u00fa!<\/p>\n<p>Cez \u0161pi\u010dkov\u00fd distribu\u010dn\u00fd syst\u00e9m s namieru vypracovan\u00fdm a presne zacielen\u00fdm zoznamom e-mailov <strong>pon\u00fakame<\/strong> preh\u013ead programov, upozornenia na programy, \u00fadaje VOD a sn\u00edmky pre ka\u017ed\u00fa oblas\u0165, produkt a jazyk div\u00e1kov.<\/p>\n<p>A dok\u00e1\u017eeme pos\u00fadi\u0165 medi\u00e1lne pokrytie z\u00e1kazn\u00edka pomocou <strong>slu\u017eby na monitorovanie m\u00e9di\u00ed<\/strong> na celom svete, \u010di u\u017e s\u00fa tla\u010den\u00e9, elektronick\u00e9 alebo soci\u00e1lne.<\/p>\n<\/div>\n<\/div>\n","protected":false},"excerpt":{"rendered":"<p>Paul Weaver Riadite\u013e Paul Weaver je riadite\u013e spolo\u010dnosti Global Listings, ktor\u00fd sleduje jej ka\u017edodenn\u00fd chod a dohliada na tvorbu nov\u00fdch obchodn\u00fdch vz\u0165ahov. V\u010faka poznatkom o telev\u00edznej redak\u010dnej pr\u00e1ci a elektronick\u00fdch sprievodcoch programom a po takmer 10-ro\u010dnom p\u00f4soben\u00ed v Sky TV a Video Networks (teraz TalkTalk) m\u00e1 Paul vy\u0161e 20-ro\u010dn\u00e9 sk\u00fasenosti v odvetv\u00ed. Ka\u017ed\u00e9mu z klientov [&hellip;]<\/p>\n","protected":false},"author":1,"featured_media":0,"parent":0,"menu_order":424,"comment_status":"closed","ping_status":"closed","template":"page-services.php","meta":{"_acf_changed":false,"cybocfi_hide_featured_image":"","footnotes":""},"class_list":["post-14997","page","type-page","status-publish","hentry"],"acf":[],"aioseo_notices":[],"yoast_head":"<!-- This site is optimized with the Yoast SEO plugin v27.4 - https:\/\/yoast.com\/product\/yoast-seo-wordpress\/ -->\n<title>Slu\u017eby - Global Listings<\/title>\n<meta name=\"robots\" content=\"index, follow, max-snippet:-1, max-image-preview:large, max-video-preview:-1\" \/>\n<link rel=\"canonical\" href=\"https:\/\/www.globallistings.info\/sk\/sluzby\/\" \/>\n<meta property=\"og:locale\" content=\"sk_SK\" \/>\n<meta property=\"og:type\" content=\"article\" \/>\n<meta property=\"og:title\" content=\"Slu\u017eby - Global Listings\" \/>\n<meta property=\"og:description\" content=\"Paul Weaver Riadite\u013e Paul Weaver je riadite\u013e spolo\u010dnosti Global Listings, ktor\u00fd sleduje jej ka\u017edodenn\u00fd chod a dohliada na tvorbu nov\u00fdch obchodn\u00fdch vz\u0165ahov. V\u010faka poznatkom o telev\u00edznej redak\u010dnej pr\u00e1ci a elektronick\u00fdch sprievodcoch programom a po takmer 10-ro\u010dnom p\u00f4soben\u00ed v Sky TV a Video Networks (teraz TalkTalk) m\u00e1 Paul vy\u0161e 20-ro\u010dn\u00e9 sk\u00fasenosti v odvetv\u00ed. Ka\u017ed\u00e9mu z klientov [&hellip;]\" \/>\n<meta property=\"og:url\" content=\"https:\/\/www.globallistings.info\/sk\/sluzby\/\" \/>\n<meta property=\"og:site_name\" content=\"Global Listings\" \/>\n<meta property=\"article:modified_time\" content=\"2017-12-28T15:04:54+00:00\" \/>\n<meta property=\"og:image\" content=\"http:\/\/www.globallistings.info\/app\/uploads\/2016\/12\/services.png\" \/>\n<meta name=\"twitter:card\" content=\"summary_large_image\" \/>\n<meta name=\"twitter:label1\" content=\"Est. reading time\" \/>\n\t<meta name=\"twitter:data1\" content=\"2 minutes\" \/>\n<script type=\"application\/ld+json\" class=\"yoast-schema-graph\">{\"@context\":\"https:\\\/\\\/schema.org\",\"@graph\":[{\"@type\":\"WebPage\",\"@id\":\"https:\\\/\\\/www.globallistings.info\\\/sk\\\/sluzby\\\/\",\"url\":\"https:\\\/\\\/www.globallistings.info\\\/sk\\\/sluzby\\\/\",\"name\":\"Slu\u017eby - Global Listings\",\"isPartOf\":{\"@id\":\"https:\\\/\\\/www.globallistings.info\\\/ar\\\/#website\"},\"primaryImageOfPage\":{\"@id\":\"https:\\\/\\\/www.globallistings.info\\\/sk\\\/sluzby\\\/#primaryimage\"},\"image\":{\"@id\":\"https:\\\/\\\/www.globallistings.info\\\/sk\\\/sluzby\\\/#primaryimage\"},\"thumbnailUrl\":\"http:\\\/\\\/www.globallistings.info\\\/app\\\/uploads\\\/2016\\\/12\\\/services.png\",\"datePublished\":\"2017-03-17T12:48:46+00:00\",\"dateModified\":\"2017-12-28T15:04:54+00:00\",\"breadcrumb\":{\"@id\":\"https:\\\/\\\/www.globallistings.info\\\/sk\\\/sluzby\\\/#breadcrumb\"},\"inLanguage\":\"sk-SK\",\"potentialAction\":[{\"@type\":\"ReadAction\",\"target\":[\"https:\\\/\\\/www.globallistings.info\\\/sk\\\/sluzby\\\/\"]}]},{\"@type\":\"ImageObject\",\"inLanguage\":\"sk-SK\",\"@id\":\"https:\\\/\\\/www.globallistings.info\\\/sk\\\/sluzby\\\/#primaryimage\",\"url\":\"http:\\\/\\\/www.globallistings.info\\\/app\\\/uploads\\\/2016\\\/12\\\/services.png\",\"contentUrl\":\"http:\\\/\\\/www.globallistings.info\\\/app\\\/uploads\\\/2016\\\/12\\\/services.png\"},{\"@type\":\"BreadcrumbList\",\"@id\":\"https:\\\/\\\/www.globallistings.info\\\/sk\\\/sluzby\\\/#breadcrumb\",\"itemListElement\":[{\"@type\":\"ListItem\",\"position\":1,\"name\":\"Home\",\"item\":\"https:\\\/\\\/www.globallistings.info\\\/sk\\\/\"},{\"@type\":\"ListItem\",\"position\":2,\"name\":\"Slu\u017eby\"}]},{\"@type\":\"WebSite\",\"@id\":\"https:\\\/\\\/www.globallistings.info\\\/ar\\\/#website\",\"url\":\"https:\\\/\\\/www.globallistings.info\\\/ar\\\/\",\"name\":\"Global Listings\",\"description\":\"\",\"potentialAction\":[{\"@type\":\"SearchAction\",\"target\":{\"@type\":\"EntryPoint\",\"urlTemplate\":\"https:\\\/\\\/www.globallistings.info\\\/ar\\\/?s={search_term_string}\"},\"query-input\":{\"@type\":\"PropertyValueSpecification\",\"valueRequired\":true,\"valueName\":\"search_term_string\"}}],\"inLanguage\":\"sk-SK\"}]}<\/script>\n<!-- \/ Yoast SEO plugin. -->","yoast_head_json":{"title":"Slu\u017eby - Global Listings","robots":{"index":"index","follow":"follow","max-snippet":"max-snippet:-1","max-image-preview":"max-image-preview:large","max-video-preview":"max-video-preview:-1"},"canonical":"https:\/\/www.globallistings.info\/sk\/sluzby\/","og_locale":"sk_SK","og_type":"article","og_title":"Slu\u017eby - Global Listings","og_description":"Paul Weaver Riadite\u013e Paul Weaver je riadite\u013e spolo\u010dnosti Global Listings, ktor\u00fd sleduje jej ka\u017edodenn\u00fd chod a dohliada na tvorbu nov\u00fdch obchodn\u00fdch vz\u0165ahov. V\u010faka poznatkom o telev\u00edznej redak\u010dnej pr\u00e1ci a elektronick\u00fdch sprievodcoch programom a po takmer 10-ro\u010dnom p\u00f4soben\u00ed v Sky TV a Video Networks (teraz TalkTalk) m\u00e1 Paul vy\u0161e 20-ro\u010dn\u00e9 sk\u00fasenosti v odvetv\u00ed. Ka\u017ed\u00e9mu z klientov [&hellip;]","og_url":"https:\/\/www.globallistings.info\/sk\/sluzby\/","og_site_name":"Global Listings","article_modified_time":"2017-12-28T15:04:54+00:00","og_image":[{"url":"http:\/\/www.globallistings.info\/app\/uploads\/2016\/12\/services.png","type":"","width":"","height":""}],"twitter_card":"summary_large_image","twitter_misc":{"Est. reading time":"2 minutes"},"schema":{"@context":"https:\/\/schema.org","@graph":[{"@type":"WebPage","@id":"https:\/\/www.globallistings.info\/sk\/sluzby\/","url":"https:\/\/www.globallistings.info\/sk\/sluzby\/","name":"Slu\u017eby - Global Listings","isPartOf":{"@id":"https:\/\/www.globallistings.info\/ar\/#website"},"primaryImageOfPage":{"@id":"https:\/\/www.globallistings.info\/sk\/sluzby\/#primaryimage"},"image":{"@id":"https:\/\/www.globallistings.info\/sk\/sluzby\/#primaryimage"},"thumbnailUrl":"http:\/\/www.globallistings.info\/app\/uploads\/2016\/12\/services.png","datePublished":"2017-03-17T12:48:46+00:00","dateModified":"2017-12-28T15:04:54+00:00","breadcrumb":{"@id":"https:\/\/www.globallistings.info\/sk\/sluzby\/#breadcrumb"},"inLanguage":"sk-SK","potentialAction":[{"@type":"ReadAction","target":["https:\/\/www.globallistings.info\/sk\/sluzby\/"]}]},{"@type":"ImageObject","inLanguage":"sk-SK","@id":"https:\/\/www.globallistings.info\/sk\/sluzby\/#primaryimage","url":"http:\/\/www.globallistings.info\/app\/uploads\/2016\/12\/services.png","contentUrl":"http:\/\/www.globallistings.info\/app\/uploads\/2016\/12\/services.png"},{"@type":"BreadcrumbList","@id":"https:\/\/www.globallistings.info\/sk\/sluzby\/#breadcrumb","itemListElement":[{"@type":"ListItem","position":1,"name":"Home","item":"https:\/\/www.globallistings.info\/sk\/"},{"@type":"ListItem","position":2,"name":"Slu\u017eby"}]},{"@type":"WebSite","@id":"https:\/\/www.globallistings.info\/ar\/#website","url":"https:\/\/www.globallistings.info\/ar\/","name":"Global Listings","description":"","potentialAction":[{"@type":"SearchAction","target":{"@type":"EntryPoint","urlTemplate":"https:\/\/www.globallistings.info\/ar\/?s={search_term_string}"},"query-input":{"@type":"PropertyValueSpecification","valueRequired":true,"valueName":"search_term_string"}}],"inLanguage":"sk-SK"}]}},"_links":{"self":[{"href":"https:\/\/www.globallistings.info\/sk\/wp-json\/wp\/v2\/pages\/14997","targetHints":{"allow":["GET"]}}],"collection":[{"href":"https:\/\/www.globallistings.info\/sk\/wp-json\/wp\/v2\/pages"}],"about":[{"href":"https:\/\/www.globallistings.info\/sk\/wp-json\/wp\/v2\/types\/page"}],"author":[{"embeddable":true,"href":"https:\/\/www.globallistings.info\/sk\/wp-json\/wp\/v2\/users\/1"}],"replies":[{"embeddable":true,"href":"https:\/\/www.globallistings.info\/sk\/wp-json\/wp\/v2\/comments?post=14997"}],"version-history":[{"count":0,"href":"https:\/\/www.globallistings.info\/sk\/wp-json\/wp\/v2\/pages\/14997\/revisions"}],"wp:attachment":[{"href":"https:\/\/www.globallistings.info\/sk\/wp-json\/wp\/v2\/media?parent=14997"}],"curies":[{"name":"wp","href":"https:\/\/api.w.org\/{rel}","templated":true}]}}