{"id":27522,"date":"2017-10-31T13:33:12","date_gmt":"2017-10-31T13:33:12","guid":{"rendered":"http:\/\/www.globallistings.info\/sk\/prehlad-programov\/"},"modified":"2017-12-28T15:17:14","modified_gmt":"2017-12-28T15:17:14","slug":"prehlad-programov","status":"publish","type":"page","link":"https:\/\/www.globallistings.info\/sk\/prehlad-programov\/","title":{"rendered":"Preh\u013ead programov"},"content":{"rendered":"<div class=\"col-4\">\n<p><img decoding=\"async\" class=\"img-circle img-responsive\" src=\"http:\/\/www.globallistings.info\/wp-content\/uploads\/2017\/10\/tuxpi.com_.1509101210-e1509101294249.jpg\" alt=\"\" \/><\/p>\n<p class=\"content\">PREH\u013dAD PROGRAMOV<\/p>\n<\/div>\n<div class=\"col-8\">\n<div class=\"content\">\n<p><strong>Preh\u013ead programov pre tla\u010d<\/strong> od The Global Listings m\u00e1 jednoduch\u00fd a overen\u00fd form\u00e1t, ktor\u00fd obsahuje v\u0161etky relevantn\u00e9 inform\u00e1cie a v\u017edy ho na\u010das posielame spr\u00e1vnym kontaktom!<\/p>\n<p>Telev\u00edzni novin\u00e1ri a redaktori \u2013 tla\u010den\u00fdch aj elektronick\u00fdch vydan\u00ed \u2013 s\u00fa zanepr\u00e1zdnen\u00ed a v\u017edy musia stihn\u00fa\u0165 term\u00edn.<\/p>\n<p>To zna\u010d\u00ed, \u017ee sa neust\u00e1le sna\u017eia u\u013eah\u010di\u0165 si \u017eivot a st\u00e1vaj\u00fa sa tak najlep\u0161\u00edm priate\u013eom telev\u00edznej stanice, ktor\u00e1 im dod\u00e1 presne to, \u010do potrebuj\u00fa.<\/p>\n<p>Hlavn\u00e9 faktory, ktor\u00e9 rozhoduj\u00fa o tom, \u010di sa program alebo kan\u00e1l dostane do pulik\u00e1cie alebo internetov\u00e9ho preh\u013eadu programov, s\u00fa:<\/p>\n<p>\u2022 <strong>AKO<\/strong> sa inform\u00e1cia pren\u00e1\u0161a?<br \/>\n\u2022 <strong>\u010cO<\/strong> je jej obsahom?<br \/>\n\u2022 <strong>KEDY<\/strong> pr\u00edde?<\/p>\n<p><strong>Preh\u013eady programov spolo\u010dnosti Global Listings funguj\u00fa, preto\u017ee:<\/strong><\/p>\n<p>1. sa k n\u00edm \u013eahko dostanete a maj\u00fa jednoduch\u00fd, vizu\u00e1lny a praktick\u00fd form\u00e1t,<br \/>\n2. \u013eahko sa \u010d\u00edtaj\u00fa \u2013 d\u00f4le\u017eit\u00e1 je jasnos\u0165,<br \/>\n3. zd\u00f4raz\u0148uj\u00fa sa v nich hlavn\u00e9 inform\u00e1cie,<br \/>\n4. daj\u00fa sa prisp\u00f4sobi\u0165, aby sa dali pou\u017ei\u0165 v rozli\u010dn\u00fdch \u010dastiach organiz\u00e1cie \u2013 napr\u00edklad ako f\u00ed\u010dre, novinky, opis, VOD.<\/p>\n<p>Pod tlakom si telev\u00edzni \u017eurnalisti nevyhnutne vyber\u00fa najr\u00fdchlej\u0161iu trasu: ak vedia, \u017ee po potrebn\u00fdch inform\u00e1ci\u00e1ch m\u00f4\u017eu siahnu\u0165 r\u00fdchlo a s\u00fa \u013eahko \u010ditate\u013en\u00e9, pravdepodobnos\u0165 v\u00fdberu v\u00e1\u0161ho kan\u00e1lu sa zv\u00fd\u0161i.<\/p>\n<p>Global Listings rozumie po\u017eiadavk\u00e1m nov\u00edn a internetov\u00fdch \u010dasopisov na celom svete, ako aj obsahu, o ktorom chce m\u00e9dium informova\u0165 div\u00e1ka.<\/p>\n<\/div>\n<\/div>\n","protected":false},"excerpt":{"rendered":"<p>PREH\u013dAD PROGRAMOV Preh\u013ead programov pre tla\u010d od The Global Listings m\u00e1 jednoduch\u00fd a overen\u00fd form\u00e1t, ktor\u00fd obsahuje v\u0161etky relevantn\u00e9 inform\u00e1cie a v\u017edy ho na\u010das posielame spr\u00e1vnym kontaktom! Telev\u00edzni novin\u00e1ri a redaktori \u2013 tla\u010den\u00fdch aj elektronick\u00fdch vydan\u00ed \u2013 s\u00fa zanepr\u00e1zdnen\u00ed a v\u017edy musia stihn\u00fa\u0165 term\u00edn. To zna\u010d\u00ed, \u017ee sa neust\u00e1le sna\u017eia u\u013eah\u010di\u0165 si \u017eivot a st\u00e1vaj\u00fa [&hellip;]<\/p>\n","protected":false},"author":1,"featured_media":0,"parent":0,"menu_order":481,"comment_status":"closed","ping_status":"closed","template":"page-epgs.php","meta":{"_acf_changed":false,"cybocfi_hide_featured_image":"","footnotes":""},"class_list":["post-27522","page","type-page","status-publish","hentry"],"acf":[],"aioseo_notices":[],"yoast_head":"<!-- This site is optimized with the Yoast SEO plugin v27.4 - https:\/\/yoast.com\/product\/yoast-seo-wordpress\/ -->\n<title>Preh\u013ead programov - Global Listings<\/title>\n<meta name=\"robots\" content=\"index, follow, max-snippet:-1, max-image-preview:large, max-video-preview:-1\" \/>\n<link rel=\"canonical\" href=\"https:\/\/www.globallistings.info\/sk\/prehlad-programov\/\" \/>\n<meta property=\"og:locale\" content=\"sk_SK\" \/>\n<meta property=\"og:type\" content=\"article\" \/>\n<meta property=\"og:title\" content=\"Preh\u013ead programov - Global Listings\" \/>\n<meta property=\"og:description\" content=\"PREH\u013dAD PROGRAMOV Preh\u013ead programov pre tla\u010d od The Global Listings m\u00e1 jednoduch\u00fd a overen\u00fd form\u00e1t, ktor\u00fd obsahuje v\u0161etky relevantn\u00e9 inform\u00e1cie a v\u017edy ho na\u010das posielame spr\u00e1vnym kontaktom! Telev\u00edzni novin\u00e1ri a redaktori \u2013 tla\u010den\u00fdch aj elektronick\u00fdch vydan\u00ed \u2013 s\u00fa zanepr\u00e1zdnen\u00ed a v\u017edy musia stihn\u00fa\u0165 term\u00edn. To zna\u010d\u00ed, \u017ee sa neust\u00e1le sna\u017eia u\u013eah\u010di\u0165 si \u017eivot a st\u00e1vaj\u00fa [&hellip;]\" \/>\n<meta property=\"og:url\" content=\"https:\/\/www.globallistings.info\/sk\/prehlad-programov\/\" \/>\n<meta property=\"og:site_name\" content=\"Global Listings\" \/>\n<meta property=\"article:modified_time\" content=\"2017-12-28T15:17:14+00:00\" \/>\n<meta property=\"og:image\" content=\"http:\/\/www.globallistings.info\/wp-content\/uploads\/2017\/10\/tuxpi.com_.1509101210-e1509101294249.jpg\" \/>\n<meta name=\"twitter:card\" content=\"summary_large_image\" \/>\n<meta name=\"twitter:label1\" content=\"Est. reading time\" \/>\n\t<meta name=\"twitter:data1\" content=\"1 minute\" \/>\n<script type=\"application\/ld+json\" class=\"yoast-schema-graph\">{\"@context\":\"https:\\\/\\\/schema.org\",\"@graph\":[{\"@type\":\"WebPage\",\"@id\":\"https:\\\/\\\/www.globallistings.info\\\/sk\\\/prehlad-programov\\\/\",\"url\":\"https:\\\/\\\/www.globallistings.info\\\/sk\\\/prehlad-programov\\\/\",\"name\":\"Preh\u013ead programov - Global Listings\",\"isPartOf\":{\"@id\":\"https:\\\/\\\/www.globallistings.info\\\/ar\\\/#website\"},\"primaryImageOfPage\":{\"@id\":\"https:\\\/\\\/www.globallistings.info\\\/sk\\\/prehlad-programov\\\/#primaryimage\"},\"image\":{\"@id\":\"https:\\\/\\\/www.globallistings.info\\\/sk\\\/prehlad-programov\\\/#primaryimage\"},\"thumbnailUrl\":\"http:\\\/\\\/www.globallistings.info\\\/wp-content\\\/uploads\\\/2017\\\/10\\\/tuxpi.com_.1509101210-e1509101294249.jpg\",\"datePublished\":\"2017-10-31T13:33:12+00:00\",\"dateModified\":\"2017-12-28T15:17:14+00:00\",\"breadcrumb\":{\"@id\":\"https:\\\/\\\/www.globallistings.info\\\/sk\\\/prehlad-programov\\\/#breadcrumb\"},\"inLanguage\":\"sk-SK\",\"potentialAction\":[{\"@type\":\"ReadAction\",\"target\":[\"https:\\\/\\\/www.globallistings.info\\\/sk\\\/prehlad-programov\\\/\"]}]},{\"@type\":\"ImageObject\",\"inLanguage\":\"sk-SK\",\"@id\":\"https:\\\/\\\/www.globallistings.info\\\/sk\\\/prehlad-programov\\\/#primaryimage\",\"url\":\"http:\\\/\\\/www.globallistings.info\\\/wp-content\\\/uploads\\\/2017\\\/10\\\/tuxpi.com_.1509101210-e1509101294249.jpg\",\"contentUrl\":\"http:\\\/\\\/www.globallistings.info\\\/wp-content\\\/uploads\\\/2017\\\/10\\\/tuxpi.com_.1509101210-e1509101294249.jpg\"},{\"@type\":\"BreadcrumbList\",\"@id\":\"https:\\\/\\\/www.globallistings.info\\\/sk\\\/prehlad-programov\\\/#breadcrumb\",\"itemListElement\":[{\"@type\":\"ListItem\",\"position\":1,\"name\":\"Home\",\"item\":\"https:\\\/\\\/www.globallistings.info\\\/sk\\\/\"},{\"@type\":\"ListItem\",\"position\":2,\"name\":\"Preh\u013ead programov\"}]},{\"@type\":\"WebSite\",\"@id\":\"https:\\\/\\\/www.globallistings.info\\\/ar\\\/#website\",\"url\":\"https:\\\/\\\/www.globallistings.info\\\/ar\\\/\",\"name\":\"Global Listings\",\"description\":\"\",\"potentialAction\":[{\"@type\":\"SearchAction\",\"target\":{\"@type\":\"EntryPoint\",\"urlTemplate\":\"https:\\\/\\\/www.globallistings.info\\\/ar\\\/?s={search_term_string}\"},\"query-input\":{\"@type\":\"PropertyValueSpecification\",\"valueRequired\":true,\"valueName\":\"search_term_string\"}}],\"inLanguage\":\"sk-SK\"}]}<\/script>\n<!-- \/ Yoast SEO plugin. -->","yoast_head_json":{"title":"Preh\u013ead programov - Global Listings","robots":{"index":"index","follow":"follow","max-snippet":"max-snippet:-1","max-image-preview":"max-image-preview:large","max-video-preview":"max-video-preview:-1"},"canonical":"https:\/\/www.globallistings.info\/sk\/prehlad-programov\/","og_locale":"sk_SK","og_type":"article","og_title":"Preh\u013ead programov - Global Listings","og_description":"PREH\u013dAD PROGRAMOV Preh\u013ead programov pre tla\u010d od The Global Listings m\u00e1 jednoduch\u00fd a overen\u00fd form\u00e1t, ktor\u00fd obsahuje v\u0161etky relevantn\u00e9 inform\u00e1cie a v\u017edy ho na\u010das posielame spr\u00e1vnym kontaktom! Telev\u00edzni novin\u00e1ri a redaktori \u2013 tla\u010den\u00fdch aj elektronick\u00fdch vydan\u00ed \u2013 s\u00fa zanepr\u00e1zdnen\u00ed a v\u017edy musia stihn\u00fa\u0165 term\u00edn. To zna\u010d\u00ed, \u017ee sa neust\u00e1le sna\u017eia u\u013eah\u010di\u0165 si \u017eivot a st\u00e1vaj\u00fa [&hellip;]","og_url":"https:\/\/www.globallistings.info\/sk\/prehlad-programov\/","og_site_name":"Global Listings","article_modified_time":"2017-12-28T15:17:14+00:00","og_image":[{"url":"http:\/\/www.globallistings.info\/wp-content\/uploads\/2017\/10\/tuxpi.com_.1509101210-e1509101294249.jpg","type":"","width":"","height":""}],"twitter_card":"summary_large_image","twitter_misc":{"Est. reading time":"1 minute"},"schema":{"@context":"https:\/\/schema.org","@graph":[{"@type":"WebPage","@id":"https:\/\/www.globallistings.info\/sk\/prehlad-programov\/","url":"https:\/\/www.globallistings.info\/sk\/prehlad-programov\/","name":"Preh\u013ead programov - Global Listings","isPartOf":{"@id":"https:\/\/www.globallistings.info\/ar\/#website"},"primaryImageOfPage":{"@id":"https:\/\/www.globallistings.info\/sk\/prehlad-programov\/#primaryimage"},"image":{"@id":"https:\/\/www.globallistings.info\/sk\/prehlad-programov\/#primaryimage"},"thumbnailUrl":"http:\/\/www.globallistings.info\/wp-content\/uploads\/2017\/10\/tuxpi.com_.1509101210-e1509101294249.jpg","datePublished":"2017-10-31T13:33:12+00:00","dateModified":"2017-12-28T15:17:14+00:00","breadcrumb":{"@id":"https:\/\/www.globallistings.info\/sk\/prehlad-programov\/#breadcrumb"},"inLanguage":"sk-SK","potentialAction":[{"@type":"ReadAction","target":["https:\/\/www.globallistings.info\/sk\/prehlad-programov\/"]}]},{"@type":"ImageObject","inLanguage":"sk-SK","@id":"https:\/\/www.globallistings.info\/sk\/prehlad-programov\/#primaryimage","url":"http:\/\/www.globallistings.info\/wp-content\/uploads\/2017\/10\/tuxpi.com_.1509101210-e1509101294249.jpg","contentUrl":"http:\/\/www.globallistings.info\/wp-content\/uploads\/2017\/10\/tuxpi.com_.1509101210-e1509101294249.jpg"},{"@type":"BreadcrumbList","@id":"https:\/\/www.globallistings.info\/sk\/prehlad-programov\/#breadcrumb","itemListElement":[{"@type":"ListItem","position":1,"name":"Home","item":"https:\/\/www.globallistings.info\/sk\/"},{"@type":"ListItem","position":2,"name":"Preh\u013ead programov"}]},{"@type":"WebSite","@id":"https:\/\/www.globallistings.info\/ar\/#website","url":"https:\/\/www.globallistings.info\/ar\/","name":"Global Listings","description":"","potentialAction":[{"@type":"SearchAction","target":{"@type":"EntryPoint","urlTemplate":"https:\/\/www.globallistings.info\/ar\/?s={search_term_string}"},"query-input":{"@type":"PropertyValueSpecification","valueRequired":true,"valueName":"search_term_string"}}],"inLanguage":"sk-SK"}]}},"_links":{"self":[{"href":"https:\/\/www.globallistings.info\/sk\/wp-json\/wp\/v2\/pages\/27522","targetHints":{"allow":["GET"]}}],"collection":[{"href":"https:\/\/www.globallistings.info\/sk\/wp-json\/wp\/v2\/pages"}],"about":[{"href":"https:\/\/www.globallistings.info\/sk\/wp-json\/wp\/v2\/types\/page"}],"author":[{"embeddable":true,"href":"https:\/\/www.globallistings.info\/sk\/wp-json\/wp\/v2\/users\/1"}],"replies":[{"embeddable":true,"href":"https:\/\/www.globallistings.info\/sk\/wp-json\/wp\/v2\/comments?post=27522"}],"version-history":[{"count":0,"href":"https:\/\/www.globallistings.info\/sk\/wp-json\/wp\/v2\/pages\/27522\/revisions"}],"wp:attachment":[{"href":"https:\/\/www.globallistings.info\/sk\/wp-json\/wp\/v2\/media?parent=27522"}],"curies":[{"name":"wp","href":"https:\/\/api.w.org\/{rel}","templated":true}]}}