{"id":6664,"date":"2017-03-08T06:40:46","date_gmt":"2017-03-08T06:40:46","guid":{"rendered":"http:\/\/www.globallistings.info\/sl\/uredniske-storitve\/"},"modified":"2018-01-02T18:01:44","modified_gmt":"2018-01-02T18:01:44","slug":"uredniske-storitve","status":"publish","type":"page","link":"https:\/\/www.globallistings.info\/sl\/uredniske-storitve\/","title":{"rendered":"Uredni\u0161ke storitve"},"content":{"rendered":"<div class=\"col-4\">\n<p><img decoding=\"async\" class=\"img-circle img-responsive\" src=\"http:\/\/globallistings.info\/app\/uploads\/2017\/01\/editorialcircbig.png\" alt=\"content_photo\" \/><\/p>\n<p class=\"content\">UREDNI\u0160KE STORITVE<\/p>\n<\/div>\n<div class=\"col-8\">\n<div class=\"content\">\n<p>Nadarjene uredni\u0161ke ekipe Global Listings zagotavljajo visokokakovostna, dinami\u010dna in u\u010dinkovita besedila v kateremkoli jeziku sveta.<\/p>\n<p>Z mednarodnimi televizijskimi mre\u017eami sodelujemo pri pisanju, urejanju in lektoriranju besedil, dokler niso popolna (vklju\u010dno z distribucijo), in pri tem se dr\u017eimo urnih, dnevnih, tedenskih, mese\u010dnih ali posebnih rokov, kakr\u0161ne zahtevajo na\u0161e stranke.<\/p>\n<p>Vsi na\u0161i pisci v Zdru\u017eenem kraljestvu in drugje po svetu so strokovnjaki na svojih podro\u010djih in ustvarjajo iskriva besedila, ki odsevajo blagovno znamko in zajamejo bistvo programa na\u0161ih televizijskih partnerjev ter nudijo prejemnikom \u2013 tiskanim in digitalnim medijem \u2013 natanko tiste informacije, ki jih potrebujejo, v formatu, ki je preizku\u0161en in dokazano deluje.<\/p>\n<p>Na\u0161e uredni\u0161ke storitve vklju\u010dujejo:<\/p>\n<ul class=\"content-bulletpoints\">\n<li>Izbor televizijskih programov: od pisanja vrhunskega besedila do izdelave vsega &#8211; od \u010drno-belih bro\u0161ur do barvnih revij na sijajnem papirju (imamo vse kapacitete namiznega zalo\u017eni\u0161tva).<\/li>\n<li>PR besedila: od ustvarjanja sve\u017eih in razburljivih besedil do oblikovanja privla\u010dnih enkratnih bro\u0161ur, letakov, elektronskih sporo\u010dil ali klasi\u010dnih revij.<\/li>\n<li>Vsebina spletnih strani: od pisanja u\u010dinkovitih in fakti\u010dno to\u010dnih besedil do preverjanja \u010drkovanja in slovnice; imamo izredno izku\u0161ene uredni\u0161ke ekipe \u2013 novinarje in urednike \u2013, ki delajo lokalno in pokrivajo vse jezike sveta.<\/li>\n<li>E-novice (interne in zunanje): na\u0161i redno zaposleni in svobodnja\u0161ki novinarji ter uredniki iz Zdru\u017eenega kraljestva in od drugod po svetu vedo, kako napisati jedrnata besedila, ki pritegnejo zanimanje bralcev.<\/li>\n<li>Marketin\u0161ke bro\u0161ure: na\u0161e izku\u0161ene mednarodne uredni\u0161ke ekipe ustvarjajo u\u010dinkovita in popolnoma lokalizirana besedila. Verjamemo v zdru\u017eevanje internih zmogljivosti svojih strank z na\u0161imi specialisti\u010dnimi uredni\u0161kimi in proizvodnimi ve\u0161\u010dinami, da tako dose\u017eemo \u010dim vi\u0161jo kakovost pisane besede, in to znotraj prora\u010dunov strank.<\/li>\n<\/ul>\n<p><a href=\"http:\/\/www.globaleditorial.info\" target=\"_blank\">Obi\u0161\u010dite na\u0161e sestrsko podjetje Global Editorial za podrobnosti<\/a><\/p>\n<\/div>\n<\/div>\n","protected":false},"excerpt":{"rendered":"<p>UREDNI\u0160KE STORITVE Nadarjene uredni\u0161ke ekipe Global Listings zagotavljajo visokokakovostna, dinami\u010dna in u\u010dinkovita besedila v kateremkoli jeziku sveta. Z mednarodnimi televizijskimi mre\u017eami sodelujemo pri pisanju, urejanju in lektoriranju besedil, dokler niso popolna (vklju\u010dno z distribucijo), in pri tem se dr\u017eimo urnih, dnevnih, tedenskih, mese\u010dnih ali posebnih rokov, kakr\u0161ne zahtevajo na\u0161e stranke. Vsi na\u0161i pisci v Zdru\u017eenem [&hellip;]<\/p>\n","protected":false},"author":1,"featured_media":0,"parent":0,"menu_order":137,"comment_status":"closed","ping_status":"closed","template":"page-editorial.php","meta":{"_acf_changed":false,"cybocfi_hide_featured_image":"","footnotes":""},"class_list":["post-6664","page","type-page","status-publish","hentry"],"acf":[],"aioseo_notices":[],"yoast_head":"<!-- This site is optimized with the Yoast SEO plugin v27.4 - https:\/\/yoast.com\/product\/yoast-seo-wordpress\/ -->\n<title>Uredni\u0161ke storitve - Global Listings<\/title>\n<meta name=\"robots\" content=\"index, follow, max-snippet:-1, max-image-preview:large, max-video-preview:-1\" \/>\n<link rel=\"canonical\" href=\"https:\/\/www.globallistings.info\/sl\/uredniske-storitve\/\" \/>\n<meta property=\"og:locale\" content=\"sl_SI\" \/>\n<meta property=\"og:type\" content=\"article\" \/>\n<meta property=\"og:title\" content=\"Uredni\u0161ke storitve - Global Listings\" \/>\n<meta property=\"og:description\" content=\"UREDNI\u0160KE STORITVE Nadarjene uredni\u0161ke ekipe Global Listings zagotavljajo visokokakovostna, dinami\u010dna in u\u010dinkovita besedila v kateremkoli jeziku sveta. Z mednarodnimi televizijskimi mre\u017eami sodelujemo pri pisanju, urejanju in lektoriranju besedil, dokler niso popolna (vklju\u010dno z distribucijo), in pri tem se dr\u017eimo urnih, dnevnih, tedenskih, mese\u010dnih ali posebnih rokov, kakr\u0161ne zahtevajo na\u0161e stranke. Vsi na\u0161i pisci v Zdru\u017eenem [&hellip;]\" \/>\n<meta property=\"og:url\" content=\"https:\/\/www.globallistings.info\/sl\/uredniske-storitve\/\" \/>\n<meta property=\"og:site_name\" content=\"Global Listings\" \/>\n<meta property=\"article:modified_time\" content=\"2018-01-02T18:01:44+00:00\" \/>\n<meta property=\"og:image\" content=\"http:\/\/globallistings.info\/app\/uploads\/2017\/01\/editorialcircbig.png\" \/>\n<meta name=\"twitter:card\" content=\"summary_large_image\" \/>\n<meta name=\"twitter:label1\" content=\"Est. reading time\" \/>\n\t<meta name=\"twitter:data1\" content=\"2 minutes\" \/>\n<script type=\"application\/ld+json\" class=\"yoast-schema-graph\">{\"@context\":\"https:\\\/\\\/schema.org\",\"@graph\":[{\"@type\":\"WebPage\",\"@id\":\"https:\\\/\\\/www.globallistings.info\\\/sl\\\/uredniske-storitve\\\/\",\"url\":\"https:\\\/\\\/www.globallistings.info\\\/sl\\\/uredniske-storitve\\\/\",\"name\":\"Uredni\u0161ke storitve - Global Listings\",\"isPartOf\":{\"@id\":\"https:\\\/\\\/www.globallistings.info\\\/ar\\\/#website\"},\"primaryImageOfPage\":{\"@id\":\"https:\\\/\\\/www.globallistings.info\\\/sl\\\/uredniske-storitve\\\/#primaryimage\"},\"image\":{\"@id\":\"https:\\\/\\\/www.globallistings.info\\\/sl\\\/uredniske-storitve\\\/#primaryimage\"},\"thumbnailUrl\":\"http:\\\/\\\/globallistings.info\\\/app\\\/uploads\\\/2017\\\/01\\\/editorialcircbig.png\",\"datePublished\":\"2017-03-08T06:40:46+00:00\",\"dateModified\":\"2018-01-02T18:01:44+00:00\",\"breadcrumb\":{\"@id\":\"https:\\\/\\\/www.globallistings.info\\\/sl\\\/uredniske-storitve\\\/#breadcrumb\"},\"inLanguage\":\"sl-SI\",\"potentialAction\":[{\"@type\":\"ReadAction\",\"target\":[\"https:\\\/\\\/www.globallistings.info\\\/sl\\\/uredniske-storitve\\\/\"]}]},{\"@type\":\"ImageObject\",\"inLanguage\":\"sl-SI\",\"@id\":\"https:\\\/\\\/www.globallistings.info\\\/sl\\\/uredniske-storitve\\\/#primaryimage\",\"url\":\"http:\\\/\\\/globallistings.info\\\/app\\\/uploads\\\/2017\\\/01\\\/editorialcircbig.png\",\"contentUrl\":\"http:\\\/\\\/globallistings.info\\\/app\\\/uploads\\\/2017\\\/01\\\/editorialcircbig.png\"},{\"@type\":\"BreadcrumbList\",\"@id\":\"https:\\\/\\\/www.globallistings.info\\\/sl\\\/uredniske-storitve\\\/#breadcrumb\",\"itemListElement\":[{\"@type\":\"ListItem\",\"position\":1,\"name\":\"Home\",\"item\":\"https:\\\/\\\/www.globallistings.info\\\/sl\\\/\"},{\"@type\":\"ListItem\",\"position\":2,\"name\":\"Uredni\u0161ke storitve\"}]},{\"@type\":\"WebSite\",\"@id\":\"https:\\\/\\\/www.globallistings.info\\\/ar\\\/#website\",\"url\":\"https:\\\/\\\/www.globallistings.info\\\/ar\\\/\",\"name\":\"Global Listings\",\"description\":\"\",\"potentialAction\":[{\"@type\":\"SearchAction\",\"target\":{\"@type\":\"EntryPoint\",\"urlTemplate\":\"https:\\\/\\\/www.globallistings.info\\\/ar\\\/?s={search_term_string}\"},\"query-input\":{\"@type\":\"PropertyValueSpecification\",\"valueRequired\":true,\"valueName\":\"search_term_string\"}}],\"inLanguage\":\"sl-SI\"}]}<\/script>\n<!-- \/ Yoast SEO plugin. -->","yoast_head_json":{"title":"Uredni\u0161ke storitve - Global Listings","robots":{"index":"index","follow":"follow","max-snippet":"max-snippet:-1","max-image-preview":"max-image-preview:large","max-video-preview":"max-video-preview:-1"},"canonical":"https:\/\/www.globallistings.info\/sl\/uredniske-storitve\/","og_locale":"sl_SI","og_type":"article","og_title":"Uredni\u0161ke storitve - Global Listings","og_description":"UREDNI\u0160KE STORITVE Nadarjene uredni\u0161ke ekipe Global Listings zagotavljajo visokokakovostna, dinami\u010dna in u\u010dinkovita besedila v kateremkoli jeziku sveta. Z mednarodnimi televizijskimi mre\u017eami sodelujemo pri pisanju, urejanju in lektoriranju besedil, dokler niso popolna (vklju\u010dno z distribucijo), in pri tem se dr\u017eimo urnih, dnevnih, tedenskih, mese\u010dnih ali posebnih rokov, kakr\u0161ne zahtevajo na\u0161e stranke. Vsi na\u0161i pisci v Zdru\u017eenem [&hellip;]","og_url":"https:\/\/www.globallistings.info\/sl\/uredniske-storitve\/","og_site_name":"Global Listings","article_modified_time":"2018-01-02T18:01:44+00:00","og_image":[{"url":"http:\/\/globallistings.info\/app\/uploads\/2017\/01\/editorialcircbig.png","type":"","width":"","height":""}],"twitter_card":"summary_large_image","twitter_misc":{"Est. reading time":"2 minutes"},"schema":{"@context":"https:\/\/schema.org","@graph":[{"@type":"WebPage","@id":"https:\/\/www.globallistings.info\/sl\/uredniske-storitve\/","url":"https:\/\/www.globallistings.info\/sl\/uredniske-storitve\/","name":"Uredni\u0161ke storitve - Global Listings","isPartOf":{"@id":"https:\/\/www.globallistings.info\/ar\/#website"},"primaryImageOfPage":{"@id":"https:\/\/www.globallistings.info\/sl\/uredniske-storitve\/#primaryimage"},"image":{"@id":"https:\/\/www.globallistings.info\/sl\/uredniske-storitve\/#primaryimage"},"thumbnailUrl":"http:\/\/globallistings.info\/app\/uploads\/2017\/01\/editorialcircbig.png","datePublished":"2017-03-08T06:40:46+00:00","dateModified":"2018-01-02T18:01:44+00:00","breadcrumb":{"@id":"https:\/\/www.globallistings.info\/sl\/uredniske-storitve\/#breadcrumb"},"inLanguage":"sl-SI","potentialAction":[{"@type":"ReadAction","target":["https:\/\/www.globallistings.info\/sl\/uredniske-storitve\/"]}]},{"@type":"ImageObject","inLanguage":"sl-SI","@id":"https:\/\/www.globallistings.info\/sl\/uredniske-storitve\/#primaryimage","url":"http:\/\/globallistings.info\/app\/uploads\/2017\/01\/editorialcircbig.png","contentUrl":"http:\/\/globallistings.info\/app\/uploads\/2017\/01\/editorialcircbig.png"},{"@type":"BreadcrumbList","@id":"https:\/\/www.globallistings.info\/sl\/uredniske-storitve\/#breadcrumb","itemListElement":[{"@type":"ListItem","position":1,"name":"Home","item":"https:\/\/www.globallistings.info\/sl\/"},{"@type":"ListItem","position":2,"name":"Uredni\u0161ke storitve"}]},{"@type":"WebSite","@id":"https:\/\/www.globallistings.info\/ar\/#website","url":"https:\/\/www.globallistings.info\/ar\/","name":"Global Listings","description":"","potentialAction":[{"@type":"SearchAction","target":{"@type":"EntryPoint","urlTemplate":"https:\/\/www.globallistings.info\/ar\/?s={search_term_string}"},"query-input":{"@type":"PropertyValueSpecification","valueRequired":true,"valueName":"search_term_string"}}],"inLanguage":"sl-SI"}]}},"_links":{"self":[{"href":"https:\/\/www.globallistings.info\/sl\/wp-json\/wp\/v2\/pages\/6664","targetHints":{"allow":["GET"]}}],"collection":[{"href":"https:\/\/www.globallistings.info\/sl\/wp-json\/wp\/v2\/pages"}],"about":[{"href":"https:\/\/www.globallistings.info\/sl\/wp-json\/wp\/v2\/types\/page"}],"author":[{"embeddable":true,"href":"https:\/\/www.globallistings.info\/sl\/wp-json\/wp\/v2\/users\/1"}],"replies":[{"embeddable":true,"href":"https:\/\/www.globallistings.info\/sl\/wp-json\/wp\/v2\/comments?post=6664"}],"version-history":[{"count":0,"href":"https:\/\/www.globallistings.info\/sl\/wp-json\/wp\/v2\/pages\/6664\/revisions"}],"wp:attachment":[{"href":"https:\/\/www.globallistings.info\/sl\/wp-json\/wp\/v2\/media?parent=6664"}],"curies":[{"name":"wp","href":"https:\/\/api.w.org\/{rel}","templated":true}]}}