{"id":6744,"date":"2017-03-08T08:26:30","date_gmt":"2017-03-08T08:26:30","guid":{"rendered":"http:\/\/www.globallistings.info\/sl\/globalna-distribucija\/"},"modified":"2017-04-12T18:05:27","modified_gmt":"2017-04-12T18:05:27","slug":"globalna-distribucija","status":"publish","type":"page","link":"https:\/\/www.globallistings.info\/sl\/globalna-distribucija\/","title":{"rendered":"Globalna distribucija"},"content":{"rendered":"<div class=\"col-4\">\n<p><img decoding=\"async\" class=\"img-circle img-responsive\" src=\"http:\/\/globallistings.info\/app\/uploads\/2017\/02\/hand.png\" alt=\"content-photo\" \/><\/p>\n<p class=\"content\">GLOBALNA DISTRIBUCIJA<\/p>\n<\/div>\n<div class=\"col-8\">\n<div class=\"content\">\n<p>Global Listings ve, da imate lahko najbolj\u0161o vsebino na svetu, a \u010de te vsebine ne sporo\u010dite pravim ljudem ob pravem \u010dasu, ne boste dobili medijske pokritosti, kakr\u0161no si va\u0161 program zaslu\u017ei.<\/p>\n<p>Hitro lahko izdelamo usmerjene, posodobljene distribucijske sezname (po dr\u017eavah), da distribuiramo va\u0161o programsko vsebino pravim ljudem, pravo\u010dasno in vedno.<\/p>\n<p>Na\u0161e izku\u0161nje na tem podro\u010dju, skupaj z na\u0161im dostopom do podatkovne baze kontaktov vodilnih medijev na trgu, pomenijo, da lahko svojim strankam ponudimo neprekosljivo storitev distribucije po elektronski po\u0161ti.<\/p>\n<p>Z uporabo na\u0161e osrednje podatkovne baze in poznavanja globalnih medijskih rokov za televizijske sporede, programske TV izbore in druge materiale, s pritiskom na tipko dostavimo programsko vsebino televizijske hi\u0161e pravo\u010dasno in natanko tja, kamor mora priti.<\/p>\n<p>Ne le, da lahko izdelamo popolne, usmerjene distribucijske sezname za elektronsko po\u0161to za katerokoli obmo\u010dje na svetu, poskrbimo lahko tudi za pregled in oceno obstoje\u010dih seznamov elektronske po\u0161te svojih strank, da tako poskrbimo, da so vklju\u010dili vse pomembne medijske kontakte in vplivne\u017ee v doti\u010dni dr\u017eavi ali regiji.<\/p>\n<p>Ko je seznam enkrat dokon\u010dno oblikovan, z rednimi pregledi in novimi vnosi poskrbimo, da ni nikoli zastarel.<\/p>\n<\/div>\n<\/div>\n","protected":false},"excerpt":{"rendered":"<p>GLOBALNA DISTRIBUCIJA Global Listings ve, da imate lahko najbolj\u0161o vsebino na svetu, a \u010de te vsebine ne sporo\u010dite pravim ljudem ob pravem \u010dasu, ne boste dobili medijske pokritosti, kakr\u0161no si va\u0161 program zaslu\u017ei. Hitro lahko izdelamo usmerjene, posodobljene distribucijske sezname (po dr\u017eavah), da distribuiramo va\u0161o programsko vsebino pravim ljudem, pravo\u010dasno in vedno. Na\u0161e izku\u0161nje na [&hellip;]<\/p>\n","protected":false},"author":1,"featured_media":0,"parent":0,"menu_order":250,"comment_status":"closed","ping_status":"closed","template":"page-globaldistribution.php","meta":{"_acf_changed":false,"cybocfi_hide_featured_image":"","footnotes":""},"class_list":["post-6744","page","type-page","status-publish","hentry"],"acf":[],"aioseo_notices":[],"yoast_head":"<!-- This site is optimized with the Yoast SEO plugin v27.5 - https:\/\/yoast.com\/product\/yoast-seo-wordpress\/ -->\n<title>Globalna distribucija - Global Listings<\/title>\n<meta name=\"robots\" content=\"index, follow, max-snippet:-1, max-image-preview:large, max-video-preview:-1\" \/>\n<link rel=\"canonical\" href=\"https:\/\/www.globallistings.info\/sl\/globalna-distribucija\/\" \/>\n<meta property=\"og:locale\" content=\"sl_SI\" \/>\n<meta property=\"og:type\" content=\"article\" \/>\n<meta property=\"og:title\" content=\"Globalna distribucija - Global Listings\" \/>\n<meta property=\"og:description\" content=\"GLOBALNA DISTRIBUCIJA Global Listings ve, da imate lahko najbolj\u0161o vsebino na svetu, a \u010de te vsebine ne sporo\u010dite pravim ljudem ob pravem \u010dasu, ne boste dobili medijske pokritosti, kakr\u0161no si va\u0161 program zaslu\u017ei. Hitro lahko izdelamo usmerjene, posodobljene distribucijske sezname (po dr\u017eavah), da distribuiramo va\u0161o programsko vsebino pravim ljudem, pravo\u010dasno in vedno. Na\u0161e izku\u0161nje na [&hellip;]\" \/>\n<meta property=\"og:url\" content=\"https:\/\/www.globallistings.info\/sl\/globalna-distribucija\/\" \/>\n<meta property=\"og:site_name\" content=\"Global Listings\" \/>\n<meta property=\"article:modified_time\" content=\"2017-04-12T18:05:27+00:00\" \/>\n<meta property=\"og:image\" content=\"http:\/\/globallistings.info\/app\/uploads\/2017\/02\/hand.png\" \/>\n<meta name=\"twitter:card\" content=\"summary_large_image\" \/>\n<meta name=\"twitter:label1\" content=\"Est. reading time\" \/>\n\t<meta name=\"twitter:data1\" content=\"1 minute\" \/>\n<script type=\"application\/ld+json\" class=\"yoast-schema-graph\">{\"@context\":\"https:\\\/\\\/schema.org\",\"@graph\":[{\"@type\":\"WebPage\",\"@id\":\"https:\\\/\\\/www.globallistings.info\\\/sl\\\/globalna-distribucija\\\/\",\"url\":\"https:\\\/\\\/www.globallistings.info\\\/sl\\\/globalna-distribucija\\\/\",\"name\":\"Globalna distribucija - Global Listings\",\"isPartOf\":{\"@id\":\"https:\\\/\\\/www.globallistings.info\\\/ar\\\/#website\"},\"primaryImageOfPage\":{\"@id\":\"https:\\\/\\\/www.globallistings.info\\\/sl\\\/globalna-distribucija\\\/#primaryimage\"},\"image\":{\"@id\":\"https:\\\/\\\/www.globallistings.info\\\/sl\\\/globalna-distribucija\\\/#primaryimage\"},\"thumbnailUrl\":\"http:\\\/\\\/globallistings.info\\\/app\\\/uploads\\\/2017\\\/02\\\/hand.png\",\"datePublished\":\"2017-03-08T08:26:30+00:00\",\"dateModified\":\"2017-04-12T18:05:27+00:00\",\"breadcrumb\":{\"@id\":\"https:\\\/\\\/www.globallistings.info\\\/sl\\\/globalna-distribucija\\\/#breadcrumb\"},\"inLanguage\":\"sl-SI\",\"potentialAction\":[{\"@type\":\"ReadAction\",\"target\":[\"https:\\\/\\\/www.globallistings.info\\\/sl\\\/globalna-distribucija\\\/\"]}]},{\"@type\":\"ImageObject\",\"inLanguage\":\"sl-SI\",\"@id\":\"https:\\\/\\\/www.globallistings.info\\\/sl\\\/globalna-distribucija\\\/#primaryimage\",\"url\":\"http:\\\/\\\/globallistings.info\\\/app\\\/uploads\\\/2017\\\/02\\\/hand.png\",\"contentUrl\":\"http:\\\/\\\/globallistings.info\\\/app\\\/uploads\\\/2017\\\/02\\\/hand.png\"},{\"@type\":\"BreadcrumbList\",\"@id\":\"https:\\\/\\\/www.globallistings.info\\\/sl\\\/globalna-distribucija\\\/#breadcrumb\",\"itemListElement\":[{\"@type\":\"ListItem\",\"position\":1,\"name\":\"Home\",\"item\":\"https:\\\/\\\/www.globallistings.info\\\/sl\\\/\"},{\"@type\":\"ListItem\",\"position\":2,\"name\":\"Globalna distribucija\"}]},{\"@type\":\"WebSite\",\"@id\":\"https:\\\/\\\/www.globallistings.info\\\/ar\\\/#website\",\"url\":\"https:\\\/\\\/www.globallistings.info\\\/ar\\\/\",\"name\":\"Global Listings\",\"description\":\"\",\"potentialAction\":[{\"@type\":\"SearchAction\",\"target\":{\"@type\":\"EntryPoint\",\"urlTemplate\":\"https:\\\/\\\/www.globallistings.info\\\/ar\\\/?s={search_term_string}\"},\"query-input\":{\"@type\":\"PropertyValueSpecification\",\"valueRequired\":true,\"valueName\":\"search_term_string\"}}],\"inLanguage\":\"sl-SI\"}]}<\/script>\n<!-- \/ Yoast SEO plugin. -->","yoast_head_json":{"title":"Globalna distribucija - Global Listings","robots":{"index":"index","follow":"follow","max-snippet":"max-snippet:-1","max-image-preview":"max-image-preview:large","max-video-preview":"max-video-preview:-1"},"canonical":"https:\/\/www.globallistings.info\/sl\/globalna-distribucija\/","og_locale":"sl_SI","og_type":"article","og_title":"Globalna distribucija - Global Listings","og_description":"GLOBALNA DISTRIBUCIJA Global Listings ve, da imate lahko najbolj\u0161o vsebino na svetu, a \u010de te vsebine ne sporo\u010dite pravim ljudem ob pravem \u010dasu, ne boste dobili medijske pokritosti, kakr\u0161no si va\u0161 program zaslu\u017ei. Hitro lahko izdelamo usmerjene, posodobljene distribucijske sezname (po dr\u017eavah), da distribuiramo va\u0161o programsko vsebino pravim ljudem, pravo\u010dasno in vedno. Na\u0161e izku\u0161nje na [&hellip;]","og_url":"https:\/\/www.globallistings.info\/sl\/globalna-distribucija\/","og_site_name":"Global Listings","article_modified_time":"2017-04-12T18:05:27+00:00","og_image":[{"url":"http:\/\/globallistings.info\/app\/uploads\/2017\/02\/hand.png","type":"","width":"","height":""}],"twitter_card":"summary_large_image","twitter_misc":{"Est. reading time":"1 minute"},"schema":{"@context":"https:\/\/schema.org","@graph":[{"@type":"WebPage","@id":"https:\/\/www.globallistings.info\/sl\/globalna-distribucija\/","url":"https:\/\/www.globallistings.info\/sl\/globalna-distribucija\/","name":"Globalna distribucija - Global Listings","isPartOf":{"@id":"https:\/\/www.globallistings.info\/ar\/#website"},"primaryImageOfPage":{"@id":"https:\/\/www.globallistings.info\/sl\/globalna-distribucija\/#primaryimage"},"image":{"@id":"https:\/\/www.globallistings.info\/sl\/globalna-distribucija\/#primaryimage"},"thumbnailUrl":"http:\/\/globallistings.info\/app\/uploads\/2017\/02\/hand.png","datePublished":"2017-03-08T08:26:30+00:00","dateModified":"2017-04-12T18:05:27+00:00","breadcrumb":{"@id":"https:\/\/www.globallistings.info\/sl\/globalna-distribucija\/#breadcrumb"},"inLanguage":"sl-SI","potentialAction":[{"@type":"ReadAction","target":["https:\/\/www.globallistings.info\/sl\/globalna-distribucija\/"]}]},{"@type":"ImageObject","inLanguage":"sl-SI","@id":"https:\/\/www.globallistings.info\/sl\/globalna-distribucija\/#primaryimage","url":"http:\/\/globallistings.info\/app\/uploads\/2017\/02\/hand.png","contentUrl":"http:\/\/globallistings.info\/app\/uploads\/2017\/02\/hand.png"},{"@type":"BreadcrumbList","@id":"https:\/\/www.globallistings.info\/sl\/globalna-distribucija\/#breadcrumb","itemListElement":[{"@type":"ListItem","position":1,"name":"Home","item":"https:\/\/www.globallistings.info\/sl\/"},{"@type":"ListItem","position":2,"name":"Globalna distribucija"}]},{"@type":"WebSite","@id":"https:\/\/www.globallistings.info\/ar\/#website","url":"https:\/\/www.globallistings.info\/ar\/","name":"Global Listings","description":"","potentialAction":[{"@type":"SearchAction","target":{"@type":"EntryPoint","urlTemplate":"https:\/\/www.globallistings.info\/ar\/?s={search_term_string}"},"query-input":{"@type":"PropertyValueSpecification","valueRequired":true,"valueName":"search_term_string"}}],"inLanguage":"sl-SI"}]}},"_links":{"self":[{"href":"https:\/\/www.globallistings.info\/sl\/wp-json\/wp\/v2\/pages\/6744","targetHints":{"allow":["GET"]}}],"collection":[{"href":"https:\/\/www.globallistings.info\/sl\/wp-json\/wp\/v2\/pages"}],"about":[{"href":"https:\/\/www.globallistings.info\/sl\/wp-json\/wp\/v2\/types\/page"}],"author":[{"embeddable":true,"href":"https:\/\/www.globallistings.info\/sl\/wp-json\/wp\/v2\/users\/1"}],"replies":[{"embeddable":true,"href":"https:\/\/www.globallistings.info\/sl\/wp-json\/wp\/v2\/comments?post=6744"}],"version-history":[{"count":0,"href":"https:\/\/www.globallistings.info\/sl\/wp-json\/wp\/v2\/pages\/6744\/revisions"}],"wp:attachment":[{"href":"https:\/\/www.globallistings.info\/sl\/wp-json\/wp\/v2\/media?parent=6744"}],"curies":[{"name":"wp","href":"https:\/\/api.w.org\/{rel}","templated":true}]}}