{"id":6746,"date":"2017-03-08T08:43:23","date_gmt":"2017-03-08T08:43:23","guid":{"rendered":"http:\/\/www.globallistings.info\/sl\/monitoring-medijev\/"},"modified":"2018-01-02T18:10:58","modified_gmt":"2018-01-02T18:10:58","slug":"monitoring-medijev","status":"publish","type":"page","link":"https:\/\/www.globallistings.info\/sl\/monitoring-medijev\/","title":{"rendered":"Monitoring medijev"},"content":{"rendered":"<div class=\"col-4\">\n<p><img decoding=\"async\" class=\"img-circle img-responsive\" src=\"http:\/\/globallistings.info\/app\/uploads\/2017\/01\/gl.png\" \/><\/p>\n<p class=\"content\">MONITORING MEDIJEV<\/p>\n<\/div>\n<div class=\"col-8\">\n<div class=\"content\">\n<p>S svojim strate\u0161kim partnerjem spremljamo milijone virov dru\u017ebenih medijev, spletnih novic in osrednjih medijev, da tako svojim strankam pomagamo spremljati njihovo globalno medijsko pokritost.<\/p>\n<p>Zagotavljamo celostno storitev medijskega monitoringa, ki na\u0161im strankam ponuja popoln pregled njihove globalne medijske pokritosti za vsako medijsko in marketin\u0161ko dejavnost \u2013 zajemamo tiskane medije, splet in dru\u017ebene medije.<\/p>\n<p>Storitev spremlja 400.000 mednarodnih virov novic in milijone tokov dru\u017ebenih medijev, vklju\u010dno s Twitterjem.<\/p>\n<p>Ekipa 75 globalnih raziskovalcev skrbi, da je osrednja podatkovna baza stalno posodobljena \u2013 tako na\u0161e stranke vedo, da prejemajo najnatan\u010dnej\u0161e mo\u017ene podatke.<\/p>\n<p>Poro\u010dila o monitoringu lahko izdelamo za lansiranje klju\u010dnih programov, nove serije, posebne dogodke in premiere in so lahko prilagojena specifi\u010dnim zahtevam, na primer lansiranju kanala na novem podro\u010dju, tematski sezoni posebnega programa ali celo imenu posameznega voditelja.<\/p>\n<\/div>\n<\/div>\n","protected":false},"excerpt":{"rendered":"<p>MONITORING MEDIJEV S svojim strate\u0161kim partnerjem spremljamo milijone virov dru\u017ebenih medijev, spletnih novic in osrednjih medijev, da tako svojim strankam pomagamo spremljati njihovo globalno medijsko pokritost. Zagotavljamo celostno storitev medijskega monitoringa, ki na\u0161im strankam ponuja popoln pregled njihove globalne medijske pokritosti za vsako medijsko in marketin\u0161ko dejavnost \u2013 zajemamo tiskane medije, splet in dru\u017ebene medije. [&hellip;]<\/p>\n","protected":false},"author":1,"featured_media":0,"parent":0,"menu_order":321,"comment_status":"closed","ping_status":"closed","template":"page-mediamonitoring.php","meta":{"_acf_changed":false,"cybocfi_hide_featured_image":"","footnotes":""},"class_list":["post-6746","page","type-page","status-publish","hentry"],"acf":[],"aioseo_notices":[],"yoast_head":"<!-- This site is optimized with the Yoast SEO plugin v27.3 - https:\/\/yoast.com\/product\/yoast-seo-wordpress\/ -->\n<title>Monitoring medijev - Global Listings<\/title>\n<meta name=\"robots\" content=\"index, follow, max-snippet:-1, max-image-preview:large, max-video-preview:-1\" \/>\n<link rel=\"canonical\" href=\"https:\/\/www.globallistings.info\/sl\/monitoring-medijev\/\" \/>\n<meta property=\"og:locale\" content=\"sl_SI\" \/>\n<meta property=\"og:type\" content=\"article\" \/>\n<meta property=\"og:title\" content=\"Monitoring medijev - Global Listings\" \/>\n<meta property=\"og:description\" content=\"MONITORING MEDIJEV S svojim strate\u0161kim partnerjem spremljamo milijone virov dru\u017ebenih medijev, spletnih novic in osrednjih medijev, da tako svojim strankam pomagamo spremljati njihovo globalno medijsko pokritost. Zagotavljamo celostno storitev medijskega monitoringa, ki na\u0161im strankam ponuja popoln pregled njihove globalne medijske pokritosti za vsako medijsko in marketin\u0161ko dejavnost \u2013 zajemamo tiskane medije, splet in dru\u017ebene medije. [&hellip;]\" \/>\n<meta property=\"og:url\" content=\"https:\/\/www.globallistings.info\/sl\/monitoring-medijev\/\" \/>\n<meta property=\"og:site_name\" content=\"Global Listings\" \/>\n<meta property=\"article:modified_time\" content=\"2018-01-02T18:10:58+00:00\" \/>\n<meta property=\"og:image\" content=\"http:\/\/globallistings.info\/app\/uploads\/2017\/01\/gl.png\" \/>\n<meta name=\"twitter:card\" content=\"summary_large_image\" \/>\n<meta name=\"twitter:label1\" content=\"Est. reading time\" \/>\n\t<meta name=\"twitter:data1\" content=\"1 minute\" \/>\n<script type=\"application\/ld+json\" class=\"yoast-schema-graph\">{\"@context\":\"https:\\\/\\\/schema.org\",\"@graph\":[{\"@type\":\"WebPage\",\"@id\":\"https:\\\/\\\/www.globallistings.info\\\/sl\\\/monitoring-medijev\\\/\",\"url\":\"https:\\\/\\\/www.globallistings.info\\\/sl\\\/monitoring-medijev\\\/\",\"name\":\"Monitoring medijev - Global Listings\",\"isPartOf\":{\"@id\":\"https:\\\/\\\/www.globallistings.info\\\/ar\\\/#website\"},\"primaryImageOfPage\":{\"@id\":\"https:\\\/\\\/www.globallistings.info\\\/sl\\\/monitoring-medijev\\\/#primaryimage\"},\"image\":{\"@id\":\"https:\\\/\\\/www.globallistings.info\\\/sl\\\/monitoring-medijev\\\/#primaryimage\"},\"thumbnailUrl\":\"http:\\\/\\\/globallistings.info\\\/app\\\/uploads\\\/2017\\\/01\\\/gl.png\",\"datePublished\":\"2017-03-08T08:43:23+00:00\",\"dateModified\":\"2018-01-02T18:10:58+00:00\",\"breadcrumb\":{\"@id\":\"https:\\\/\\\/www.globallistings.info\\\/sl\\\/monitoring-medijev\\\/#breadcrumb\"},\"inLanguage\":\"sl-SI\",\"potentialAction\":[{\"@type\":\"ReadAction\",\"target\":[\"https:\\\/\\\/www.globallistings.info\\\/sl\\\/monitoring-medijev\\\/\"]}]},{\"@type\":\"ImageObject\",\"inLanguage\":\"sl-SI\",\"@id\":\"https:\\\/\\\/www.globallistings.info\\\/sl\\\/monitoring-medijev\\\/#primaryimage\",\"url\":\"http:\\\/\\\/globallistings.info\\\/app\\\/uploads\\\/2017\\\/01\\\/gl.png\",\"contentUrl\":\"http:\\\/\\\/globallistings.info\\\/app\\\/uploads\\\/2017\\\/01\\\/gl.png\"},{\"@type\":\"BreadcrumbList\",\"@id\":\"https:\\\/\\\/www.globallistings.info\\\/sl\\\/monitoring-medijev\\\/#breadcrumb\",\"itemListElement\":[{\"@type\":\"ListItem\",\"position\":1,\"name\":\"Home\",\"item\":\"https:\\\/\\\/www.globallistings.info\\\/sl\\\/\"},{\"@type\":\"ListItem\",\"position\":2,\"name\":\"Monitoring medijev\"}]},{\"@type\":\"WebSite\",\"@id\":\"https:\\\/\\\/www.globallistings.info\\\/ar\\\/#website\",\"url\":\"https:\\\/\\\/www.globallistings.info\\\/ar\\\/\",\"name\":\"Global Listings\",\"description\":\"\",\"potentialAction\":[{\"@type\":\"SearchAction\",\"target\":{\"@type\":\"EntryPoint\",\"urlTemplate\":\"https:\\\/\\\/www.globallistings.info\\\/ar\\\/?s={search_term_string}\"},\"query-input\":{\"@type\":\"PropertyValueSpecification\",\"valueRequired\":true,\"valueName\":\"search_term_string\"}}],\"inLanguage\":\"sl-SI\"}]}<\/script>\n<!-- \/ Yoast SEO plugin. -->","yoast_head_json":{"title":"Monitoring medijev - Global Listings","robots":{"index":"index","follow":"follow","max-snippet":"max-snippet:-1","max-image-preview":"max-image-preview:large","max-video-preview":"max-video-preview:-1"},"canonical":"https:\/\/www.globallistings.info\/sl\/monitoring-medijev\/","og_locale":"sl_SI","og_type":"article","og_title":"Monitoring medijev - Global Listings","og_description":"MONITORING MEDIJEV S svojim strate\u0161kim partnerjem spremljamo milijone virov dru\u017ebenih medijev, spletnih novic in osrednjih medijev, da tako svojim strankam pomagamo spremljati njihovo globalno medijsko pokritost. Zagotavljamo celostno storitev medijskega monitoringa, ki na\u0161im strankam ponuja popoln pregled njihove globalne medijske pokritosti za vsako medijsko in marketin\u0161ko dejavnost \u2013 zajemamo tiskane medije, splet in dru\u017ebene medije. [&hellip;]","og_url":"https:\/\/www.globallistings.info\/sl\/monitoring-medijev\/","og_site_name":"Global Listings","article_modified_time":"2018-01-02T18:10:58+00:00","og_image":[{"url":"http:\/\/globallistings.info\/app\/uploads\/2017\/01\/gl.png","type":"","width":"","height":""}],"twitter_card":"summary_large_image","twitter_misc":{"Est. reading time":"1 minute"},"schema":{"@context":"https:\/\/schema.org","@graph":[{"@type":"WebPage","@id":"https:\/\/www.globallistings.info\/sl\/monitoring-medijev\/","url":"https:\/\/www.globallistings.info\/sl\/monitoring-medijev\/","name":"Monitoring medijev - Global Listings","isPartOf":{"@id":"https:\/\/www.globallistings.info\/ar\/#website"},"primaryImageOfPage":{"@id":"https:\/\/www.globallistings.info\/sl\/monitoring-medijev\/#primaryimage"},"image":{"@id":"https:\/\/www.globallistings.info\/sl\/monitoring-medijev\/#primaryimage"},"thumbnailUrl":"http:\/\/globallistings.info\/app\/uploads\/2017\/01\/gl.png","datePublished":"2017-03-08T08:43:23+00:00","dateModified":"2018-01-02T18:10:58+00:00","breadcrumb":{"@id":"https:\/\/www.globallistings.info\/sl\/monitoring-medijev\/#breadcrumb"},"inLanguage":"sl-SI","potentialAction":[{"@type":"ReadAction","target":["https:\/\/www.globallistings.info\/sl\/monitoring-medijev\/"]}]},{"@type":"ImageObject","inLanguage":"sl-SI","@id":"https:\/\/www.globallistings.info\/sl\/monitoring-medijev\/#primaryimage","url":"http:\/\/globallistings.info\/app\/uploads\/2017\/01\/gl.png","contentUrl":"http:\/\/globallistings.info\/app\/uploads\/2017\/01\/gl.png"},{"@type":"BreadcrumbList","@id":"https:\/\/www.globallistings.info\/sl\/monitoring-medijev\/#breadcrumb","itemListElement":[{"@type":"ListItem","position":1,"name":"Home","item":"https:\/\/www.globallistings.info\/sl\/"},{"@type":"ListItem","position":2,"name":"Monitoring medijev"}]},{"@type":"WebSite","@id":"https:\/\/www.globallistings.info\/ar\/#website","url":"https:\/\/www.globallistings.info\/ar\/","name":"Global Listings","description":"","potentialAction":[{"@type":"SearchAction","target":{"@type":"EntryPoint","urlTemplate":"https:\/\/www.globallistings.info\/ar\/?s={search_term_string}"},"query-input":{"@type":"PropertyValueSpecification","valueRequired":true,"valueName":"search_term_string"}}],"inLanguage":"sl-SI"}]}},"_links":{"self":[{"href":"https:\/\/www.globallistings.info\/sl\/wp-json\/wp\/v2\/pages\/6746","targetHints":{"allow":["GET"]}}],"collection":[{"href":"https:\/\/www.globallistings.info\/sl\/wp-json\/wp\/v2\/pages"}],"about":[{"href":"https:\/\/www.globallistings.info\/sl\/wp-json\/wp\/v2\/types\/page"}],"author":[{"embeddable":true,"href":"https:\/\/www.globallistings.info\/sl\/wp-json\/wp\/v2\/users\/1"}],"replies":[{"embeddable":true,"href":"https:\/\/www.globallistings.info\/sl\/wp-json\/wp\/v2\/comments?post=6746"}],"version-history":[{"count":0,"href":"https:\/\/www.globallistings.info\/sl\/wp-json\/wp\/v2\/pages\/6746\/revisions"}],"wp:attachment":[{"href":"https:\/\/www.globallistings.info\/sl\/wp-json\/wp\/v2\/media?parent=6746"}],"curies":[{"name":"wp","href":"https:\/\/api.w.org\/{rel}","templated":true}]}}