{"id":6747,"date":"2017-03-08T08:57:41","date_gmt":"2017-03-08T08:57:41","guid":{"rendered":"http:\/\/www.globallistings.info\/sl\/druzbeni-mediji\/"},"modified":"2018-01-02T18:09:15","modified_gmt":"2018-01-02T18:09:15","slug":"druzbeni-mediji","status":"publish","type":"page","link":"https:\/\/www.globallistings.info\/sl\/druzbeni-mediji\/","title":{"rendered":"Dru\u017ebeni mediji"},"content":{"rendered":"<div class=\"col-4\">\n<p><img decoding=\"async\" class=\"img-circle img-responsive\" src=\"http:\/\/globallistings.info\/app\/uploads\/2017\/01\/sm.png\" alt=\"\" \/><\/p>\n<p class=\"content\">DRU\u017dBENI MEDIJI<\/p>\n<\/div>\n<div class=\"col-8\">\n<div class=\"content\">\n<p>Na\u0161e nadarjene ekipe \u2013 v Zdru\u017eenem kraljestvu in drugje po svetu \u2013 so strokovnjaki za ustvarjanje metapodatkov za razvedrilni program, ki so dostavljeni televizijskim gledalcem po vsem svetu.<\/p>\n<p>Na\u0161 sistem COPE (Create Once, Publish Everywhere) omogo\u010da na\u0161im televizijskim strankam, da maksimalno izkoristijo u\u010dinkovitost metapodatkov in slikovnega materiala, ki jih ustvarjamo in upravljamo v njihovem imenu.<\/p>\n<p>S pomo\u010djo COPE lahko Global Listings preoblikuje podatke in slike za razli\u010dne platforme in kon\u010dne uporabnike, od internetnih strani do platform za videe na zahtevo, in isto\u010dasno ohranja neprekosljiv nivo doslednosti in kakovosti.<\/p>\n<p>To pomeni, da lahko tokovom dru\u017ebenih medijev svojih strank, od Facebooka in Twitterja do Instagrama in Snapchata, dodamo vrednost z zagotavljanjem sporo\u010dil in podob, ki odsevajo njihovo blagovno znamko, in z vklju\u010devanjem najnovej\u0161ih podrobnosti sporedov. Televizijskim hi\u0161am tako nudimo najve\u010dji izkoristek podatkov, ki smo jih zanje \u017ee ustvarili.<\/p>\n<\/div>\n<\/div>\n","protected":false},"excerpt":{"rendered":"<p>DRU\u017dBENI MEDIJI Na\u0161e nadarjene ekipe \u2013 v Zdru\u017eenem kraljestvu in drugje po svetu \u2013 so strokovnjaki za ustvarjanje metapodatkov za razvedrilni program, ki so dostavljeni televizijskim gledalcem po vsem svetu. Na\u0161 sistem COPE (Create Once, Publish Everywhere) omogo\u010da na\u0161im televizijskim strankam, da maksimalno izkoristijo u\u010dinkovitost metapodatkov in slikovnega materiala, ki jih ustvarjamo in upravljamo v [&hellip;]<\/p>\n","protected":false},"author":1,"featured_media":0,"parent":0,"menu_order":442,"comment_status":"closed","ping_status":"closed","template":"page-epgs.php","meta":{"_acf_changed":false,"cybocfi_hide_featured_image":"","footnotes":""},"class_list":["post-6747","page","type-page","status-publish","hentry"],"acf":[],"aioseo_notices":[],"yoast_head":"<!-- This site is optimized with the Yoast SEO plugin v27.5 - https:\/\/yoast.com\/product\/yoast-seo-wordpress\/ -->\n<title>Dru\u017ebeni mediji - Global Listings<\/title>\n<meta name=\"robots\" content=\"index, follow, max-snippet:-1, max-image-preview:large, max-video-preview:-1\" \/>\n<link rel=\"canonical\" href=\"https:\/\/www.globallistings.info\/sl\/druzbeni-mediji\/\" \/>\n<meta property=\"og:locale\" content=\"sl_SI\" \/>\n<meta property=\"og:type\" content=\"article\" \/>\n<meta property=\"og:title\" content=\"Dru\u017ebeni mediji - Global Listings\" \/>\n<meta property=\"og:description\" content=\"DRU\u017dBENI MEDIJI Na\u0161e nadarjene ekipe \u2013 v Zdru\u017eenem kraljestvu in drugje po svetu \u2013 so strokovnjaki za ustvarjanje metapodatkov za razvedrilni program, ki so dostavljeni televizijskim gledalcem po vsem svetu. Na\u0161 sistem COPE (Create Once, Publish Everywhere) omogo\u010da na\u0161im televizijskim strankam, da maksimalno izkoristijo u\u010dinkovitost metapodatkov in slikovnega materiala, ki jih ustvarjamo in upravljamo v [&hellip;]\" \/>\n<meta property=\"og:url\" content=\"https:\/\/www.globallistings.info\/sl\/druzbeni-mediji\/\" \/>\n<meta property=\"og:site_name\" content=\"Global Listings\" \/>\n<meta property=\"article:modified_time\" content=\"2018-01-02T18:09:15+00:00\" \/>\n<meta property=\"og:image\" content=\"http:\/\/globallistings.info\/app\/uploads\/2017\/01\/sm.png\" \/>\n<meta name=\"twitter:card\" content=\"summary_large_image\" \/>\n<meta name=\"twitter:label1\" content=\"Est. reading time\" \/>\n\t<meta name=\"twitter:data1\" content=\"1 minute\" \/>\n<script type=\"application\/ld+json\" class=\"yoast-schema-graph\">{\"@context\":\"https:\\\/\\\/schema.org\",\"@graph\":[{\"@type\":\"WebPage\",\"@id\":\"https:\\\/\\\/www.globallistings.info\\\/sl\\\/druzbeni-mediji\\\/\",\"url\":\"https:\\\/\\\/www.globallistings.info\\\/sl\\\/druzbeni-mediji\\\/\",\"name\":\"Dru\u017ebeni mediji - Global Listings\",\"isPartOf\":{\"@id\":\"https:\\\/\\\/www.globallistings.info\\\/ar\\\/#website\"},\"primaryImageOfPage\":{\"@id\":\"https:\\\/\\\/www.globallistings.info\\\/sl\\\/druzbeni-mediji\\\/#primaryimage\"},\"image\":{\"@id\":\"https:\\\/\\\/www.globallistings.info\\\/sl\\\/druzbeni-mediji\\\/#primaryimage\"},\"thumbnailUrl\":\"http:\\\/\\\/globallistings.info\\\/app\\\/uploads\\\/2017\\\/01\\\/sm.png\",\"datePublished\":\"2017-03-08T08:57:41+00:00\",\"dateModified\":\"2018-01-02T18:09:15+00:00\",\"breadcrumb\":{\"@id\":\"https:\\\/\\\/www.globallistings.info\\\/sl\\\/druzbeni-mediji\\\/#breadcrumb\"},\"inLanguage\":\"sl-SI\",\"potentialAction\":[{\"@type\":\"ReadAction\",\"target\":[\"https:\\\/\\\/www.globallistings.info\\\/sl\\\/druzbeni-mediji\\\/\"]}]},{\"@type\":\"ImageObject\",\"inLanguage\":\"sl-SI\",\"@id\":\"https:\\\/\\\/www.globallistings.info\\\/sl\\\/druzbeni-mediji\\\/#primaryimage\",\"url\":\"http:\\\/\\\/globallistings.info\\\/app\\\/uploads\\\/2017\\\/01\\\/sm.png\",\"contentUrl\":\"http:\\\/\\\/globallistings.info\\\/app\\\/uploads\\\/2017\\\/01\\\/sm.png\"},{\"@type\":\"BreadcrumbList\",\"@id\":\"https:\\\/\\\/www.globallistings.info\\\/sl\\\/druzbeni-mediji\\\/#breadcrumb\",\"itemListElement\":[{\"@type\":\"ListItem\",\"position\":1,\"name\":\"Home\",\"item\":\"https:\\\/\\\/www.globallistings.info\\\/sl\\\/\"},{\"@type\":\"ListItem\",\"position\":2,\"name\":\"Dru\u017ebeni mediji\"}]},{\"@type\":\"WebSite\",\"@id\":\"https:\\\/\\\/www.globallistings.info\\\/ar\\\/#website\",\"url\":\"https:\\\/\\\/www.globallistings.info\\\/ar\\\/\",\"name\":\"Global Listings\",\"description\":\"\",\"potentialAction\":[{\"@type\":\"SearchAction\",\"target\":{\"@type\":\"EntryPoint\",\"urlTemplate\":\"https:\\\/\\\/www.globallistings.info\\\/ar\\\/?s={search_term_string}\"},\"query-input\":{\"@type\":\"PropertyValueSpecification\",\"valueRequired\":true,\"valueName\":\"search_term_string\"}}],\"inLanguage\":\"sl-SI\"}]}<\/script>\n<!-- \/ Yoast SEO plugin. -->","yoast_head_json":{"title":"Dru\u017ebeni mediji - Global Listings","robots":{"index":"index","follow":"follow","max-snippet":"max-snippet:-1","max-image-preview":"max-image-preview:large","max-video-preview":"max-video-preview:-1"},"canonical":"https:\/\/www.globallistings.info\/sl\/druzbeni-mediji\/","og_locale":"sl_SI","og_type":"article","og_title":"Dru\u017ebeni mediji - Global Listings","og_description":"DRU\u017dBENI MEDIJI Na\u0161e nadarjene ekipe \u2013 v Zdru\u017eenem kraljestvu in drugje po svetu \u2013 so strokovnjaki za ustvarjanje metapodatkov za razvedrilni program, ki so dostavljeni televizijskim gledalcem po vsem svetu. Na\u0161 sistem COPE (Create Once, Publish Everywhere) omogo\u010da na\u0161im televizijskim strankam, da maksimalno izkoristijo u\u010dinkovitost metapodatkov in slikovnega materiala, ki jih ustvarjamo in upravljamo v [&hellip;]","og_url":"https:\/\/www.globallistings.info\/sl\/druzbeni-mediji\/","og_site_name":"Global Listings","article_modified_time":"2018-01-02T18:09:15+00:00","og_image":[{"url":"http:\/\/globallistings.info\/app\/uploads\/2017\/01\/sm.png","type":"","width":"","height":""}],"twitter_card":"summary_large_image","twitter_misc":{"Est. reading time":"1 minute"},"schema":{"@context":"https:\/\/schema.org","@graph":[{"@type":"WebPage","@id":"https:\/\/www.globallistings.info\/sl\/druzbeni-mediji\/","url":"https:\/\/www.globallistings.info\/sl\/druzbeni-mediji\/","name":"Dru\u017ebeni mediji - Global Listings","isPartOf":{"@id":"https:\/\/www.globallistings.info\/ar\/#website"},"primaryImageOfPage":{"@id":"https:\/\/www.globallistings.info\/sl\/druzbeni-mediji\/#primaryimage"},"image":{"@id":"https:\/\/www.globallistings.info\/sl\/druzbeni-mediji\/#primaryimage"},"thumbnailUrl":"http:\/\/globallistings.info\/app\/uploads\/2017\/01\/sm.png","datePublished":"2017-03-08T08:57:41+00:00","dateModified":"2018-01-02T18:09:15+00:00","breadcrumb":{"@id":"https:\/\/www.globallistings.info\/sl\/druzbeni-mediji\/#breadcrumb"},"inLanguage":"sl-SI","potentialAction":[{"@type":"ReadAction","target":["https:\/\/www.globallistings.info\/sl\/druzbeni-mediji\/"]}]},{"@type":"ImageObject","inLanguage":"sl-SI","@id":"https:\/\/www.globallistings.info\/sl\/druzbeni-mediji\/#primaryimage","url":"http:\/\/globallistings.info\/app\/uploads\/2017\/01\/sm.png","contentUrl":"http:\/\/globallistings.info\/app\/uploads\/2017\/01\/sm.png"},{"@type":"BreadcrumbList","@id":"https:\/\/www.globallistings.info\/sl\/druzbeni-mediji\/#breadcrumb","itemListElement":[{"@type":"ListItem","position":1,"name":"Home","item":"https:\/\/www.globallistings.info\/sl\/"},{"@type":"ListItem","position":2,"name":"Dru\u017ebeni mediji"}]},{"@type":"WebSite","@id":"https:\/\/www.globallistings.info\/ar\/#website","url":"https:\/\/www.globallistings.info\/ar\/","name":"Global Listings","description":"","potentialAction":[{"@type":"SearchAction","target":{"@type":"EntryPoint","urlTemplate":"https:\/\/www.globallistings.info\/ar\/?s={search_term_string}"},"query-input":{"@type":"PropertyValueSpecification","valueRequired":true,"valueName":"search_term_string"}}],"inLanguage":"sl-SI"}]}},"_links":{"self":[{"href":"https:\/\/www.globallistings.info\/sl\/wp-json\/wp\/v2\/pages\/6747","targetHints":{"allow":["GET"]}}],"collection":[{"href":"https:\/\/www.globallistings.info\/sl\/wp-json\/wp\/v2\/pages"}],"about":[{"href":"https:\/\/www.globallistings.info\/sl\/wp-json\/wp\/v2\/types\/page"}],"author":[{"embeddable":true,"href":"https:\/\/www.globallistings.info\/sl\/wp-json\/wp\/v2\/users\/1"}],"replies":[{"embeddable":true,"href":"https:\/\/www.globallistings.info\/sl\/wp-json\/wp\/v2\/comments?post=6747"}],"version-history":[{"count":0,"href":"https:\/\/www.globallistings.info\/sl\/wp-json\/wp\/v2\/pages\/6747\/revisions"}],"wp:attachment":[{"href":"https:\/\/www.globallistings.info\/sl\/wp-json\/wp\/v2\/media?parent=6747"}],"curies":[{"name":"wp","href":"https:\/\/api.w.org\/{rel}","templated":true}]}}