{"id":10449,"date":"2017-03-13T21:31:22","date_gmt":"2017-03-13T21:31:22","guid":{"rendered":"http:\/\/www.globallistings.info\/sr\/pracenje-medija\/"},"modified":"2017-12-05T07:40:36","modified_gmt":"2017-12-05T07:40:36","slug":"pracenje-medija","status":"publish","type":"page","link":"https:\/\/www.globallistings.info\/sr\/pracenje-medija\/","title":{"rendered":"Pra\u0107enje medija"},"content":{"rendered":"<div class=\"col-4\">\n<p><img decoding=\"async\" class=\"img-circle img-responsive\" src=\"http:\/\/www.globallistings.info\/app\/uploads\/2017\/01\/gl.png\" \/><\/p>\n<p class=\"content\">PRA\u0106ENJE MEDIJA<\/p>\n<\/div>\n<div class=\"col-8\">\n<div class=\"content\">\n<p>S na\u0161im strate\u0161kim partnerom pratimo milione socijalnih medija, onlajn vesti i glavnih izvora vesti, kako bismo pomogli klijentima emiterima da prate svoju globalnu medijsku pokrivenost.<\/p>\n<p>Pru\u017eamo uslugu potpunog pra\u0107enja medija, \u0161to omogu\u0107ava na\u0161im klijentima da imaju potpunu sliku svoje globalne pokrivenosti za svaku \u0161tampanu ili marketin\u0161ku aktivnost \u2212 od \u0161tampe, preko onlajn vesti, do socijalnih mre\u017ea.<\/p>\n<p>Usluga prati 400.000 me\u0111unarodnih izvora vesti i milione izvora na socijalnim mre\u017eama, uklju\u010duju\u0107i Tviter.<\/p>\n<p>Na\u0161 tim od 75 globalnih istra\u017eiva\u010da odr\u017eava glavnu bazu podataka aktuelnom \u2013 kako bi na\u0161i klijenti znali da primaju najta\u010dnije mogu\u0107e podatke.<\/p>\n<p>Izve\u0161taji pra\u0107enja mogu biti stvoreni za klju\u010dne premijere programa, nove serije, specijalne doga\u0111aje i premijere, a tako\u0111e mogu biti izmenjeni po bilo kom specifi\u010dnom zahtevu \u2212 na primer, po\u010detak emitovanja kanala u novoj zemlji, tematska sezona posebnog programa, ili \u010dak pojedina\u010dno ime voditelja.<\/p>\n<\/div>\n<\/div>\n","protected":false},"excerpt":{"rendered":"<p>PRA\u0106ENJE MEDIJA S na\u0161im strate\u0161kim partnerom pratimo milione socijalnih medija, onlajn vesti i glavnih izvora vesti, kako bismo pomogli klijentima emiterima da prate svoju globalnu medijsku pokrivenost. Pru\u017eamo uslugu potpunog pra\u0107enja medija, \u0161to omogu\u0107ava na\u0161im klijentima da imaju potpunu sliku svoje globalne pokrivenosti za svaku \u0161tampanu ili marketin\u0161ku aktivnost \u2212 od \u0161tampe, preko onlajn vesti, [&hellip;]<\/p>\n","protected":false},"author":1,"featured_media":0,"parent":0,"menu_order":328,"comment_status":"closed","ping_status":"closed","template":"page-mediamonitoring.php","meta":{"_acf_changed":false,"cybocfi_hide_featured_image":"","footnotes":""},"class_list":["post-10449","page","type-page","status-publish","hentry"],"acf":[],"aioseo_notices":[],"yoast_head":"<!-- This site is optimized with the Yoast SEO plugin v27.3 - https:\/\/yoast.com\/product\/yoast-seo-wordpress\/ -->\n<title>Pra\u0107enje medija - Global Listings<\/title>\n<meta name=\"robots\" content=\"index, follow, max-snippet:-1, max-image-preview:large, max-video-preview:-1\" \/>\n<link rel=\"canonical\" href=\"https:\/\/www.globallistings.info\/sr\/pracenje-medija\/\" \/>\n<meta property=\"og:locale\" content=\"sr_RS\" \/>\n<meta property=\"og:type\" content=\"article\" \/>\n<meta property=\"og:title\" content=\"Pra\u0107enje medija - Global Listings\" \/>\n<meta property=\"og:description\" content=\"PRA\u0106ENJE MEDIJA S na\u0161im strate\u0161kim partnerom pratimo milione socijalnih medija, onlajn vesti i glavnih izvora vesti, kako bismo pomogli klijentima emiterima da prate svoju globalnu medijsku pokrivenost. Pru\u017eamo uslugu potpunog pra\u0107enja medija, \u0161to omogu\u0107ava na\u0161im klijentima da imaju potpunu sliku svoje globalne pokrivenosti za svaku \u0161tampanu ili marketin\u0161ku aktivnost \u2212 od \u0161tampe, preko onlajn vesti, [&hellip;]\" \/>\n<meta property=\"og:url\" content=\"https:\/\/www.globallistings.info\/sr\/pracenje-medija\/\" \/>\n<meta property=\"og:site_name\" content=\"Global Listings\" \/>\n<meta property=\"article:modified_time\" content=\"2017-12-05T07:40:36+00:00\" \/>\n<meta property=\"og:image\" content=\"http:\/\/www.globallistings.info\/app\/uploads\/2017\/01\/gl.png\" \/>\n<meta name=\"twitter:card\" content=\"summary_large_image\" \/>\n<meta name=\"twitter:label1\" content=\"Est. reading time\" \/>\n\t<meta name=\"twitter:data1\" content=\"1 minute\" \/>\n<script type=\"application\/ld+json\" class=\"yoast-schema-graph\">{\"@context\":\"https:\\\/\\\/schema.org\",\"@graph\":[{\"@type\":\"WebPage\",\"@id\":\"https:\\\/\\\/www.globallistings.info\\\/sr\\\/pracenje-medija\\\/\",\"url\":\"https:\\\/\\\/www.globallistings.info\\\/sr\\\/pracenje-medija\\\/\",\"name\":\"Pra\u0107enje medija - Global Listings\",\"isPartOf\":{\"@id\":\"https:\\\/\\\/www.globallistings.info\\\/ar\\\/#website\"},\"primaryImageOfPage\":{\"@id\":\"https:\\\/\\\/www.globallistings.info\\\/sr\\\/pracenje-medija\\\/#primaryimage\"},\"image\":{\"@id\":\"https:\\\/\\\/www.globallistings.info\\\/sr\\\/pracenje-medija\\\/#primaryimage\"},\"thumbnailUrl\":\"http:\\\/\\\/www.globallistings.info\\\/app\\\/uploads\\\/2017\\\/01\\\/gl.png\",\"datePublished\":\"2017-03-13T21:31:22+00:00\",\"dateModified\":\"2017-12-05T07:40:36+00:00\",\"breadcrumb\":{\"@id\":\"https:\\\/\\\/www.globallistings.info\\\/sr\\\/pracenje-medija\\\/#breadcrumb\"},\"inLanguage\":\"sr-RS\",\"potentialAction\":[{\"@type\":\"ReadAction\",\"target\":[\"https:\\\/\\\/www.globallistings.info\\\/sr\\\/pracenje-medija\\\/\"]}]},{\"@type\":\"ImageObject\",\"inLanguage\":\"sr-RS\",\"@id\":\"https:\\\/\\\/www.globallistings.info\\\/sr\\\/pracenje-medija\\\/#primaryimage\",\"url\":\"http:\\\/\\\/www.globallistings.info\\\/app\\\/uploads\\\/2017\\\/01\\\/gl.png\",\"contentUrl\":\"http:\\\/\\\/www.globallistings.info\\\/app\\\/uploads\\\/2017\\\/01\\\/gl.png\"},{\"@type\":\"BreadcrumbList\",\"@id\":\"https:\\\/\\\/www.globallistings.info\\\/sr\\\/pracenje-medija\\\/#breadcrumb\",\"itemListElement\":[{\"@type\":\"ListItem\",\"position\":1,\"name\":\"Home\",\"item\":\"https:\\\/\\\/www.globallistings.info\\\/sr\\\/\"},{\"@type\":\"ListItem\",\"position\":2,\"name\":\"Pra\u0107enje medija\"}]},{\"@type\":\"WebSite\",\"@id\":\"https:\\\/\\\/www.globallistings.info\\\/ar\\\/#website\",\"url\":\"https:\\\/\\\/www.globallistings.info\\\/ar\\\/\",\"name\":\"Global Listings\",\"description\":\"\",\"potentialAction\":[{\"@type\":\"SearchAction\",\"target\":{\"@type\":\"EntryPoint\",\"urlTemplate\":\"https:\\\/\\\/www.globallistings.info\\\/ar\\\/?s={search_term_string}\"},\"query-input\":{\"@type\":\"PropertyValueSpecification\",\"valueRequired\":true,\"valueName\":\"search_term_string\"}}],\"inLanguage\":\"sr-RS\"}]}<\/script>\n<!-- \/ Yoast SEO plugin. -->","yoast_head_json":{"title":"Pra\u0107enje medija - Global Listings","robots":{"index":"index","follow":"follow","max-snippet":"max-snippet:-1","max-image-preview":"max-image-preview:large","max-video-preview":"max-video-preview:-1"},"canonical":"https:\/\/www.globallistings.info\/sr\/pracenje-medija\/","og_locale":"sr_RS","og_type":"article","og_title":"Pra\u0107enje medija - Global Listings","og_description":"PRA\u0106ENJE MEDIJA S na\u0161im strate\u0161kim partnerom pratimo milione socijalnih medija, onlajn vesti i glavnih izvora vesti, kako bismo pomogli klijentima emiterima da prate svoju globalnu medijsku pokrivenost. Pru\u017eamo uslugu potpunog pra\u0107enja medija, \u0161to omogu\u0107ava na\u0161im klijentima da imaju potpunu sliku svoje globalne pokrivenosti za svaku \u0161tampanu ili marketin\u0161ku aktivnost \u2212 od \u0161tampe, preko onlajn vesti, [&hellip;]","og_url":"https:\/\/www.globallistings.info\/sr\/pracenje-medija\/","og_site_name":"Global Listings","article_modified_time":"2017-12-05T07:40:36+00:00","og_image":[{"url":"http:\/\/www.globallistings.info\/app\/uploads\/2017\/01\/gl.png","type":"","width":"","height":""}],"twitter_card":"summary_large_image","twitter_misc":{"Est. reading time":"1 minute"},"schema":{"@context":"https:\/\/schema.org","@graph":[{"@type":"WebPage","@id":"https:\/\/www.globallistings.info\/sr\/pracenje-medija\/","url":"https:\/\/www.globallistings.info\/sr\/pracenje-medija\/","name":"Pra\u0107enje medija - Global Listings","isPartOf":{"@id":"https:\/\/www.globallistings.info\/ar\/#website"},"primaryImageOfPage":{"@id":"https:\/\/www.globallistings.info\/sr\/pracenje-medija\/#primaryimage"},"image":{"@id":"https:\/\/www.globallistings.info\/sr\/pracenje-medija\/#primaryimage"},"thumbnailUrl":"http:\/\/www.globallistings.info\/app\/uploads\/2017\/01\/gl.png","datePublished":"2017-03-13T21:31:22+00:00","dateModified":"2017-12-05T07:40:36+00:00","breadcrumb":{"@id":"https:\/\/www.globallistings.info\/sr\/pracenje-medija\/#breadcrumb"},"inLanguage":"sr-RS","potentialAction":[{"@type":"ReadAction","target":["https:\/\/www.globallistings.info\/sr\/pracenje-medija\/"]}]},{"@type":"ImageObject","inLanguage":"sr-RS","@id":"https:\/\/www.globallistings.info\/sr\/pracenje-medija\/#primaryimage","url":"http:\/\/www.globallistings.info\/app\/uploads\/2017\/01\/gl.png","contentUrl":"http:\/\/www.globallistings.info\/app\/uploads\/2017\/01\/gl.png"},{"@type":"BreadcrumbList","@id":"https:\/\/www.globallistings.info\/sr\/pracenje-medija\/#breadcrumb","itemListElement":[{"@type":"ListItem","position":1,"name":"Home","item":"https:\/\/www.globallistings.info\/sr\/"},{"@type":"ListItem","position":2,"name":"Pra\u0107enje medija"}]},{"@type":"WebSite","@id":"https:\/\/www.globallistings.info\/ar\/#website","url":"https:\/\/www.globallistings.info\/ar\/","name":"Global Listings","description":"","potentialAction":[{"@type":"SearchAction","target":{"@type":"EntryPoint","urlTemplate":"https:\/\/www.globallistings.info\/ar\/?s={search_term_string}"},"query-input":{"@type":"PropertyValueSpecification","valueRequired":true,"valueName":"search_term_string"}}],"inLanguage":"sr-RS"}]}},"_links":{"self":[{"href":"https:\/\/www.globallistings.info\/sr\/wp-json\/wp\/v2\/pages\/10449","targetHints":{"allow":["GET"]}}],"collection":[{"href":"https:\/\/www.globallistings.info\/sr\/wp-json\/wp\/v2\/pages"}],"about":[{"href":"https:\/\/www.globallistings.info\/sr\/wp-json\/wp\/v2\/types\/page"}],"author":[{"embeddable":true,"href":"https:\/\/www.globallistings.info\/sr\/wp-json\/wp\/v2\/users\/1"}],"replies":[{"embeddable":true,"href":"https:\/\/www.globallistings.info\/sr\/wp-json\/wp\/v2\/comments?post=10449"}],"version-history":[{"count":0,"href":"https:\/\/www.globallistings.info\/sr\/wp-json\/wp\/v2\/pages\/10449\/revisions"}],"wp:attachment":[{"href":"https:\/\/www.globallistings.info\/sr\/wp-json\/wp\/v2\/media?parent=10449"}],"curies":[{"name":"wp","href":"https:\/\/api.w.org\/{rel}","templated":true}]}}