{"id":10457,"date":"2017-03-13T22:35:33","date_gmt":"2017-03-13T22:35:33","guid":{"rendered":"http:\/\/www.globallistings.info\/sr\/epv\/"},"modified":"2017-04-21T16:18:31","modified_gmt":"2017-04-21T16:18:31","slug":"epv","status":"publish","type":"page","link":"https:\/\/www.globallistings.info\/sr\/epv\/","title":{"rendered":"EPGs"},"content":{"rendered":"<div class=\"col-4\">\n<p><img decoding=\"async\" class=\"img-circle img-responsive\" src=\"http:\/\/www.globallistings.info\/app\/uploads\/2017\/01\/epgscircbig.png\" alt=\"content_photo\" \/><\/p>\n<p class=\"content\">EPGS<\/p>\n<\/div>\n<div class=\"col-8\">\n<div class=\"content\">\n<p>Kompanija Global Listings radi sa vi\u0161e od 100 platformi \u0161irom sveta, isporu\u010duje a\u017eurne EPV podatke na vi\u0161e jezika, kako za linearne tako i za nelinearne servise.<\/p>\n<p>Radimo sa kanalima koji se pla\u0107aju ili se slobodno emituju, sa IPTV i OTT operaterima, \u010dime pratimo najmodernije tehnolo\u0161ke promene i unapre\u0111enja.<\/p>\n<p>Mi smo stru\u010dnjaci kada je u pitanju dostava EPV fajlova, obezbe\u0111uju\u0107i da su metapodaci potpuno unapre\u0111eni, uklju\u010duju\u0107i takve osobine kao \u0161to su servisi pristupa, grupisanje serija, informacije o roditeljskim smernicama, sideloading i kodovi sadr\u017eaja. <\/p>\n<p>Na\u0161i timovi profesionalnih EPV urednika pi\u0161u i ure\u0111uju podatke koji se poklapaju sa specifikacijom potrebnog izdanja, jezikom i brojem znakova, \u0161to mo\u017ee prili\u010dno da se razlikuje od jedne platforme do druge.<\/p>\n<p>Na\u0161i vrhunski sistemi tako\u0111e \u010duvaju riznicu slika programa na vi\u0161e nivoa &#8211; emisija, serija i epizoda &#8211; koje se isporu\u010duju TV platformama (i ukoliko je potrebno veb-sajtovima  na\u0161ih klijenata i tre\u0107im licima).<\/p>\n<p><a href=\"http:\/\/www.globalepgs.info\/sr\/\" target=\"_blank\">Posetite na\u0161 sestrinski sajt, Global EPGs, za vi\u0161e detalja<\/a><\/p>\n<\/div>\n<\/div>\n","protected":false},"excerpt":{"rendered":"<p>EPGS Kompanija Global Listings radi sa vi\u0161e od 100 platformi \u0161irom sveta, isporu\u010duje a\u017eurne EPV podatke na vi\u0161e jezika, kako za linearne tako i za nelinearne servise. Radimo sa kanalima koji se pla\u0107aju ili se slobodno emituju, sa IPTV i OTT operaterima, \u010dime pratimo najmodernije tehnolo\u0161ke promene i unapre\u0111enja. Mi smo stru\u010dnjaci kada je u [&hellip;]<\/p>\n","protected":false},"author":1,"featured_media":0,"parent":0,"menu_order":193,"comment_status":"closed","ping_status":"closed","template":"page-epgs.php","meta":{"_acf_changed":false,"cybocfi_hide_featured_image":"","footnotes":""},"class_list":["post-10457","page","type-page","status-publish","hentry"],"acf":[],"aioseo_notices":[],"yoast_head":"<!-- This site is optimized with the Yoast SEO plugin v27.3 - https:\/\/yoast.com\/product\/yoast-seo-wordpress\/ -->\n<title>EPGs - Global Listings<\/title>\n<meta name=\"robots\" content=\"index, follow, max-snippet:-1, max-image-preview:large, max-video-preview:-1\" \/>\n<link rel=\"canonical\" href=\"https:\/\/www.globallistings.info\/sr\/epv\/\" \/>\n<meta property=\"og:locale\" content=\"sr_RS\" \/>\n<meta property=\"og:type\" content=\"article\" \/>\n<meta property=\"og:title\" content=\"EPGs - Global Listings\" \/>\n<meta property=\"og:description\" content=\"EPGS Kompanija Global Listings radi sa vi\u0161e od 100 platformi \u0161irom sveta, isporu\u010duje a\u017eurne EPV podatke na vi\u0161e jezika, kako za linearne tako i za nelinearne servise. Radimo sa kanalima koji se pla\u0107aju ili se slobodno emituju, sa IPTV i OTT operaterima, \u010dime pratimo najmodernije tehnolo\u0161ke promene i unapre\u0111enja. Mi smo stru\u010dnjaci kada je u [&hellip;]\" \/>\n<meta property=\"og:url\" content=\"https:\/\/www.globallistings.info\/sr\/epv\/\" \/>\n<meta property=\"og:site_name\" content=\"Global Listings\" \/>\n<meta property=\"article:modified_time\" content=\"2017-04-21T16:18:31+00:00\" \/>\n<meta property=\"og:image\" content=\"http:\/\/www.globallistings.info\/app\/uploads\/2017\/01\/epgscircbig.png\" \/>\n<meta name=\"twitter:card\" content=\"summary_large_image\" \/>\n<meta name=\"twitter:label1\" content=\"Est. reading time\" \/>\n\t<meta name=\"twitter:data1\" content=\"1 minute\" \/>\n<script type=\"application\/ld+json\" class=\"yoast-schema-graph\">{\"@context\":\"https:\\\/\\\/schema.org\",\"@graph\":[{\"@type\":\"WebPage\",\"@id\":\"https:\\\/\\\/www.globallistings.info\\\/sr\\\/epv\\\/\",\"url\":\"https:\\\/\\\/www.globallistings.info\\\/sr\\\/epv\\\/\",\"name\":\"EPGs - Global Listings\",\"isPartOf\":{\"@id\":\"https:\\\/\\\/www.globallistings.info\\\/ar\\\/#website\"},\"primaryImageOfPage\":{\"@id\":\"https:\\\/\\\/www.globallistings.info\\\/sr\\\/epv\\\/#primaryimage\"},\"image\":{\"@id\":\"https:\\\/\\\/www.globallistings.info\\\/sr\\\/epv\\\/#primaryimage\"},\"thumbnailUrl\":\"http:\\\/\\\/www.globallistings.info\\\/app\\\/uploads\\\/2017\\\/01\\\/epgscircbig.png\",\"datePublished\":\"2017-03-13T22:35:33+00:00\",\"dateModified\":\"2017-04-21T16:18:31+00:00\",\"breadcrumb\":{\"@id\":\"https:\\\/\\\/www.globallistings.info\\\/sr\\\/epv\\\/#breadcrumb\"},\"inLanguage\":\"sr-RS\",\"potentialAction\":[{\"@type\":\"ReadAction\",\"target\":[\"https:\\\/\\\/www.globallistings.info\\\/sr\\\/epv\\\/\"]}]},{\"@type\":\"ImageObject\",\"inLanguage\":\"sr-RS\",\"@id\":\"https:\\\/\\\/www.globallistings.info\\\/sr\\\/epv\\\/#primaryimage\",\"url\":\"http:\\\/\\\/www.globallistings.info\\\/app\\\/uploads\\\/2017\\\/01\\\/epgscircbig.png\",\"contentUrl\":\"http:\\\/\\\/www.globallistings.info\\\/app\\\/uploads\\\/2017\\\/01\\\/epgscircbig.png\"},{\"@type\":\"BreadcrumbList\",\"@id\":\"https:\\\/\\\/www.globallistings.info\\\/sr\\\/epv\\\/#breadcrumb\",\"itemListElement\":[{\"@type\":\"ListItem\",\"position\":1,\"name\":\"Home\",\"item\":\"https:\\\/\\\/www.globallistings.info\\\/sr\\\/\"},{\"@type\":\"ListItem\",\"position\":2,\"name\":\"EPGs\"}]},{\"@type\":\"WebSite\",\"@id\":\"https:\\\/\\\/www.globallistings.info\\\/ar\\\/#website\",\"url\":\"https:\\\/\\\/www.globallistings.info\\\/ar\\\/\",\"name\":\"Global Listings\",\"description\":\"\",\"potentialAction\":[{\"@type\":\"SearchAction\",\"target\":{\"@type\":\"EntryPoint\",\"urlTemplate\":\"https:\\\/\\\/www.globallistings.info\\\/ar\\\/?s={search_term_string}\"},\"query-input\":{\"@type\":\"PropertyValueSpecification\",\"valueRequired\":true,\"valueName\":\"search_term_string\"}}],\"inLanguage\":\"sr-RS\"}]}<\/script>\n<!-- \/ Yoast SEO plugin. -->","yoast_head_json":{"title":"EPGs - Global Listings","robots":{"index":"index","follow":"follow","max-snippet":"max-snippet:-1","max-image-preview":"max-image-preview:large","max-video-preview":"max-video-preview:-1"},"canonical":"https:\/\/www.globallistings.info\/sr\/epv\/","og_locale":"sr_RS","og_type":"article","og_title":"EPGs - Global Listings","og_description":"EPGS Kompanija Global Listings radi sa vi\u0161e od 100 platformi \u0161irom sveta, isporu\u010duje a\u017eurne EPV podatke na vi\u0161e jezika, kako za linearne tako i za nelinearne servise. Radimo sa kanalima koji se pla\u0107aju ili se slobodno emituju, sa IPTV i OTT operaterima, \u010dime pratimo najmodernije tehnolo\u0161ke promene i unapre\u0111enja. Mi smo stru\u010dnjaci kada je u [&hellip;]","og_url":"https:\/\/www.globallistings.info\/sr\/epv\/","og_site_name":"Global Listings","article_modified_time":"2017-04-21T16:18:31+00:00","og_image":[{"url":"http:\/\/www.globallistings.info\/app\/uploads\/2017\/01\/epgscircbig.png","type":"","width":"","height":""}],"twitter_card":"summary_large_image","twitter_misc":{"Est. reading time":"1 minute"},"schema":{"@context":"https:\/\/schema.org","@graph":[{"@type":"WebPage","@id":"https:\/\/www.globallistings.info\/sr\/epv\/","url":"https:\/\/www.globallistings.info\/sr\/epv\/","name":"EPGs - Global Listings","isPartOf":{"@id":"https:\/\/www.globallistings.info\/ar\/#website"},"primaryImageOfPage":{"@id":"https:\/\/www.globallistings.info\/sr\/epv\/#primaryimage"},"image":{"@id":"https:\/\/www.globallistings.info\/sr\/epv\/#primaryimage"},"thumbnailUrl":"http:\/\/www.globallistings.info\/app\/uploads\/2017\/01\/epgscircbig.png","datePublished":"2017-03-13T22:35:33+00:00","dateModified":"2017-04-21T16:18:31+00:00","breadcrumb":{"@id":"https:\/\/www.globallistings.info\/sr\/epv\/#breadcrumb"},"inLanguage":"sr-RS","potentialAction":[{"@type":"ReadAction","target":["https:\/\/www.globallistings.info\/sr\/epv\/"]}]},{"@type":"ImageObject","inLanguage":"sr-RS","@id":"https:\/\/www.globallistings.info\/sr\/epv\/#primaryimage","url":"http:\/\/www.globallistings.info\/app\/uploads\/2017\/01\/epgscircbig.png","contentUrl":"http:\/\/www.globallistings.info\/app\/uploads\/2017\/01\/epgscircbig.png"},{"@type":"BreadcrumbList","@id":"https:\/\/www.globallistings.info\/sr\/epv\/#breadcrumb","itemListElement":[{"@type":"ListItem","position":1,"name":"Home","item":"https:\/\/www.globallistings.info\/sr\/"},{"@type":"ListItem","position":2,"name":"EPGs"}]},{"@type":"WebSite","@id":"https:\/\/www.globallistings.info\/ar\/#website","url":"https:\/\/www.globallistings.info\/ar\/","name":"Global Listings","description":"","potentialAction":[{"@type":"SearchAction","target":{"@type":"EntryPoint","urlTemplate":"https:\/\/www.globallistings.info\/ar\/?s={search_term_string}"},"query-input":{"@type":"PropertyValueSpecification","valueRequired":true,"valueName":"search_term_string"}}],"inLanguage":"sr-RS"}]}},"_links":{"self":[{"href":"https:\/\/www.globallistings.info\/sr\/wp-json\/wp\/v2\/pages\/10457","targetHints":{"allow":["GET"]}}],"collection":[{"href":"https:\/\/www.globallistings.info\/sr\/wp-json\/wp\/v2\/pages"}],"about":[{"href":"https:\/\/www.globallistings.info\/sr\/wp-json\/wp\/v2\/types\/page"}],"author":[{"embeddable":true,"href":"https:\/\/www.globallistings.info\/sr\/wp-json\/wp\/v2\/users\/1"}],"replies":[{"embeddable":true,"href":"https:\/\/www.globallistings.info\/sr\/wp-json\/wp\/v2\/comments?post=10457"}],"version-history":[{"count":0,"href":"https:\/\/www.globallistings.info\/sr\/wp-json\/wp\/v2\/pages\/10457\/revisions"}],"wp:attachment":[{"href":"https:\/\/www.globallistings.info\/sr\/wp-json\/wp\/v2\/media?parent=10457"}],"curies":[{"name":"wp","href":"https:\/\/api.w.org\/{rel}","templated":true}]}}