{"id":9923,"date":"2017-03-12T22:43:19","date_gmt":"2017-03-12T22:43:19","guid":{"rendered":"http:\/\/www.globallistings.info\/sr\/globalna-distribucija\/"},"modified":"2017-04-12T16:30:48","modified_gmt":"2017-04-12T16:30:48","slug":"globalna-distribucija","status":"publish","type":"page","link":"https:\/\/www.globallistings.info\/sr\/globalna-distribucija\/","title":{"rendered":"Globalna distribucija"},"content":{"rendered":"<div class=\"col-4\">\n<p><img decoding=\"async\" class=\"img-circle img-responsive\" src=\"http:\/\/www.globallistings.info\/app\/uploads\/2017\/02\/hand.png\" alt=\"content-photo\" \/><\/p>\n<p class=\"content\">GLOBALNA DISTRIBUCIJA<\/p>\n<\/div>\n<div class=\"col-8\">\n<div class=\"content\">\n<p>Global listings zna da mo\u017eete imati najbolji sadr\u017eaj na svetu, ali ako ga ne dostavite pravim ljudima u pravo vreme ne\u0107ete dobiti zastupljenost u medijima koju va\u0161 program zaslu\u017euje.<\/p>\n<p>Mo\u017eemo brzo da napravimo ciljane liste u realnom vremenu, za svaku zemlju, koje \u0107e isporu\u010diti pravi programski sadr\u017eaj pravim kontaktima, na vreme i svaki put.<\/p>\n<p>Na\u0161e iskustvo u ovoj oblasti, zajedno sa na\u0161om mogu\u0107no\u0161\u0107u pristupa bazi podataka vode\u0107ih medija na tr\u017ei\u0161tu, zna\u010di da mo\u017eemo na\u0161im klijentima da ponudimo vrhunsku uslugu dostave imejlova.<\/p>\n<p>Koriste\u0107i na\u0161u glavnu bazu podataka i na\u0161e poznavanje rokova za \u0161tampana izdanja globalnih medija, kratkih opisa emisija i drugih materijala, isporu\u010dujemo sadr\u017eaj emitovanog kanala koji dobijate pritiskom na dugme, ta\u010dno tamo gde treba da se vidi, kada treba da se vidi. <\/p>\n<p>Ne samo \u0161to mo\u017eemo da napravimo potpunu ciljanu  listu isporuke imejla od po\u010detka do kraja za bilo koju teritoriju na svetu, ve\u0107 mo\u017eemo i da obezbedimo potpunu recenziju postoje\u0107e imejl liste na\u0161im klijenata, kako bi bili sigurni  da su pokrili sve bitne medijske kontakte i uticajne li\u010dnosti u odre\u0111enoj zemlji ili regionu.<\/p>\n<p>AI naravno, kada je lista zavr\u0161ena obezbe\u0111ujemo da je a\u017eurirana redovnim recenzijama i neophodnim dodacima.<\/p>\n<\/div>\n<\/div>\n","protected":false},"excerpt":{"rendered":"<p>GLOBALNA DISTRIBUCIJA Global listings zna da mo\u017eete imati najbolji sadr\u017eaj na svetu, ali ako ga ne dostavite pravim ljudima u pravo vreme ne\u0107ete dobiti zastupljenost u medijima koju va\u0161 program zaslu\u017euje. Mo\u017eemo brzo da napravimo ciljane liste u realnom vremenu, za svaku zemlju, koje \u0107e isporu\u010diti pravi programski sadr\u017eaj pravim kontaktima, na vreme i svaki [&hellip;]<\/p>\n","protected":false},"author":1,"featured_media":0,"parent":0,"menu_order":222,"comment_status":"closed","ping_status":"closed","template":"page-globaldistribution.php","meta":{"_acf_changed":false,"cybocfi_hide_featured_image":"","footnotes":""},"class_list":["post-9923","page","type-page","status-publish","hentry"],"acf":[],"aioseo_notices":[],"yoast_head":"<!-- This site is optimized with the Yoast SEO plugin v27.5 - https:\/\/yoast.com\/product\/yoast-seo-wordpress\/ -->\n<title>Globalna distribucija - Global Listings<\/title>\n<meta name=\"robots\" content=\"index, follow, max-snippet:-1, max-image-preview:large, max-video-preview:-1\" \/>\n<link rel=\"canonical\" href=\"https:\/\/www.globallistings.info\/sr\/globalna-distribucija\/\" \/>\n<meta property=\"og:locale\" content=\"sr_RS\" \/>\n<meta property=\"og:type\" content=\"article\" \/>\n<meta property=\"og:title\" content=\"Globalna distribucija - Global Listings\" \/>\n<meta property=\"og:description\" content=\"GLOBALNA DISTRIBUCIJA Global listings zna da mo\u017eete imati najbolji sadr\u017eaj na svetu, ali ako ga ne dostavite pravim ljudima u pravo vreme ne\u0107ete dobiti zastupljenost u medijima koju va\u0161 program zaslu\u017euje. Mo\u017eemo brzo da napravimo ciljane liste u realnom vremenu, za svaku zemlju, koje \u0107e isporu\u010diti pravi programski sadr\u017eaj pravim kontaktima, na vreme i svaki [&hellip;]\" \/>\n<meta property=\"og:url\" content=\"https:\/\/www.globallistings.info\/sr\/globalna-distribucija\/\" \/>\n<meta property=\"og:site_name\" content=\"Global Listings\" \/>\n<meta property=\"article:modified_time\" content=\"2017-04-12T16:30:48+00:00\" \/>\n<meta property=\"og:image\" content=\"http:\/\/www.globallistings.info\/app\/uploads\/2017\/02\/hand.png\" \/>\n<meta name=\"twitter:card\" content=\"summary_large_image\" \/>\n<meta name=\"twitter:label1\" content=\"Est. reading time\" \/>\n\t<meta name=\"twitter:data1\" content=\"1 minute\" \/>\n<script type=\"application\/ld+json\" class=\"yoast-schema-graph\">{\"@context\":\"https:\\\/\\\/schema.org\",\"@graph\":[{\"@type\":\"WebPage\",\"@id\":\"https:\\\/\\\/www.globallistings.info\\\/sr\\\/globalna-distribucija\\\/\",\"url\":\"https:\\\/\\\/www.globallistings.info\\\/sr\\\/globalna-distribucija\\\/\",\"name\":\"Globalna distribucija - Global Listings\",\"isPartOf\":{\"@id\":\"https:\\\/\\\/www.globallistings.info\\\/ar\\\/#website\"},\"primaryImageOfPage\":{\"@id\":\"https:\\\/\\\/www.globallistings.info\\\/sr\\\/globalna-distribucija\\\/#primaryimage\"},\"image\":{\"@id\":\"https:\\\/\\\/www.globallistings.info\\\/sr\\\/globalna-distribucija\\\/#primaryimage\"},\"thumbnailUrl\":\"http:\\\/\\\/www.globallistings.info\\\/app\\\/uploads\\\/2017\\\/02\\\/hand.png\",\"datePublished\":\"2017-03-12T22:43:19+00:00\",\"dateModified\":\"2017-04-12T16:30:48+00:00\",\"breadcrumb\":{\"@id\":\"https:\\\/\\\/www.globallistings.info\\\/sr\\\/globalna-distribucija\\\/#breadcrumb\"},\"inLanguage\":\"sr-RS\",\"potentialAction\":[{\"@type\":\"ReadAction\",\"target\":[\"https:\\\/\\\/www.globallistings.info\\\/sr\\\/globalna-distribucija\\\/\"]}]},{\"@type\":\"ImageObject\",\"inLanguage\":\"sr-RS\",\"@id\":\"https:\\\/\\\/www.globallistings.info\\\/sr\\\/globalna-distribucija\\\/#primaryimage\",\"url\":\"http:\\\/\\\/www.globallistings.info\\\/app\\\/uploads\\\/2017\\\/02\\\/hand.png\",\"contentUrl\":\"http:\\\/\\\/www.globallistings.info\\\/app\\\/uploads\\\/2017\\\/02\\\/hand.png\"},{\"@type\":\"BreadcrumbList\",\"@id\":\"https:\\\/\\\/www.globallistings.info\\\/sr\\\/globalna-distribucija\\\/#breadcrumb\",\"itemListElement\":[{\"@type\":\"ListItem\",\"position\":1,\"name\":\"Home\",\"item\":\"https:\\\/\\\/www.globallistings.info\\\/sr\\\/\"},{\"@type\":\"ListItem\",\"position\":2,\"name\":\"Globalna distribucija\"}]},{\"@type\":\"WebSite\",\"@id\":\"https:\\\/\\\/www.globallistings.info\\\/ar\\\/#website\",\"url\":\"https:\\\/\\\/www.globallistings.info\\\/ar\\\/\",\"name\":\"Global Listings\",\"description\":\"\",\"potentialAction\":[{\"@type\":\"SearchAction\",\"target\":{\"@type\":\"EntryPoint\",\"urlTemplate\":\"https:\\\/\\\/www.globallistings.info\\\/ar\\\/?s={search_term_string}\"},\"query-input\":{\"@type\":\"PropertyValueSpecification\",\"valueRequired\":true,\"valueName\":\"search_term_string\"}}],\"inLanguage\":\"sr-RS\"}]}<\/script>\n<!-- \/ Yoast SEO plugin. -->","yoast_head_json":{"title":"Globalna distribucija - Global Listings","robots":{"index":"index","follow":"follow","max-snippet":"max-snippet:-1","max-image-preview":"max-image-preview:large","max-video-preview":"max-video-preview:-1"},"canonical":"https:\/\/www.globallistings.info\/sr\/globalna-distribucija\/","og_locale":"sr_RS","og_type":"article","og_title":"Globalna distribucija - Global Listings","og_description":"GLOBALNA DISTRIBUCIJA Global listings zna da mo\u017eete imati najbolji sadr\u017eaj na svetu, ali ako ga ne dostavite pravim ljudima u pravo vreme ne\u0107ete dobiti zastupljenost u medijima koju va\u0161 program zaslu\u017euje. Mo\u017eemo brzo da napravimo ciljane liste u realnom vremenu, za svaku zemlju, koje \u0107e isporu\u010diti pravi programski sadr\u017eaj pravim kontaktima, na vreme i svaki [&hellip;]","og_url":"https:\/\/www.globallistings.info\/sr\/globalna-distribucija\/","og_site_name":"Global Listings","article_modified_time":"2017-04-12T16:30:48+00:00","og_image":[{"url":"http:\/\/www.globallistings.info\/app\/uploads\/2017\/02\/hand.png","type":"","width":"","height":""}],"twitter_card":"summary_large_image","twitter_misc":{"Est. reading time":"1 minute"},"schema":{"@context":"https:\/\/schema.org","@graph":[{"@type":"WebPage","@id":"https:\/\/www.globallistings.info\/sr\/globalna-distribucija\/","url":"https:\/\/www.globallistings.info\/sr\/globalna-distribucija\/","name":"Globalna distribucija - Global Listings","isPartOf":{"@id":"https:\/\/www.globallistings.info\/ar\/#website"},"primaryImageOfPage":{"@id":"https:\/\/www.globallistings.info\/sr\/globalna-distribucija\/#primaryimage"},"image":{"@id":"https:\/\/www.globallistings.info\/sr\/globalna-distribucija\/#primaryimage"},"thumbnailUrl":"http:\/\/www.globallistings.info\/app\/uploads\/2017\/02\/hand.png","datePublished":"2017-03-12T22:43:19+00:00","dateModified":"2017-04-12T16:30:48+00:00","breadcrumb":{"@id":"https:\/\/www.globallistings.info\/sr\/globalna-distribucija\/#breadcrumb"},"inLanguage":"sr-RS","potentialAction":[{"@type":"ReadAction","target":["https:\/\/www.globallistings.info\/sr\/globalna-distribucija\/"]}]},{"@type":"ImageObject","inLanguage":"sr-RS","@id":"https:\/\/www.globallistings.info\/sr\/globalna-distribucija\/#primaryimage","url":"http:\/\/www.globallistings.info\/app\/uploads\/2017\/02\/hand.png","contentUrl":"http:\/\/www.globallistings.info\/app\/uploads\/2017\/02\/hand.png"},{"@type":"BreadcrumbList","@id":"https:\/\/www.globallistings.info\/sr\/globalna-distribucija\/#breadcrumb","itemListElement":[{"@type":"ListItem","position":1,"name":"Home","item":"https:\/\/www.globallistings.info\/sr\/"},{"@type":"ListItem","position":2,"name":"Globalna distribucija"}]},{"@type":"WebSite","@id":"https:\/\/www.globallistings.info\/ar\/#website","url":"https:\/\/www.globallistings.info\/ar\/","name":"Global Listings","description":"","potentialAction":[{"@type":"SearchAction","target":{"@type":"EntryPoint","urlTemplate":"https:\/\/www.globallistings.info\/ar\/?s={search_term_string}"},"query-input":{"@type":"PropertyValueSpecification","valueRequired":true,"valueName":"search_term_string"}}],"inLanguage":"sr-RS"}]}},"_links":{"self":[{"href":"https:\/\/www.globallistings.info\/sr\/wp-json\/wp\/v2\/pages\/9923","targetHints":{"allow":["GET"]}}],"collection":[{"href":"https:\/\/www.globallistings.info\/sr\/wp-json\/wp\/v2\/pages"}],"about":[{"href":"https:\/\/www.globallistings.info\/sr\/wp-json\/wp\/v2\/types\/page"}],"author":[{"embeddable":true,"href":"https:\/\/www.globallistings.info\/sr\/wp-json\/wp\/v2\/users\/1"}],"replies":[{"embeddable":true,"href":"https:\/\/www.globallistings.info\/sr\/wp-json\/wp\/v2\/comments?post=9923"}],"version-history":[{"count":0,"href":"https:\/\/www.globallistings.info\/sr\/wp-json\/wp\/v2\/pages\/9923\/revisions"}],"wp:attachment":[{"href":"https:\/\/www.globallistings.info\/sr\/wp-json\/wp\/v2\/media?parent=9923"}],"curies":[{"name":"wp","href":"https:\/\/api.w.org\/{rel}","templated":true}]}}