{"id":14448,"date":"2017-03-16T17:27:33","date_gmt":"2017-03-16T17:27:33","guid":{"rendered":"http:\/\/www.globallistings.info\/sv\/global-distribution\/"},"modified":"2018-01-04T16:05:36","modified_gmt":"2018-01-04T16:05:36","slug":"global-distribution","status":"publish","type":"page","link":"https:\/\/www.globallistings.info\/sv\/global-distribution\/","title":{"rendered":"Global Distribution"},"content":{"rendered":"<div class=\"col-4\">\n<p><img decoding=\"async\" class=\"img-circle img-responsive\" src=\"http:\/\/www.globallistings.info\/app\/uploads\/2017\/02\/hand.png\" alt=\"content-photo\" \/><\/p>\n<p class=\"content\">GLOBAL DISTRIBUTION<\/p>\n<\/div>\n<div class=\"col-8\">\n<div class=\"content\">\n<p>Global Listings vet att du kan ha det b\u00e4sta inneh\u00e5llet i v\u00e4rlden, men om du inte kommunicerar inneh\u00e5llet till r\u00e4tt personer vid r\u00e4tt tidpunkt, s\u00e5 kommer du inte att f\u00e5 den spridning som ditt programutbud f\u00f6rtj\u00e4nar.<\/p>\n<p>Vi kan snabbt skapa riktade och aktuella distributionslistor f\u00f6r alla l\u00e4nder f\u00f6r att i tid distribuera programinneh\u00e5ll till r\u00e4tt kontakter.<\/p>\n<p>V\u00e5r erfarenhet inom detta omr\u00e5de, i kombination med v\u00e5r tillg\u00e5ng till en databas \u00f6ver marknadsledande mediekontakter, inneb\u00e4r att vi kan erbjuda v\u00e5ra kunder en oslagbar distributionstj\u00e4nst per e-post.<\/p>\n<p>Med v\u00e5r centrala databas och v\u00e5r k\u00e4nnedom om globala deadlines f\u00f6r pressmeddelanden, programh\u00f6jdpunkter och annat material levererar vi tv-bolagens kanalinneh\u00e5ll genom endast en knapptryckning precis dit det beh\u00f6vs, n\u00e4r det beh\u00f6vs.<\/p>\n<p>Inte bara kan vi skapa en riktad lista e-postlista f\u00f6r alla regioner i v\u00e4rlden fr\u00e5n grunden, utan vi kan ocks\u00e5 erbjuda en fullst\u00e4ndig \u00f6versyn \u00f6ver v\u00e5ra kunders befintliga e-postlistor f\u00f6r att se till att de omfattar alla viktiga mediekontakter och inflytelserika personer i ett visst land eller region.<\/p>\n<p>Och naturligtvis ser vi till att listan uppdateras genom regelbunden granskning och med de till\u00e4gg som beh\u00f6vs.<\/p>\n<\/div>\n<\/div>\n","protected":false},"excerpt":{"rendered":"<p>GLOBAL DISTRIBUTION Global Listings vet att du kan ha det b\u00e4sta inneh\u00e5llet i v\u00e4rlden, men om du inte kommunicerar inneh\u00e5llet till r\u00e4tt personer vid r\u00e4tt tidpunkt, s\u00e5 kommer du inte att f\u00e5 den spridning som ditt programutbud f\u00f6rtj\u00e4nar. Vi kan snabbt skapa riktade och aktuella distributionslistor f\u00f6r alla l\u00e4nder f\u00f6r att i tid distribuera programinneh\u00e5ll [&hellip;]<\/p>\n","protected":false},"author":1,"featured_media":0,"parent":0,"menu_order":238,"comment_status":"closed","ping_status":"closed","template":"page-globaldistribution.php","meta":{"_acf_changed":false,"cybocfi_hide_featured_image":"","footnotes":""},"class_list":["post-14448","page","type-page","status-publish","hentry"],"acf":[],"aioseo_notices":[],"yoast_head":"<!-- This site is optimized with the Yoast SEO plugin v27.3 - https:\/\/yoast.com\/product\/yoast-seo-wordpress\/ -->\n<title>Global Distribution - Global Listings<\/title>\n<meta name=\"robots\" content=\"index, follow, max-snippet:-1, max-image-preview:large, max-video-preview:-1\" \/>\n<link rel=\"canonical\" href=\"https:\/\/www.globallistings.info\/sv\/global-distribution\/\" \/>\n<meta property=\"og:locale\" content=\"sv_SE\" \/>\n<meta property=\"og:type\" content=\"article\" \/>\n<meta property=\"og:title\" content=\"Global Distribution - Global Listings\" \/>\n<meta property=\"og:description\" content=\"GLOBAL DISTRIBUTION Global Listings vet att du kan ha det b\u00e4sta inneh\u00e5llet i v\u00e4rlden, men om du inte kommunicerar inneh\u00e5llet till r\u00e4tt personer vid r\u00e4tt tidpunkt, s\u00e5 kommer du inte att f\u00e5 den spridning som ditt programutbud f\u00f6rtj\u00e4nar. Vi kan snabbt skapa riktade och aktuella distributionslistor f\u00f6r alla l\u00e4nder f\u00f6r att i tid distribuera programinneh\u00e5ll [&hellip;]\" \/>\n<meta property=\"og:url\" content=\"https:\/\/www.globallistings.info\/sv\/global-distribution\/\" \/>\n<meta property=\"og:site_name\" content=\"Global Listings\" \/>\n<meta property=\"article:modified_time\" content=\"2018-01-04T16:05:36+00:00\" \/>\n<meta property=\"og:image\" content=\"http:\/\/www.globallistings.info\/app\/uploads\/2017\/02\/hand.png\" \/>\n<meta name=\"twitter:card\" content=\"summary_large_image\" \/>\n<meta name=\"twitter:label1\" content=\"Est. reading time\" \/>\n\t<meta name=\"twitter:data1\" content=\"1 minute\" \/>\n<script type=\"application\/ld+json\" class=\"yoast-schema-graph\">{\"@context\":\"https:\\\/\\\/schema.org\",\"@graph\":[{\"@type\":\"WebPage\",\"@id\":\"https:\\\/\\\/www.globallistings.info\\\/sv\\\/global-distribution\\\/\",\"url\":\"https:\\\/\\\/www.globallistings.info\\\/sv\\\/global-distribution\\\/\",\"name\":\"Global Distribution - Global Listings\",\"isPartOf\":{\"@id\":\"https:\\\/\\\/www.globallistings.info\\\/ar\\\/#website\"},\"primaryImageOfPage\":{\"@id\":\"https:\\\/\\\/www.globallistings.info\\\/sv\\\/global-distribution\\\/#primaryimage\"},\"image\":{\"@id\":\"https:\\\/\\\/www.globallistings.info\\\/sv\\\/global-distribution\\\/#primaryimage\"},\"thumbnailUrl\":\"http:\\\/\\\/www.globallistings.info\\\/app\\\/uploads\\\/2017\\\/02\\\/hand.png\",\"datePublished\":\"2017-03-16T17:27:33+00:00\",\"dateModified\":\"2018-01-04T16:05:36+00:00\",\"breadcrumb\":{\"@id\":\"https:\\\/\\\/www.globallistings.info\\\/sv\\\/global-distribution\\\/#breadcrumb\"},\"inLanguage\":\"sv-SE\",\"potentialAction\":[{\"@type\":\"ReadAction\",\"target\":[\"https:\\\/\\\/www.globallistings.info\\\/sv\\\/global-distribution\\\/\"]}]},{\"@type\":\"ImageObject\",\"inLanguage\":\"sv-SE\",\"@id\":\"https:\\\/\\\/www.globallistings.info\\\/sv\\\/global-distribution\\\/#primaryimage\",\"url\":\"http:\\\/\\\/www.globallistings.info\\\/app\\\/uploads\\\/2017\\\/02\\\/hand.png\",\"contentUrl\":\"http:\\\/\\\/www.globallistings.info\\\/app\\\/uploads\\\/2017\\\/02\\\/hand.png\"},{\"@type\":\"BreadcrumbList\",\"@id\":\"https:\\\/\\\/www.globallistings.info\\\/sv\\\/global-distribution\\\/#breadcrumb\",\"itemListElement\":[{\"@type\":\"ListItem\",\"position\":1,\"name\":\"Home\",\"item\":\"https:\\\/\\\/www.globallistings.info\\\/sv\\\/\"},{\"@type\":\"ListItem\",\"position\":2,\"name\":\"Global Distribution\"}]},{\"@type\":\"WebSite\",\"@id\":\"https:\\\/\\\/www.globallistings.info\\\/ar\\\/#website\",\"url\":\"https:\\\/\\\/www.globallistings.info\\\/ar\\\/\",\"name\":\"Global Listings\",\"description\":\"\",\"potentialAction\":[{\"@type\":\"SearchAction\",\"target\":{\"@type\":\"EntryPoint\",\"urlTemplate\":\"https:\\\/\\\/www.globallistings.info\\\/ar\\\/?s={search_term_string}\"},\"query-input\":{\"@type\":\"PropertyValueSpecification\",\"valueRequired\":true,\"valueName\":\"search_term_string\"}}],\"inLanguage\":\"sv-SE\"}]}<\/script>\n<!-- \/ Yoast SEO plugin. -->","yoast_head_json":{"title":"Global Distribution - Global Listings","robots":{"index":"index","follow":"follow","max-snippet":"max-snippet:-1","max-image-preview":"max-image-preview:large","max-video-preview":"max-video-preview:-1"},"canonical":"https:\/\/www.globallistings.info\/sv\/global-distribution\/","og_locale":"sv_SE","og_type":"article","og_title":"Global Distribution - Global Listings","og_description":"GLOBAL DISTRIBUTION Global Listings vet att du kan ha det b\u00e4sta inneh\u00e5llet i v\u00e4rlden, men om du inte kommunicerar inneh\u00e5llet till r\u00e4tt personer vid r\u00e4tt tidpunkt, s\u00e5 kommer du inte att f\u00e5 den spridning som ditt programutbud f\u00f6rtj\u00e4nar. Vi kan snabbt skapa riktade och aktuella distributionslistor f\u00f6r alla l\u00e4nder f\u00f6r att i tid distribuera programinneh\u00e5ll [&hellip;]","og_url":"https:\/\/www.globallistings.info\/sv\/global-distribution\/","og_site_name":"Global Listings","article_modified_time":"2018-01-04T16:05:36+00:00","og_image":[{"url":"http:\/\/www.globallistings.info\/app\/uploads\/2017\/02\/hand.png","type":"","width":"","height":""}],"twitter_card":"summary_large_image","twitter_misc":{"Est. reading time":"1 minute"},"schema":{"@context":"https:\/\/schema.org","@graph":[{"@type":"WebPage","@id":"https:\/\/www.globallistings.info\/sv\/global-distribution\/","url":"https:\/\/www.globallistings.info\/sv\/global-distribution\/","name":"Global Distribution - Global Listings","isPartOf":{"@id":"https:\/\/www.globallistings.info\/ar\/#website"},"primaryImageOfPage":{"@id":"https:\/\/www.globallistings.info\/sv\/global-distribution\/#primaryimage"},"image":{"@id":"https:\/\/www.globallistings.info\/sv\/global-distribution\/#primaryimage"},"thumbnailUrl":"http:\/\/www.globallistings.info\/app\/uploads\/2017\/02\/hand.png","datePublished":"2017-03-16T17:27:33+00:00","dateModified":"2018-01-04T16:05:36+00:00","breadcrumb":{"@id":"https:\/\/www.globallistings.info\/sv\/global-distribution\/#breadcrumb"},"inLanguage":"sv-SE","potentialAction":[{"@type":"ReadAction","target":["https:\/\/www.globallistings.info\/sv\/global-distribution\/"]}]},{"@type":"ImageObject","inLanguage":"sv-SE","@id":"https:\/\/www.globallistings.info\/sv\/global-distribution\/#primaryimage","url":"http:\/\/www.globallistings.info\/app\/uploads\/2017\/02\/hand.png","contentUrl":"http:\/\/www.globallistings.info\/app\/uploads\/2017\/02\/hand.png"},{"@type":"BreadcrumbList","@id":"https:\/\/www.globallistings.info\/sv\/global-distribution\/#breadcrumb","itemListElement":[{"@type":"ListItem","position":1,"name":"Home","item":"https:\/\/www.globallistings.info\/sv\/"},{"@type":"ListItem","position":2,"name":"Global Distribution"}]},{"@type":"WebSite","@id":"https:\/\/www.globallistings.info\/ar\/#website","url":"https:\/\/www.globallistings.info\/ar\/","name":"Global Listings","description":"","potentialAction":[{"@type":"SearchAction","target":{"@type":"EntryPoint","urlTemplate":"https:\/\/www.globallistings.info\/ar\/?s={search_term_string}"},"query-input":{"@type":"PropertyValueSpecification","valueRequired":true,"valueName":"search_term_string"}}],"inLanguage":"sv-SE"}]}},"_links":{"self":[{"href":"https:\/\/www.globallistings.info\/sv\/wp-json\/wp\/v2\/pages\/14448","targetHints":{"allow":["GET"]}}],"collection":[{"href":"https:\/\/www.globallistings.info\/sv\/wp-json\/wp\/v2\/pages"}],"about":[{"href":"https:\/\/www.globallistings.info\/sv\/wp-json\/wp\/v2\/types\/page"}],"author":[{"embeddable":true,"href":"https:\/\/www.globallistings.info\/sv\/wp-json\/wp\/v2\/users\/1"}],"replies":[{"embeddable":true,"href":"https:\/\/www.globallistings.info\/sv\/wp-json\/wp\/v2\/comments?post=14448"}],"version-history":[{"count":0,"href":"https:\/\/www.globallistings.info\/sv\/wp-json\/wp\/v2\/pages\/14448\/revisions"}],"wp:attachment":[{"href":"https:\/\/www.globallistings.info\/sv\/wp-json\/wp\/v2\/media?parent=14448"}],"curies":[{"name":"wp","href":"https:\/\/api.w.org\/{rel}","templated":true}]}}