{"id":14592,"date":"2017-03-16T18:02:31","date_gmt":"2017-03-16T18:02:31","guid":{"rendered":"http:\/\/www.globallistings.info\/sv\/sociala-medier\/"},"modified":"2018-01-04T16:00:36","modified_gmt":"2018-01-04T16:00:36","slug":"sociala-medier","status":"publish","type":"page","link":"https:\/\/www.globallistings.info\/sv\/sociala-medier\/","title":{"rendered":"Sociala Medier"},"content":{"rendered":"<div class=\"col-4\">\n<p><img decoding=\"async\" class=\"img-circle img-responsive\" src=\"http:\/\/www.globallistings.info\/app\/uploads\/2017\/01\/sm.png\" alt=\"\" \/><\/p>\n<p class=\"content\">SOCIALA MEDIER<\/p>\n<\/div>\n<div class=\"col-8\">\n<div class=\"content\">\n<p>V\u00e5ra beg\u00e5vade team \u2013 i Storbritannien och internationellt \u2013 \u00e4r experter p\u00e5 att skapa metadata f\u00f6r n\u00f6jesbranschen som levereras till den globala tv-publiken.<\/p>\n<p>V\u00e5rt COPE-system m\u00f6jligg\u00f6r f\u00f6r v\u00e5ra kunder att dra st\u00f6rsta m\u00f6jliga nytta av metadata och bilder som vi skapar och handplockar \u00e5 deras v\u00e4gnar.<\/p>\n<p>Tack vare COPE kan Global Listings \u00e5teranv\u00e4nda data och bilder till flera plattformar och slutanv\u00e4ndare &#8211; fr\u00e5n webbplatser till VOD-plattformar &#8211; samtidigt som de beh\u00e5ller dess fantastiska niv\u00e5 av konsekvens och kvalitet.<\/p>\n<p>Detta betyder att vi kan bidra med merv\u00e4rde till v\u00e5ra kunders sociala mediefl\u00f6den \u2013 fr\u00e5n Facebook och Twitter till Instagram och Snapchat \u2013 vilket genererar meddelanden och bilder som inneh\u00e5ller den allra senaste programtabl\u00e5informationen f\u00f6r att ge v\u00e5ra kunder det st\u00f6rsta m\u00f6jliga v\u00e4rdet fr\u00e5n de uppgifter som vi redan har skapat f\u00f6r dem.<\/p>\n<\/div>\n<\/div>\n","protected":false},"excerpt":{"rendered":"<p>SOCIALA MEDIER V\u00e5ra beg\u00e5vade team \u2013 i Storbritannien och internationellt \u2013 \u00e4r experter p\u00e5 att skapa metadata f\u00f6r n\u00f6jesbranschen som levereras till den globala tv-publiken. V\u00e5rt COPE-system m\u00f6jligg\u00f6r f\u00f6r v\u00e5ra kunder att dra st\u00f6rsta m\u00f6jliga nytta av metadata och bilder som vi skapar och handplockar \u00e5 deras v\u00e4gnar. Tack vare COPE kan Global Listings \u00e5teranv\u00e4nda [&hellip;]<\/p>\n","protected":false},"author":1,"featured_media":0,"parent":0,"menu_order":450,"comment_status":"closed","ping_status":"closed","template":"page-epgs.php","meta":{"_acf_changed":false,"cybocfi_hide_featured_image":"","footnotes":""},"class_list":["post-14592","page","type-page","status-publish","hentry"],"acf":[],"aioseo_notices":[],"yoast_head":"<!-- This site is optimized with the Yoast SEO plugin v27.3 - https:\/\/yoast.com\/product\/yoast-seo-wordpress\/ -->\n<title>Sociala Medier - Global Listings<\/title>\n<meta name=\"robots\" content=\"index, follow, max-snippet:-1, max-image-preview:large, max-video-preview:-1\" \/>\n<link rel=\"canonical\" href=\"https:\/\/www.globallistings.info\/sv\/sociala-medier\/\" \/>\n<meta property=\"og:locale\" content=\"sv_SE\" \/>\n<meta property=\"og:type\" content=\"article\" \/>\n<meta property=\"og:title\" content=\"Sociala Medier - Global Listings\" \/>\n<meta property=\"og:description\" content=\"SOCIALA MEDIER V\u00e5ra beg\u00e5vade team \u2013 i Storbritannien och internationellt \u2013 \u00e4r experter p\u00e5 att skapa metadata f\u00f6r n\u00f6jesbranschen som levereras till den globala tv-publiken. V\u00e5rt COPE-system m\u00f6jligg\u00f6r f\u00f6r v\u00e5ra kunder att dra st\u00f6rsta m\u00f6jliga nytta av metadata och bilder som vi skapar och handplockar \u00e5 deras v\u00e4gnar. Tack vare COPE kan Global Listings \u00e5teranv\u00e4nda [&hellip;]\" \/>\n<meta property=\"og:url\" content=\"https:\/\/www.globallistings.info\/sv\/sociala-medier\/\" \/>\n<meta property=\"og:site_name\" content=\"Global Listings\" \/>\n<meta property=\"article:modified_time\" content=\"2018-01-04T16:00:36+00:00\" \/>\n<meta property=\"og:image\" content=\"http:\/\/www.globallistings.info\/app\/uploads\/2017\/01\/sm.png\" \/>\n<meta name=\"twitter:card\" content=\"summary_large_image\" \/>\n<meta name=\"twitter:label1\" content=\"Est. reading time\" \/>\n\t<meta name=\"twitter:data1\" content=\"1 minute\" \/>\n<script type=\"application\/ld+json\" class=\"yoast-schema-graph\">{\"@context\":\"https:\\\/\\\/schema.org\",\"@graph\":[{\"@type\":\"WebPage\",\"@id\":\"https:\\\/\\\/www.globallistings.info\\\/sv\\\/sociala-medier\\\/\",\"url\":\"https:\\\/\\\/www.globallistings.info\\\/sv\\\/sociala-medier\\\/\",\"name\":\"Sociala Medier - Global Listings\",\"isPartOf\":{\"@id\":\"https:\\\/\\\/www.globallistings.info\\\/ar\\\/#website\"},\"primaryImageOfPage\":{\"@id\":\"https:\\\/\\\/www.globallistings.info\\\/sv\\\/sociala-medier\\\/#primaryimage\"},\"image\":{\"@id\":\"https:\\\/\\\/www.globallistings.info\\\/sv\\\/sociala-medier\\\/#primaryimage\"},\"thumbnailUrl\":\"http:\\\/\\\/www.globallistings.info\\\/app\\\/uploads\\\/2017\\\/01\\\/sm.png\",\"datePublished\":\"2017-03-16T18:02:31+00:00\",\"dateModified\":\"2018-01-04T16:00:36+00:00\",\"breadcrumb\":{\"@id\":\"https:\\\/\\\/www.globallistings.info\\\/sv\\\/sociala-medier\\\/#breadcrumb\"},\"inLanguage\":\"sv-SE\",\"potentialAction\":[{\"@type\":\"ReadAction\",\"target\":[\"https:\\\/\\\/www.globallistings.info\\\/sv\\\/sociala-medier\\\/\"]}]},{\"@type\":\"ImageObject\",\"inLanguage\":\"sv-SE\",\"@id\":\"https:\\\/\\\/www.globallistings.info\\\/sv\\\/sociala-medier\\\/#primaryimage\",\"url\":\"http:\\\/\\\/www.globallistings.info\\\/app\\\/uploads\\\/2017\\\/01\\\/sm.png\",\"contentUrl\":\"http:\\\/\\\/www.globallistings.info\\\/app\\\/uploads\\\/2017\\\/01\\\/sm.png\"},{\"@type\":\"BreadcrumbList\",\"@id\":\"https:\\\/\\\/www.globallistings.info\\\/sv\\\/sociala-medier\\\/#breadcrumb\",\"itemListElement\":[{\"@type\":\"ListItem\",\"position\":1,\"name\":\"Home\",\"item\":\"https:\\\/\\\/www.globallistings.info\\\/sv\\\/\"},{\"@type\":\"ListItem\",\"position\":2,\"name\":\"Sociala Medier\"}]},{\"@type\":\"WebSite\",\"@id\":\"https:\\\/\\\/www.globallistings.info\\\/ar\\\/#website\",\"url\":\"https:\\\/\\\/www.globallistings.info\\\/ar\\\/\",\"name\":\"Global Listings\",\"description\":\"\",\"potentialAction\":[{\"@type\":\"SearchAction\",\"target\":{\"@type\":\"EntryPoint\",\"urlTemplate\":\"https:\\\/\\\/www.globallistings.info\\\/ar\\\/?s={search_term_string}\"},\"query-input\":{\"@type\":\"PropertyValueSpecification\",\"valueRequired\":true,\"valueName\":\"search_term_string\"}}],\"inLanguage\":\"sv-SE\"}]}<\/script>\n<!-- \/ Yoast SEO plugin. -->","yoast_head_json":{"title":"Sociala Medier - Global Listings","robots":{"index":"index","follow":"follow","max-snippet":"max-snippet:-1","max-image-preview":"max-image-preview:large","max-video-preview":"max-video-preview:-1"},"canonical":"https:\/\/www.globallistings.info\/sv\/sociala-medier\/","og_locale":"sv_SE","og_type":"article","og_title":"Sociala Medier - Global Listings","og_description":"SOCIALA MEDIER V\u00e5ra beg\u00e5vade team \u2013 i Storbritannien och internationellt \u2013 \u00e4r experter p\u00e5 att skapa metadata f\u00f6r n\u00f6jesbranschen som levereras till den globala tv-publiken. V\u00e5rt COPE-system m\u00f6jligg\u00f6r f\u00f6r v\u00e5ra kunder att dra st\u00f6rsta m\u00f6jliga nytta av metadata och bilder som vi skapar och handplockar \u00e5 deras v\u00e4gnar. Tack vare COPE kan Global Listings \u00e5teranv\u00e4nda [&hellip;]","og_url":"https:\/\/www.globallistings.info\/sv\/sociala-medier\/","og_site_name":"Global Listings","article_modified_time":"2018-01-04T16:00:36+00:00","og_image":[{"url":"http:\/\/www.globallistings.info\/app\/uploads\/2017\/01\/sm.png","type":"","width":"","height":""}],"twitter_card":"summary_large_image","twitter_misc":{"Est. reading time":"1 minute"},"schema":{"@context":"https:\/\/schema.org","@graph":[{"@type":"WebPage","@id":"https:\/\/www.globallistings.info\/sv\/sociala-medier\/","url":"https:\/\/www.globallistings.info\/sv\/sociala-medier\/","name":"Sociala Medier - Global Listings","isPartOf":{"@id":"https:\/\/www.globallistings.info\/ar\/#website"},"primaryImageOfPage":{"@id":"https:\/\/www.globallistings.info\/sv\/sociala-medier\/#primaryimage"},"image":{"@id":"https:\/\/www.globallistings.info\/sv\/sociala-medier\/#primaryimage"},"thumbnailUrl":"http:\/\/www.globallistings.info\/app\/uploads\/2017\/01\/sm.png","datePublished":"2017-03-16T18:02:31+00:00","dateModified":"2018-01-04T16:00:36+00:00","breadcrumb":{"@id":"https:\/\/www.globallistings.info\/sv\/sociala-medier\/#breadcrumb"},"inLanguage":"sv-SE","potentialAction":[{"@type":"ReadAction","target":["https:\/\/www.globallistings.info\/sv\/sociala-medier\/"]}]},{"@type":"ImageObject","inLanguage":"sv-SE","@id":"https:\/\/www.globallistings.info\/sv\/sociala-medier\/#primaryimage","url":"http:\/\/www.globallistings.info\/app\/uploads\/2017\/01\/sm.png","contentUrl":"http:\/\/www.globallistings.info\/app\/uploads\/2017\/01\/sm.png"},{"@type":"BreadcrumbList","@id":"https:\/\/www.globallistings.info\/sv\/sociala-medier\/#breadcrumb","itemListElement":[{"@type":"ListItem","position":1,"name":"Home","item":"https:\/\/www.globallistings.info\/sv\/"},{"@type":"ListItem","position":2,"name":"Sociala Medier"}]},{"@type":"WebSite","@id":"https:\/\/www.globallistings.info\/ar\/#website","url":"https:\/\/www.globallistings.info\/ar\/","name":"Global Listings","description":"","potentialAction":[{"@type":"SearchAction","target":{"@type":"EntryPoint","urlTemplate":"https:\/\/www.globallistings.info\/ar\/?s={search_term_string}"},"query-input":{"@type":"PropertyValueSpecification","valueRequired":true,"valueName":"search_term_string"}}],"inLanguage":"sv-SE"}]}},"_links":{"self":[{"href":"https:\/\/www.globallistings.info\/sv\/wp-json\/wp\/v2\/pages\/14592","targetHints":{"allow":["GET"]}}],"collection":[{"href":"https:\/\/www.globallistings.info\/sv\/wp-json\/wp\/v2\/pages"}],"about":[{"href":"https:\/\/www.globallistings.info\/sv\/wp-json\/wp\/v2\/types\/page"}],"author":[{"embeddable":true,"href":"https:\/\/www.globallistings.info\/sv\/wp-json\/wp\/v2\/users\/1"}],"replies":[{"embeddable":true,"href":"https:\/\/www.globallistings.info\/sv\/wp-json\/wp\/v2\/comments?post=14592"}],"version-history":[{"count":0,"href":"https:\/\/www.globallistings.info\/sv\/wp-json\/wp\/v2\/pages\/14592\/revisions"}],"wp:attachment":[{"href":"https:\/\/www.globallistings.info\/sv\/wp-json\/wp\/v2\/media?parent=14592"}],"curies":[{"name":"wp","href":"https:\/\/api.w.org\/{rel}","templated":true}]}}