{"id":14624,"date":"2017-03-16T18:38:36","date_gmt":"2017-03-16T18:38:36","guid":{"rendered":"http:\/\/www.globallistings.info\/sv\/highlights\/"},"modified":"2018-01-04T15:50:56","modified_gmt":"2018-01-04T15:50:56","slug":"highlights","status":"publish","type":"page","link":"https:\/\/www.globallistings.info\/sv\/highlights\/","title":{"rendered":"H\u00f6jdpunkter"},"content":{"rendered":"<div class=\"col-4\">\n<p><img decoding=\"async\" class=\"img-circle img-responsive\" src=\"http:\/\/www.globallistings.info\/app\/uploads\/2016\/11\/services-3.png\" alt=\"content_photo\" \/><\/p>\n<p class=\"content\">H\u00d6JDPUNKTER<\/p>\n<\/div>\n<div class=\"col-8\">\n<div class=\"content\">\n<p>Global Listings skapar i\u00f6gonfallande, industriinriktade h\u00f6jdpunkter p\u00e5 uppdrag av tv-klienter p\u00e5 global basis, som delas ut till media i varje avsett land eller region p\u00e5 vecko- och m\u00e5nadsbasis. Vi g\u00f6r detta p\u00e5 36 olika spr\u00e5k och i fler \u00e4n 145 l\u00e4nder \u00f6ver hela v\u00e4rlden.<\/p>\n<p>V\u00e5ra kunniga skribenter, lingvister, redakt\u00f6rer och formgivare kan skapa redaktionella texter som f\u00e5ngar varje TV-kanals nyckelbudskap. Detta kombineras med tr\u00e4ffs\u00e4kra bilder f\u00f6r att fr\u00e4mja alla de viktigaste f\u00f6rs\u00e4ljningsargumenten f\u00f6r en kanals premi\u00e4rserie, s\u00e4songstema och stunts.<\/p>\n<p>Global Listings h\u00f6jdpunkter garanterar att en TV-kanals programinneh\u00e5ll levereras i tid och med all relevant information till r\u00e4tt kontakter, och (kanske det allra viktigaste p\u00e5 den mycket konkurrensutsatta TV-marknaden) att de sticker ut fr\u00e5n konkurrenterna och f\u00e5r maximal spridning i tryck och p\u00e5 n\u00e4tet.<\/p>\n<\/div>\n<\/div>\n","protected":false},"excerpt":{"rendered":"<p>H\u00d6JDPUNKTER Global Listings skapar i\u00f6gonfallande, industriinriktade h\u00f6jdpunkter p\u00e5 uppdrag av tv-klienter p\u00e5 global basis, som delas ut till media i varje avsett land eller region p\u00e5 vecko- och m\u00e5nadsbasis. Vi g\u00f6r detta p\u00e5 36 olika spr\u00e5k och i fler \u00e4n 145 l\u00e4nder \u00f6ver hela v\u00e4rlden. V\u00e5ra kunniga skribenter, lingvister, redakt\u00f6rer och formgivare kan skapa redaktionella [&hellip;]<\/p>\n","protected":false},"author":1,"featured_media":0,"parent":0,"menu_order":267,"comment_status":"closed","ping_status":"closed","template":"page-highlights.php","meta":{"_acf_changed":false,"cybocfi_hide_featured_image":"","footnotes":""},"class_list":["post-14624","page","type-page","status-publish","hentry"],"acf":[],"aioseo_notices":[],"yoast_head":"<!-- This site is optimized with the Yoast SEO plugin v27.4 - https:\/\/yoast.com\/product\/yoast-seo-wordpress\/ -->\n<title>H\u00f6jdpunkter - Global Listings<\/title>\n<meta name=\"robots\" content=\"index, follow, max-snippet:-1, max-image-preview:large, max-video-preview:-1\" \/>\n<link rel=\"canonical\" href=\"https:\/\/www.globallistings.info\/sv\/highlights\/\" \/>\n<meta property=\"og:locale\" content=\"sv_SE\" \/>\n<meta property=\"og:type\" content=\"article\" \/>\n<meta property=\"og:title\" content=\"H\u00f6jdpunkter - Global Listings\" \/>\n<meta property=\"og:description\" content=\"H\u00d6JDPUNKTER Global Listings skapar i\u00f6gonfallande, industriinriktade h\u00f6jdpunkter p\u00e5 uppdrag av tv-klienter p\u00e5 global basis, som delas ut till media i varje avsett land eller region p\u00e5 vecko- och m\u00e5nadsbasis. Vi g\u00f6r detta p\u00e5 36 olika spr\u00e5k och i fler \u00e4n 145 l\u00e4nder \u00f6ver hela v\u00e4rlden. V\u00e5ra kunniga skribenter, lingvister, redakt\u00f6rer och formgivare kan skapa redaktionella [&hellip;]\" \/>\n<meta property=\"og:url\" content=\"https:\/\/www.globallistings.info\/sv\/highlights\/\" \/>\n<meta property=\"og:site_name\" content=\"Global Listings\" \/>\n<meta property=\"article:modified_time\" content=\"2018-01-04T15:50:56+00:00\" \/>\n<meta property=\"og:image\" content=\"http:\/\/www.globallistings.info\/app\/uploads\/2016\/11\/services-3.png\" \/>\n<meta name=\"twitter:card\" content=\"summary_large_image\" \/>\n<meta name=\"twitter:label1\" content=\"Est. reading time\" \/>\n\t<meta name=\"twitter:data1\" content=\"1 minute\" \/>\n<script type=\"application\/ld+json\" class=\"yoast-schema-graph\">{\"@context\":\"https:\\\/\\\/schema.org\",\"@graph\":[{\"@type\":\"WebPage\",\"@id\":\"https:\\\/\\\/www.globallistings.info\\\/sv\\\/highlights\\\/\",\"url\":\"https:\\\/\\\/www.globallistings.info\\\/sv\\\/highlights\\\/\",\"name\":\"H\u00f6jdpunkter - Global Listings\",\"isPartOf\":{\"@id\":\"https:\\\/\\\/www.globallistings.info\\\/ar\\\/#website\"},\"primaryImageOfPage\":{\"@id\":\"https:\\\/\\\/www.globallistings.info\\\/sv\\\/highlights\\\/#primaryimage\"},\"image\":{\"@id\":\"https:\\\/\\\/www.globallistings.info\\\/sv\\\/highlights\\\/#primaryimage\"},\"thumbnailUrl\":\"http:\\\/\\\/www.globallistings.info\\\/app\\\/uploads\\\/2016\\\/11\\\/services-3.png\",\"datePublished\":\"2017-03-16T18:38:36+00:00\",\"dateModified\":\"2018-01-04T15:50:56+00:00\",\"breadcrumb\":{\"@id\":\"https:\\\/\\\/www.globallistings.info\\\/sv\\\/highlights\\\/#breadcrumb\"},\"inLanguage\":\"sv-SE\",\"potentialAction\":[{\"@type\":\"ReadAction\",\"target\":[\"https:\\\/\\\/www.globallistings.info\\\/sv\\\/highlights\\\/\"]}]},{\"@type\":\"ImageObject\",\"inLanguage\":\"sv-SE\",\"@id\":\"https:\\\/\\\/www.globallistings.info\\\/sv\\\/highlights\\\/#primaryimage\",\"url\":\"http:\\\/\\\/www.globallistings.info\\\/app\\\/uploads\\\/2016\\\/11\\\/services-3.png\",\"contentUrl\":\"http:\\\/\\\/www.globallistings.info\\\/app\\\/uploads\\\/2016\\\/11\\\/services-3.png\"},{\"@type\":\"BreadcrumbList\",\"@id\":\"https:\\\/\\\/www.globallistings.info\\\/sv\\\/highlights\\\/#breadcrumb\",\"itemListElement\":[{\"@type\":\"ListItem\",\"position\":1,\"name\":\"Home\",\"item\":\"https:\\\/\\\/www.globallistings.info\\\/sv\\\/\"},{\"@type\":\"ListItem\",\"position\":2,\"name\":\"H\u00f6jdpunkter\"}]},{\"@type\":\"WebSite\",\"@id\":\"https:\\\/\\\/www.globallistings.info\\\/ar\\\/#website\",\"url\":\"https:\\\/\\\/www.globallistings.info\\\/ar\\\/\",\"name\":\"Global Listings\",\"description\":\"\",\"potentialAction\":[{\"@type\":\"SearchAction\",\"target\":{\"@type\":\"EntryPoint\",\"urlTemplate\":\"https:\\\/\\\/www.globallistings.info\\\/ar\\\/?s={search_term_string}\"},\"query-input\":{\"@type\":\"PropertyValueSpecification\",\"valueRequired\":true,\"valueName\":\"search_term_string\"}}],\"inLanguage\":\"sv-SE\"}]}<\/script>\n<!-- \/ Yoast SEO plugin. -->","yoast_head_json":{"title":"H\u00f6jdpunkter - Global Listings","robots":{"index":"index","follow":"follow","max-snippet":"max-snippet:-1","max-image-preview":"max-image-preview:large","max-video-preview":"max-video-preview:-1"},"canonical":"https:\/\/www.globallistings.info\/sv\/highlights\/","og_locale":"sv_SE","og_type":"article","og_title":"H\u00f6jdpunkter - Global Listings","og_description":"H\u00d6JDPUNKTER Global Listings skapar i\u00f6gonfallande, industriinriktade h\u00f6jdpunkter p\u00e5 uppdrag av tv-klienter p\u00e5 global basis, som delas ut till media i varje avsett land eller region p\u00e5 vecko- och m\u00e5nadsbasis. Vi g\u00f6r detta p\u00e5 36 olika spr\u00e5k och i fler \u00e4n 145 l\u00e4nder \u00f6ver hela v\u00e4rlden. V\u00e5ra kunniga skribenter, lingvister, redakt\u00f6rer och formgivare kan skapa redaktionella [&hellip;]","og_url":"https:\/\/www.globallistings.info\/sv\/highlights\/","og_site_name":"Global Listings","article_modified_time":"2018-01-04T15:50:56+00:00","og_image":[{"url":"http:\/\/www.globallistings.info\/app\/uploads\/2016\/11\/services-3.png","type":"","width":"","height":""}],"twitter_card":"summary_large_image","twitter_misc":{"Est. reading time":"1 minute"},"schema":{"@context":"https:\/\/schema.org","@graph":[{"@type":"WebPage","@id":"https:\/\/www.globallistings.info\/sv\/highlights\/","url":"https:\/\/www.globallistings.info\/sv\/highlights\/","name":"H\u00f6jdpunkter - Global Listings","isPartOf":{"@id":"https:\/\/www.globallistings.info\/ar\/#website"},"primaryImageOfPage":{"@id":"https:\/\/www.globallistings.info\/sv\/highlights\/#primaryimage"},"image":{"@id":"https:\/\/www.globallistings.info\/sv\/highlights\/#primaryimage"},"thumbnailUrl":"http:\/\/www.globallistings.info\/app\/uploads\/2016\/11\/services-3.png","datePublished":"2017-03-16T18:38:36+00:00","dateModified":"2018-01-04T15:50:56+00:00","breadcrumb":{"@id":"https:\/\/www.globallistings.info\/sv\/highlights\/#breadcrumb"},"inLanguage":"sv-SE","potentialAction":[{"@type":"ReadAction","target":["https:\/\/www.globallistings.info\/sv\/highlights\/"]}]},{"@type":"ImageObject","inLanguage":"sv-SE","@id":"https:\/\/www.globallistings.info\/sv\/highlights\/#primaryimage","url":"http:\/\/www.globallistings.info\/app\/uploads\/2016\/11\/services-3.png","contentUrl":"http:\/\/www.globallistings.info\/app\/uploads\/2016\/11\/services-3.png"},{"@type":"BreadcrumbList","@id":"https:\/\/www.globallistings.info\/sv\/highlights\/#breadcrumb","itemListElement":[{"@type":"ListItem","position":1,"name":"Home","item":"https:\/\/www.globallistings.info\/sv\/"},{"@type":"ListItem","position":2,"name":"H\u00f6jdpunkter"}]},{"@type":"WebSite","@id":"https:\/\/www.globallistings.info\/ar\/#website","url":"https:\/\/www.globallistings.info\/ar\/","name":"Global Listings","description":"","potentialAction":[{"@type":"SearchAction","target":{"@type":"EntryPoint","urlTemplate":"https:\/\/www.globallistings.info\/ar\/?s={search_term_string}"},"query-input":{"@type":"PropertyValueSpecification","valueRequired":true,"valueName":"search_term_string"}}],"inLanguage":"sv-SE"}]}},"_links":{"self":[{"href":"https:\/\/www.globallistings.info\/sv\/wp-json\/wp\/v2\/pages\/14624","targetHints":{"allow":["GET"]}}],"collection":[{"href":"https:\/\/www.globallistings.info\/sv\/wp-json\/wp\/v2\/pages"}],"about":[{"href":"https:\/\/www.globallistings.info\/sv\/wp-json\/wp\/v2\/types\/page"}],"author":[{"embeddable":true,"href":"https:\/\/www.globallistings.info\/sv\/wp-json\/wp\/v2\/users\/1"}],"replies":[{"embeddable":true,"href":"https:\/\/www.globallistings.info\/sv\/wp-json\/wp\/v2\/comments?post=14624"}],"version-history":[{"count":0,"href":"https:\/\/www.globallistings.info\/sv\/wp-json\/wp\/v2\/pages\/14624\/revisions"}],"wp:attachment":[{"href":"https:\/\/www.globallistings.info\/sv\/wp-json\/wp\/v2\/media?parent=14624"}],"curies":[{"name":"wp","href":"https:\/\/api.w.org\/{rel}","templated":true}]}}