{"id":15428,"date":"2017-03-17T15:10:33","date_gmt":"2017-03-17T15:10:33","guid":{"rendered":"http:\/\/www.globallistings.info\/sv\/tjaenster\/"},"modified":"2018-01-04T15:32:49","modified_gmt":"2018-01-04T15:32:49","slug":"tjaenster","status":"publish","type":"page","link":"https:\/\/www.globallistings.info\/sv\/tjaenster\/","title":{"rendered":"Tj\u00e4nster"},"content":{"rendered":"<div class=\"col-4\">\n<p><img decoding=\"async\" class=\"img-circle img-responsive\" src=\"http:\/\/www.globallistings.info\/app\/uploads\/2016\/12\/services.png\" alt=\"\" \/><\/p>\n<p class=\"content\">Paul Weaver<br \/>\n<mark class=\"sub-content\">VD<\/mark><\/p>\n<p class=\"description\">Paul Weaver \u00e4r VD p\u00e5 Global Listings, med fokus p\u00e5 dag-till-dag-verksamheten samtidigt som han har uppsikt \u00f6ver nya samarbeten. Med bakgrund hos en TV-redaktion och kunskap kring elektroniska programguider, har Paul tillbringat n\u00e4stan ett decennium p\u00e5 Sky TV och Video Networks (nu Talktalk). I och med detta har Paul byggt upp en stor erfarenhet med sina 20+ \u00e5r i branschen. Paul brinner f\u00f6r att leverera en f\u00f6rstklassig service till var och en av Global Listings&#8217; kunder och han ser till att alla tj\u00e4nster som de tillhandah\u00e5ller alltid ska \u00f6vertr\u00e4ffa kundernas f\u00f6rv\u00e4ntningar.<\/p>\n<\/div>\n<div class=\"col-8\">\n<div class=\"content\">\n<p>Vi levererar senaste linj\u00e4ra och icke-linj\u00e4ra (video on demand)<strong> EPG-data<\/strong> direkt till tv-plattformar och OTT-tj\u00e4nster.<\/p>\n<p>Vi skapar och distribuerar lokaliserade <strong>programtabl\u00e5er<\/strong> och bl\u00e4ndande <strong>h\u00f6jdpunkter<\/strong> p\u00e5 uppdrag av olika TV-kanaler.<\/p>\n<p>Vi <strong>\u00f6vers\u00e4tter<\/strong> programtitlar, beskrivningar och metadata fr\u00e5n alla v\u00e4rldens spr\u00e5k till vilket spr\u00e5k som helst med hj\u00e4lp av ett globalt n\u00e4tverk av 17 000 erfarna och kvalificerade \u00f6vers\u00e4ttare som verkligen f\u00f6rst\u00e5r hur man lokaliserar redaktionellt material p\u00e5 varje marknad.<\/p>\n<p>Vi jobbar med v\u00e5ra kunders <strong>sociala mediafl\u00f6den<\/strong> f\u00f6r att integrera deras TV-programs metadata i sina sociala n\u00e4tverk \u2013 fr\u00e5n Twitter och Facebook till Instagram och Snapchat.<\/p>\n<p>Vi <strong>skapar inneh\u00e5ll<\/strong> med ett turboladdat team av journalister och redakt\u00f6rer. Ord \u00e4r v\u00e5r specialitet och vi tappar dem aldrig!<\/p>\n<p>Vi <strong>levererar<\/strong> programtabl\u00e5er, h\u00f6jdpunkter, EPG, VOD-data och annat material med hj\u00e4lp av ett modernt distributionssystem med skr\u00e4ddarsydda, riktade e-postlistor f\u00f6r varje kunds individuella regioner, och per produkt\/spr\u00e5k.<\/p>\n<p>Och vi kan bed\u00f6ma v\u00e5ra kunders mediabevakning med hj\u00e4lp av en <strong>bevakningstj\u00e4nst<\/strong> \u00f6ver tryck, webb och sociala medier runt om i v\u00e4rlden.<\/p>\n<\/div>\n<\/div>\n","protected":false},"excerpt":{"rendered":"<p>Paul Weaver VD Paul Weaver \u00e4r VD p\u00e5 Global Listings, med fokus p\u00e5 dag-till-dag-verksamheten samtidigt som han har uppsikt \u00f6ver nya samarbeten. Med bakgrund hos en TV-redaktion och kunskap kring elektroniska programguider, har Paul tillbringat n\u00e4stan ett decennium p\u00e5 Sky TV och Video Networks (nu Talktalk). I och med detta har Paul byggt upp en [&hellip;]<\/p>\n","protected":false},"author":1,"featured_media":0,"parent":0,"menu_order":425,"comment_status":"closed","ping_status":"closed","template":"page-services.php","meta":{"_acf_changed":false,"cybocfi_hide_featured_image":"","footnotes":""},"class_list":["post-15428","page","type-page","status-publish","hentry"],"acf":[],"aioseo_notices":[],"yoast_head":"<!-- This site is optimized with the Yoast SEO plugin v27.3 - https:\/\/yoast.com\/product\/yoast-seo-wordpress\/ -->\n<title>Tj\u00e4nster - Global Listings<\/title>\n<meta name=\"robots\" content=\"index, follow, max-snippet:-1, max-image-preview:large, max-video-preview:-1\" \/>\n<link rel=\"canonical\" href=\"https:\/\/www.globallistings.info\/sv\/tjaenster\/\" \/>\n<meta property=\"og:locale\" content=\"sv_SE\" \/>\n<meta property=\"og:type\" content=\"article\" \/>\n<meta property=\"og:title\" content=\"Tj\u00e4nster - Global Listings\" \/>\n<meta property=\"og:description\" content=\"Paul Weaver VD Paul Weaver \u00e4r VD p\u00e5 Global Listings, med fokus p\u00e5 dag-till-dag-verksamheten samtidigt som han har uppsikt \u00f6ver nya samarbeten. Med bakgrund hos en TV-redaktion och kunskap kring elektroniska programguider, har Paul tillbringat n\u00e4stan ett decennium p\u00e5 Sky TV och Video Networks (nu Talktalk). I och med detta har Paul byggt upp en [&hellip;]\" \/>\n<meta property=\"og:url\" content=\"https:\/\/www.globallistings.info\/sv\/tjaenster\/\" \/>\n<meta property=\"og:site_name\" content=\"Global Listings\" \/>\n<meta property=\"article:modified_time\" content=\"2018-01-04T15:32:49+00:00\" \/>\n<meta property=\"og:image\" content=\"http:\/\/www.globallistings.info\/app\/uploads\/2016\/12\/services.png\" \/>\n<meta name=\"twitter:card\" content=\"summary_large_image\" \/>\n<meta name=\"twitter:label1\" content=\"Est. reading time\" \/>\n\t<meta name=\"twitter:data1\" content=\"1 minute\" \/>\n<script type=\"application\/ld+json\" class=\"yoast-schema-graph\">{\"@context\":\"https:\\\/\\\/schema.org\",\"@graph\":[{\"@type\":\"WebPage\",\"@id\":\"https:\\\/\\\/www.globallistings.info\\\/sv\\\/tjaenster\\\/\",\"url\":\"https:\\\/\\\/www.globallistings.info\\\/sv\\\/tjaenster\\\/\",\"name\":\"Tj\u00e4nster - Global Listings\",\"isPartOf\":{\"@id\":\"https:\\\/\\\/www.globallistings.info\\\/ar\\\/#website\"},\"primaryImageOfPage\":{\"@id\":\"https:\\\/\\\/www.globallistings.info\\\/sv\\\/tjaenster\\\/#primaryimage\"},\"image\":{\"@id\":\"https:\\\/\\\/www.globallistings.info\\\/sv\\\/tjaenster\\\/#primaryimage\"},\"thumbnailUrl\":\"http:\\\/\\\/www.globallistings.info\\\/app\\\/uploads\\\/2016\\\/12\\\/services.png\",\"datePublished\":\"2017-03-17T15:10:33+00:00\",\"dateModified\":\"2018-01-04T15:32:49+00:00\",\"breadcrumb\":{\"@id\":\"https:\\\/\\\/www.globallistings.info\\\/sv\\\/tjaenster\\\/#breadcrumb\"},\"inLanguage\":\"sv-SE\",\"potentialAction\":[{\"@type\":\"ReadAction\",\"target\":[\"https:\\\/\\\/www.globallistings.info\\\/sv\\\/tjaenster\\\/\"]}]},{\"@type\":\"ImageObject\",\"inLanguage\":\"sv-SE\",\"@id\":\"https:\\\/\\\/www.globallistings.info\\\/sv\\\/tjaenster\\\/#primaryimage\",\"url\":\"http:\\\/\\\/www.globallistings.info\\\/app\\\/uploads\\\/2016\\\/12\\\/services.png\",\"contentUrl\":\"http:\\\/\\\/www.globallistings.info\\\/app\\\/uploads\\\/2016\\\/12\\\/services.png\"},{\"@type\":\"BreadcrumbList\",\"@id\":\"https:\\\/\\\/www.globallistings.info\\\/sv\\\/tjaenster\\\/#breadcrumb\",\"itemListElement\":[{\"@type\":\"ListItem\",\"position\":1,\"name\":\"Home\",\"item\":\"https:\\\/\\\/www.globallistings.info\\\/sv\\\/\"},{\"@type\":\"ListItem\",\"position\":2,\"name\":\"Tj\u00e4nster\"}]},{\"@type\":\"WebSite\",\"@id\":\"https:\\\/\\\/www.globallistings.info\\\/ar\\\/#website\",\"url\":\"https:\\\/\\\/www.globallistings.info\\\/ar\\\/\",\"name\":\"Global Listings\",\"description\":\"\",\"potentialAction\":[{\"@type\":\"SearchAction\",\"target\":{\"@type\":\"EntryPoint\",\"urlTemplate\":\"https:\\\/\\\/www.globallistings.info\\\/ar\\\/?s={search_term_string}\"},\"query-input\":{\"@type\":\"PropertyValueSpecification\",\"valueRequired\":true,\"valueName\":\"search_term_string\"}}],\"inLanguage\":\"sv-SE\"}]}<\/script>\n<!-- \/ Yoast SEO plugin. -->","yoast_head_json":{"title":"Tj\u00e4nster - Global Listings","robots":{"index":"index","follow":"follow","max-snippet":"max-snippet:-1","max-image-preview":"max-image-preview:large","max-video-preview":"max-video-preview:-1"},"canonical":"https:\/\/www.globallistings.info\/sv\/tjaenster\/","og_locale":"sv_SE","og_type":"article","og_title":"Tj\u00e4nster - Global Listings","og_description":"Paul Weaver VD Paul Weaver \u00e4r VD p\u00e5 Global Listings, med fokus p\u00e5 dag-till-dag-verksamheten samtidigt som han har uppsikt \u00f6ver nya samarbeten. Med bakgrund hos en TV-redaktion och kunskap kring elektroniska programguider, har Paul tillbringat n\u00e4stan ett decennium p\u00e5 Sky TV och Video Networks (nu Talktalk). I och med detta har Paul byggt upp en [&hellip;]","og_url":"https:\/\/www.globallistings.info\/sv\/tjaenster\/","og_site_name":"Global Listings","article_modified_time":"2018-01-04T15:32:49+00:00","og_image":[{"url":"http:\/\/www.globallistings.info\/app\/uploads\/2016\/12\/services.png","type":"","width":"","height":""}],"twitter_card":"summary_large_image","twitter_misc":{"Est. reading time":"1 minute"},"schema":{"@context":"https:\/\/schema.org","@graph":[{"@type":"WebPage","@id":"https:\/\/www.globallistings.info\/sv\/tjaenster\/","url":"https:\/\/www.globallistings.info\/sv\/tjaenster\/","name":"Tj\u00e4nster - Global Listings","isPartOf":{"@id":"https:\/\/www.globallistings.info\/ar\/#website"},"primaryImageOfPage":{"@id":"https:\/\/www.globallistings.info\/sv\/tjaenster\/#primaryimage"},"image":{"@id":"https:\/\/www.globallistings.info\/sv\/tjaenster\/#primaryimage"},"thumbnailUrl":"http:\/\/www.globallistings.info\/app\/uploads\/2016\/12\/services.png","datePublished":"2017-03-17T15:10:33+00:00","dateModified":"2018-01-04T15:32:49+00:00","breadcrumb":{"@id":"https:\/\/www.globallistings.info\/sv\/tjaenster\/#breadcrumb"},"inLanguage":"sv-SE","potentialAction":[{"@type":"ReadAction","target":["https:\/\/www.globallistings.info\/sv\/tjaenster\/"]}]},{"@type":"ImageObject","inLanguage":"sv-SE","@id":"https:\/\/www.globallistings.info\/sv\/tjaenster\/#primaryimage","url":"http:\/\/www.globallistings.info\/app\/uploads\/2016\/12\/services.png","contentUrl":"http:\/\/www.globallistings.info\/app\/uploads\/2016\/12\/services.png"},{"@type":"BreadcrumbList","@id":"https:\/\/www.globallistings.info\/sv\/tjaenster\/#breadcrumb","itemListElement":[{"@type":"ListItem","position":1,"name":"Home","item":"https:\/\/www.globallistings.info\/sv\/"},{"@type":"ListItem","position":2,"name":"Tj\u00e4nster"}]},{"@type":"WebSite","@id":"https:\/\/www.globallistings.info\/ar\/#website","url":"https:\/\/www.globallistings.info\/ar\/","name":"Global Listings","description":"","potentialAction":[{"@type":"SearchAction","target":{"@type":"EntryPoint","urlTemplate":"https:\/\/www.globallistings.info\/ar\/?s={search_term_string}"},"query-input":{"@type":"PropertyValueSpecification","valueRequired":true,"valueName":"search_term_string"}}],"inLanguage":"sv-SE"}]}},"_links":{"self":[{"href":"https:\/\/www.globallistings.info\/sv\/wp-json\/wp\/v2\/pages\/15428","targetHints":{"allow":["GET"]}}],"collection":[{"href":"https:\/\/www.globallistings.info\/sv\/wp-json\/wp\/v2\/pages"}],"about":[{"href":"https:\/\/www.globallistings.info\/sv\/wp-json\/wp\/v2\/types\/page"}],"author":[{"embeddable":true,"href":"https:\/\/www.globallistings.info\/sv\/wp-json\/wp\/v2\/users\/1"}],"replies":[{"embeddable":true,"href":"https:\/\/www.globallistings.info\/sv\/wp-json\/wp\/v2\/comments?post=15428"}],"version-history":[{"count":0,"href":"https:\/\/www.globallistings.info\/sv\/wp-json\/wp\/v2\/pages\/15428\/revisions"}],"wp:attachment":[{"href":"https:\/\/www.globallistings.info\/sv\/wp-json\/wp\/v2\/media?parent=15428"}],"curies":[{"name":"wp","href":"https:\/\/api.w.org\/{rel}","templated":true}]}}