{"id":10310,"date":"2017-03-13T17:57:41","date_gmt":"2017-03-13T17:57:41","guid":{"rendered":"http:\/\/www.globallistings.info\/tr\/medya-izleme\/"},"modified":"2017-12-19T10:58:40","modified_gmt":"2017-12-19T10:58:40","slug":"medya-izleme","status":"publish","type":"page","link":"https:\/\/www.globallistings.info\/tr\/medya-izleme\/","title":{"rendered":"Medya \u0130zleme"},"content":{"rendered":"<div class=\"col-4\">\n<p><img decoding=\"async\" class=\"img-circle img-responsive\" src=\"http:\/\/globallistings.info\/app\/uploads\/2017\/01\/gl.png\" \/><\/p>\n<p class=\"content\">MEDYA \u0130ZLEME<\/p>\n<\/div>\n<div class=\"col-8\">\n<div class=\"content\">\n<p>Stratejik orta\u011f\u0131m\u0131zla birlikte milyonlarca sosyal medya, \u00e7evrimi\u00e7i haber ve ana ak\u0131m haber kayna\u011f\u0131n\u0131 izleriz, b\u00f6ylece yay\u0131n alan\u0131ndaki m\u00fc\u015fterilerimizin k\u00fcresel medyada kendilerine dair yay\u0131nlanan haberleri izlemelerini sa\u011flar\u0131z.<\/p>\n<p>M\u00fc\u015fterilerimize bas\u0131l\u0131 medya, \u00e7evrimi\u00e7i ortam ve sosyal medya \u00e7ap\u0131ndaki her t\u00fcrl\u00fc bas\u0131n ve pazarlama faaliyeti i\u00e7in k\u00fcresel medyadaki varl\u0131klar\u0131 konusunda eksiksiz bir bak\u0131\u015f a\u00e7\u0131s\u0131 sunan, b\u00fct\u00fcnl\u00fckl\u00fc bir medya izleme hizmeti sa\u011flar\u0131z.<\/p>\n<p>Bu hizmet ile, 400.000 uluslararas\u0131 haber kayna\u011f\u0131na ve Twitter dahil milyonlarca sosyal medya kanal\u0131na eri\u015fim sa\u011flan\u0131r.<\/p>\n<p>75 k\u00fcresel ara\u015ft\u0131rmac\u0131dan olu\u015fan bir ekip merkezi veri taban\u0131n\u0131n s\u00fcrekli olarak g\u00fcncellenmesini sa\u011flar \u2013 b\u00f6ylece yay\u0131n alan\u0131ndaki m\u00fc\u015fterilerimiz olas\u0131 en do\u011fru bilgileri ald\u0131klar\u0131ndan emin olabilirler.<\/p>\n<p>Kilit program lansmanlar\u0131, yeni diziler, \u00f6zel etkinlikler ve pr\u00f6miyerler konusunda izleme raporlar\u0131 olu\u015fturulabilir ve bunlar her t\u00fcrl\u00fc \u00f6zel gereklili\u011fe uygun olarak \u00f6zelle\u015ftirilebilir; \u00f6rne\u011fin yeni bir b\u00f6lgede kanal lansman\u0131, \u00f6zel bir program\u0131n tematik bir sezonu ya da hatta belirli bir sunucunun ad\u0131.<\/p>\n<\/div>\n<\/div>\n","protected":false},"excerpt":{"rendered":"<p>MEDYA \u0130ZLEME Stratejik orta\u011f\u0131m\u0131zla birlikte milyonlarca sosyal medya, \u00e7evrimi\u00e7i haber ve ana ak\u0131m haber kayna\u011f\u0131n\u0131 izleriz, b\u00f6ylece yay\u0131n alan\u0131ndaki m\u00fc\u015fterilerimizin k\u00fcresel medyada kendilerine dair yay\u0131nlanan haberleri izlemelerini sa\u011flar\u0131z. M\u00fc\u015fterilerimize bas\u0131l\u0131 medya, \u00e7evrimi\u00e7i ortam ve sosyal medya \u00e7ap\u0131ndaki her t\u00fcrl\u00fc bas\u0131n ve pazarlama faaliyeti i\u00e7in k\u00fcresel medyadaki varl\u0131klar\u0131 konusunda eksiksiz bir bak\u0131\u015f a\u00e7\u0131s\u0131 sunan, b\u00fct\u00fcnl\u00fckl\u00fc bir [&hellip;]<\/p>\n","protected":false},"author":1,"featured_media":0,"parent":0,"menu_order":327,"comment_status":"closed","ping_status":"closed","template":"page-mediamonitoring.php","meta":{"_acf_changed":false,"cybocfi_hide_featured_image":"","footnotes":""},"class_list":["post-10310","page","type-page","status-publish","hentry"],"acf":[],"aioseo_notices":[],"yoast_head":"<!-- This site is optimized with the Yoast SEO plugin v27.3 - https:\/\/yoast.com\/product\/yoast-seo-wordpress\/ -->\n<title>Medya \u0130zleme - Global Listings<\/title>\n<meta name=\"robots\" content=\"index, follow, max-snippet:-1, max-image-preview:large, max-video-preview:-1\" \/>\n<link rel=\"canonical\" href=\"https:\/\/www.globallistings.info\/tr\/medya-izleme\/\" \/>\n<meta property=\"og:locale\" content=\"tr_TR\" \/>\n<meta property=\"og:type\" content=\"article\" \/>\n<meta property=\"og:title\" content=\"Medya \u0130zleme - Global Listings\" \/>\n<meta property=\"og:description\" content=\"MEDYA \u0130ZLEME Stratejik orta\u011f\u0131m\u0131zla birlikte milyonlarca sosyal medya, \u00e7evrimi\u00e7i haber ve ana ak\u0131m haber kayna\u011f\u0131n\u0131 izleriz, b\u00f6ylece yay\u0131n alan\u0131ndaki m\u00fc\u015fterilerimizin k\u00fcresel medyada kendilerine dair yay\u0131nlanan haberleri izlemelerini sa\u011flar\u0131z. M\u00fc\u015fterilerimize bas\u0131l\u0131 medya, \u00e7evrimi\u00e7i ortam ve sosyal medya \u00e7ap\u0131ndaki her t\u00fcrl\u00fc bas\u0131n ve pazarlama faaliyeti i\u00e7in k\u00fcresel medyadaki varl\u0131klar\u0131 konusunda eksiksiz bir bak\u0131\u015f a\u00e7\u0131s\u0131 sunan, b\u00fct\u00fcnl\u00fckl\u00fc bir [&hellip;]\" \/>\n<meta property=\"og:url\" content=\"https:\/\/www.globallistings.info\/tr\/medya-izleme\/\" \/>\n<meta property=\"og:site_name\" content=\"Global Listings\" \/>\n<meta property=\"article:modified_time\" content=\"2017-12-19T10:58:40+00:00\" \/>\n<meta property=\"og:image\" content=\"http:\/\/globallistings.info\/app\/uploads\/2017\/01\/gl.png\" \/>\n<meta name=\"twitter:card\" content=\"summary_large_image\" \/>\n<meta name=\"twitter:label1\" content=\"Est. reading time\" \/>\n\t<meta name=\"twitter:data1\" content=\"1 minute\" \/>\n<script type=\"application\/ld+json\" class=\"yoast-schema-graph\">{\"@context\":\"https:\\\/\\\/schema.org\",\"@graph\":[{\"@type\":\"WebPage\",\"@id\":\"https:\\\/\\\/www.globallistings.info\\\/tr\\\/medya-izleme\\\/\",\"url\":\"https:\\\/\\\/www.globallistings.info\\\/tr\\\/medya-izleme\\\/\",\"name\":\"Medya \u0130zleme - Global Listings\",\"isPartOf\":{\"@id\":\"https:\\\/\\\/www.globallistings.info\\\/ar\\\/#website\"},\"primaryImageOfPage\":{\"@id\":\"https:\\\/\\\/www.globallistings.info\\\/tr\\\/medya-izleme\\\/#primaryimage\"},\"image\":{\"@id\":\"https:\\\/\\\/www.globallistings.info\\\/tr\\\/medya-izleme\\\/#primaryimage\"},\"thumbnailUrl\":\"http:\\\/\\\/globallistings.info\\\/app\\\/uploads\\\/2017\\\/01\\\/gl.png\",\"datePublished\":\"2017-03-13T17:57:41+00:00\",\"dateModified\":\"2017-12-19T10:58:40+00:00\",\"breadcrumb\":{\"@id\":\"https:\\\/\\\/www.globallistings.info\\\/tr\\\/medya-izleme\\\/#breadcrumb\"},\"inLanguage\":\"tr\",\"potentialAction\":[{\"@type\":\"ReadAction\",\"target\":[\"https:\\\/\\\/www.globallistings.info\\\/tr\\\/medya-izleme\\\/\"]}]},{\"@type\":\"ImageObject\",\"inLanguage\":\"tr\",\"@id\":\"https:\\\/\\\/www.globallistings.info\\\/tr\\\/medya-izleme\\\/#primaryimage\",\"url\":\"http:\\\/\\\/globallistings.info\\\/app\\\/uploads\\\/2017\\\/01\\\/gl.png\",\"contentUrl\":\"http:\\\/\\\/globallistings.info\\\/app\\\/uploads\\\/2017\\\/01\\\/gl.png\"},{\"@type\":\"BreadcrumbList\",\"@id\":\"https:\\\/\\\/www.globallistings.info\\\/tr\\\/medya-izleme\\\/#breadcrumb\",\"itemListElement\":[{\"@type\":\"ListItem\",\"position\":1,\"name\":\"Home\",\"item\":\"https:\\\/\\\/www.globallistings.info\\\/tr\\\/\"},{\"@type\":\"ListItem\",\"position\":2,\"name\":\"Medya \u0130zleme\"}]},{\"@type\":\"WebSite\",\"@id\":\"https:\\\/\\\/www.globallistings.info\\\/ar\\\/#website\",\"url\":\"https:\\\/\\\/www.globallistings.info\\\/ar\\\/\",\"name\":\"Global Listings\",\"description\":\"\",\"potentialAction\":[{\"@type\":\"SearchAction\",\"target\":{\"@type\":\"EntryPoint\",\"urlTemplate\":\"https:\\\/\\\/www.globallistings.info\\\/ar\\\/?s={search_term_string}\"},\"query-input\":{\"@type\":\"PropertyValueSpecification\",\"valueRequired\":true,\"valueName\":\"search_term_string\"}}],\"inLanguage\":\"tr\"}]}<\/script>\n<!-- \/ Yoast SEO plugin. -->","yoast_head_json":{"title":"Medya \u0130zleme - Global Listings","robots":{"index":"index","follow":"follow","max-snippet":"max-snippet:-1","max-image-preview":"max-image-preview:large","max-video-preview":"max-video-preview:-1"},"canonical":"https:\/\/www.globallistings.info\/tr\/medya-izleme\/","og_locale":"tr_TR","og_type":"article","og_title":"Medya \u0130zleme - Global Listings","og_description":"MEDYA \u0130ZLEME Stratejik orta\u011f\u0131m\u0131zla birlikte milyonlarca sosyal medya, \u00e7evrimi\u00e7i haber ve ana ak\u0131m haber kayna\u011f\u0131n\u0131 izleriz, b\u00f6ylece yay\u0131n alan\u0131ndaki m\u00fc\u015fterilerimizin k\u00fcresel medyada kendilerine dair yay\u0131nlanan haberleri izlemelerini sa\u011flar\u0131z. M\u00fc\u015fterilerimize bas\u0131l\u0131 medya, \u00e7evrimi\u00e7i ortam ve sosyal medya \u00e7ap\u0131ndaki her t\u00fcrl\u00fc bas\u0131n ve pazarlama faaliyeti i\u00e7in k\u00fcresel medyadaki varl\u0131klar\u0131 konusunda eksiksiz bir bak\u0131\u015f a\u00e7\u0131s\u0131 sunan, b\u00fct\u00fcnl\u00fckl\u00fc bir [&hellip;]","og_url":"https:\/\/www.globallistings.info\/tr\/medya-izleme\/","og_site_name":"Global Listings","article_modified_time":"2017-12-19T10:58:40+00:00","og_image":[{"url":"http:\/\/globallistings.info\/app\/uploads\/2017\/01\/gl.png","type":"","width":"","height":""}],"twitter_card":"summary_large_image","twitter_misc":{"Est. reading time":"1 minute"},"schema":{"@context":"https:\/\/schema.org","@graph":[{"@type":"WebPage","@id":"https:\/\/www.globallistings.info\/tr\/medya-izleme\/","url":"https:\/\/www.globallistings.info\/tr\/medya-izleme\/","name":"Medya \u0130zleme - Global Listings","isPartOf":{"@id":"https:\/\/www.globallistings.info\/ar\/#website"},"primaryImageOfPage":{"@id":"https:\/\/www.globallistings.info\/tr\/medya-izleme\/#primaryimage"},"image":{"@id":"https:\/\/www.globallistings.info\/tr\/medya-izleme\/#primaryimage"},"thumbnailUrl":"http:\/\/globallistings.info\/app\/uploads\/2017\/01\/gl.png","datePublished":"2017-03-13T17:57:41+00:00","dateModified":"2017-12-19T10:58:40+00:00","breadcrumb":{"@id":"https:\/\/www.globallistings.info\/tr\/medya-izleme\/#breadcrumb"},"inLanguage":"tr","potentialAction":[{"@type":"ReadAction","target":["https:\/\/www.globallistings.info\/tr\/medya-izleme\/"]}]},{"@type":"ImageObject","inLanguage":"tr","@id":"https:\/\/www.globallistings.info\/tr\/medya-izleme\/#primaryimage","url":"http:\/\/globallistings.info\/app\/uploads\/2017\/01\/gl.png","contentUrl":"http:\/\/globallistings.info\/app\/uploads\/2017\/01\/gl.png"},{"@type":"BreadcrumbList","@id":"https:\/\/www.globallistings.info\/tr\/medya-izleme\/#breadcrumb","itemListElement":[{"@type":"ListItem","position":1,"name":"Home","item":"https:\/\/www.globallistings.info\/tr\/"},{"@type":"ListItem","position":2,"name":"Medya \u0130zleme"}]},{"@type":"WebSite","@id":"https:\/\/www.globallistings.info\/ar\/#website","url":"https:\/\/www.globallistings.info\/ar\/","name":"Global Listings","description":"","potentialAction":[{"@type":"SearchAction","target":{"@type":"EntryPoint","urlTemplate":"https:\/\/www.globallistings.info\/ar\/?s={search_term_string}"},"query-input":{"@type":"PropertyValueSpecification","valueRequired":true,"valueName":"search_term_string"}}],"inLanguage":"tr"}]}},"_links":{"self":[{"href":"https:\/\/www.globallistings.info\/tr\/wp-json\/wp\/v2\/pages\/10310","targetHints":{"allow":["GET"]}}],"collection":[{"href":"https:\/\/www.globallistings.info\/tr\/wp-json\/wp\/v2\/pages"}],"about":[{"href":"https:\/\/www.globallistings.info\/tr\/wp-json\/wp\/v2\/types\/page"}],"author":[{"embeddable":true,"href":"https:\/\/www.globallistings.info\/tr\/wp-json\/wp\/v2\/users\/1"}],"replies":[{"embeddable":true,"href":"https:\/\/www.globallistings.info\/tr\/wp-json\/wp\/v2\/comments?post=10310"}],"version-history":[{"count":0,"href":"https:\/\/www.globallistings.info\/tr\/wp-json\/wp\/v2\/pages\/10310\/revisions"}],"wp:attachment":[{"href":"https:\/\/www.globallistings.info\/tr\/wp-json\/wp\/v2\/media?parent=10310"}],"curies":[{"name":"wp","href":"https:\/\/api.w.org\/{rel}","templated":true}]}}