{"id":10381,"date":"2017-03-13T19:26:32","date_gmt":"2017-03-13T19:26:32","guid":{"rendered":"http:\/\/www.globallistings.info\/tr\/editorial\/"},"modified":"2017-12-19T10:57:37","modified_gmt":"2017-12-19T10:57:37","slug":"editorial","status":"publish","type":"page","link":"https:\/\/www.globallistings.info\/tr\/editorial\/","title":{"rendered":"Editorial"},"content":{"rendered":"<div class=\"col-4\">\n<p><img decoding=\"async\" class=\"img-circle img-responsive\" src=\"http:\/\/globallistings.info\/app\/uploads\/2017\/01\/editorialcircbig.png\" alt=\"content_photo\" \/><\/p>\n<p class=\"content\">ED\u0130T\u00d6RL\u00dcK<\/p>\n<\/div>\n<div class=\"col-8\">\n<div class=\"content\">\n<p>Global Listings\u2019in yetenekli edit\u00f6rl\u00fck ekipleri, d\u00fcnyadaki her dilde, y\u00fcksek kaliteli, dinamik ve etkili metinler sunarlar.<\/p>\n<p>Uluslararas\u0131 TV kanallar\u0131 ile birlikte \u00e7al\u0131\u015farak, metinleri yazar, d\u00fczenler ve d\u00fczeltir, b\u00f6ylece kusursuz bi\u00e7imde nihai halini almas\u0131n\u0131 (da\u011f\u0131t\u0131m dahil) sa\u011flayabiliriz; bunun i\u00e7in m\u00fc\u015fterilerimizin ihtiyac\u0131na g\u00f6re saatlik, g\u00fcnl\u00fck, haftal\u0131k, ayl\u0131k ve plans\u0131z teslim tarihlerine g\u00f6re \u00e7al\u0131\u015f\u0131r\u0131z.<\/p>\n<p>Birle\u015fik Krall\u0131k\u2019taki ve uluslararas\u0131 yazarlar\u0131m\u0131z\u0131n t\u00fcm\u00fc alanlar\u0131nda uzmand\u0131rlar ve yay\u0131n alan\u0131ndaki ortaklar\u0131m\u0131z\u0131n programlar\u0131n\u0131n \u00f6z\u00fcn\u00fc yakalayan, \u0131\u015f\u0131lt\u0131l\u0131, markay\u0131 yans\u0131tan metinler yarat\u0131rlar, b\u00f6ylece al\u0131c\u0131lara (bas\u0131l\u0131 ve dijital medya) tam olarak istedikleri bilgileri s\u0131nanm\u0131\u015f, test edilmi\u015f ve onaylanm\u0131\u015f bir formatta sunarlar.<\/p>\n<p>Edit\u00f6rl\u00fck hizmetlerimiz a\u015fa\u011f\u0131dakileri i\u00e7erir:<\/p>\n<ul>\n<li>TV program\u0131 \u00f6zetleri: en \u00fcst\u00fcn metinleri s\u0131f\u0131rdan kaleme almadan, siyah-beyaz bro\u015f\u00fcrler ve renkli ku\u015fe dergiler de dahil her \u00fcr\u00fcn\u00fc olu\u015fturmaya kadar t\u00fcm hizmetler (eksiksiz masa\u00fcst\u00fc yay\u0131nc\u0131l\u0131k imkanlar\u0131m\u0131z bulunmaktad\u0131r)<\/li>\n<li>Halkla \u0130li\u015fkiler literat\u00fcr\u00fc: yeni ve heyecan verici metinler olu\u015fturmaktan g\u00f6z al\u0131c\u0131 tek seferlik bro\u015f\u00fcrler, el kitaplar\u0131, posta ilanlar\u0131 veya d\u00fczenli dergilerin tasarlanmas\u0131na kadar t\u00fcm hizmetler<\/li>\n<li>Web sitesi i\u00e7eri\u011fi: etkili ve nesnel bilgi a\u00e7\u0131s\u0131ndan do\u011fru yaz\u0131lar yazmaktan yaz\u0131m\u0131 ve dilbilgisini kontrol etmeye kadar t\u00fcm hizmetler: gazeteciler ve edit\u00f6rlerden olu\u015fan, d\u00fcnyadaki her dilde yay\u0131n yapmak \u00fczere yerel olarak \u00e7al\u0131\u015fan, son derece deneyimli edit\u00f6rl\u00fck ekiplerimiz bulunmaktad\u0131r<\/li>\n<li>B\u00fcltenler (kurum i\u00e7i ve d\u0131\u015f\u0131): Birle\u015fik Krall\u0131k\u2019ta ve uluslararas\u0131 \u00e7aptaki kurum i\u00e7i ve serbest gazetecilerimiz ve edit\u00f6rlerimiz okuyan\u0131n ilgisini koruyan az ve \u00f6z metinlerin nas\u0131l kaleme al\u0131naca\u011f\u0131n\u0131 bilirler<\/li>\n<li>Pazarlama bro\u015f\u00fcrleri: deneyimli uluslararas\u0131 edit\u00f6rl\u00fck ekiplerimiz etkili ve m\u00fckemmel bi\u00e7imde yerelle\u015ftirilmi\u015f metinler yarat\u0131rlar. M\u00fc\u015fterilerimizin kurum i\u00e7i yetkinliklerini uzman edit\u00f6rl\u00fck ve yap\u0131m becerilerimiz ile bir araya getirerek, yaz\u0131l\u0131 s\u00f6zlerin kalitesini en y\u00fckse\u011fe \u00e7\u0131kar\u0131rken m\u00fc\u015fterilerimizin b\u00fct\u00e7elerine uygun olarak hizmet vermeye inan\u0131r\u0131z.<\/li>\n<\/ul>\n<p><a href=\"http:\/\/www.globaleditorial.info\">Daha ayr\u0131nt\u0131l\u0131 bilgi i\u00e7in l\u00fctfen karde\u015f \u015firketimiz Global Editorial\u2019\u0131 ziyaret edin<\/a><\/p>\n<\/div>\n<\/div>\n","protected":false},"excerpt":{"rendered":"<p>ED\u0130T\u00d6RL\u00dcK Global Listings\u2019in yetenekli edit\u00f6rl\u00fck ekipleri, d\u00fcnyadaki her dilde, y\u00fcksek kaliteli, dinamik ve etkili metinler sunarlar. Uluslararas\u0131 TV kanallar\u0131 ile birlikte \u00e7al\u0131\u015farak, metinleri yazar, d\u00fczenler ve d\u00fczeltir, b\u00f6ylece kusursuz bi\u00e7imde nihai halini almas\u0131n\u0131 (da\u011f\u0131t\u0131m dahil) sa\u011flayabiliriz; bunun i\u00e7in m\u00fc\u015fterilerimizin ihtiyac\u0131na g\u00f6re saatlik, g\u00fcnl\u00fck, haftal\u0131k, ayl\u0131k ve plans\u0131z teslim tarihlerine g\u00f6re \u00e7al\u0131\u015f\u0131r\u0131z. Birle\u015fik Krall\u0131k\u2019taki ve uluslararas\u0131 [&hellip;]<\/p>\n","protected":false},"author":1,"featured_media":0,"parent":0,"menu_order":146,"comment_status":"closed","ping_status":"closed","template":"page-editorial.php","meta":{"_acf_changed":false,"cybocfi_hide_featured_image":"","footnotes":""},"class_list":["post-10381","page","type-page","status-publish","hentry"],"acf":[],"aioseo_notices":[],"yoast_head":"<!-- This site is optimized with the Yoast SEO plugin v27.4 - https:\/\/yoast.com\/product\/yoast-seo-wordpress\/ -->\n<title>Editorial - Global Listings<\/title>\n<meta name=\"robots\" content=\"index, follow, max-snippet:-1, max-image-preview:large, max-video-preview:-1\" \/>\n<link rel=\"canonical\" href=\"https:\/\/www.globallistings.info\/tr\/editorial\/\" \/>\n<meta property=\"og:locale\" content=\"tr_TR\" \/>\n<meta property=\"og:type\" content=\"article\" \/>\n<meta property=\"og:title\" content=\"Editorial - Global Listings\" \/>\n<meta property=\"og:description\" content=\"ED\u0130T\u00d6RL\u00dcK Global Listings\u2019in yetenekli edit\u00f6rl\u00fck ekipleri, d\u00fcnyadaki her dilde, y\u00fcksek kaliteli, dinamik ve etkili metinler sunarlar. Uluslararas\u0131 TV kanallar\u0131 ile birlikte \u00e7al\u0131\u015farak, metinleri yazar, d\u00fczenler ve d\u00fczeltir, b\u00f6ylece kusursuz bi\u00e7imde nihai halini almas\u0131n\u0131 (da\u011f\u0131t\u0131m dahil) sa\u011flayabiliriz; bunun i\u00e7in m\u00fc\u015fterilerimizin ihtiyac\u0131na g\u00f6re saatlik, g\u00fcnl\u00fck, haftal\u0131k, ayl\u0131k ve plans\u0131z teslim tarihlerine g\u00f6re \u00e7al\u0131\u015f\u0131r\u0131z. Birle\u015fik Krall\u0131k\u2019taki ve uluslararas\u0131 [&hellip;]\" \/>\n<meta property=\"og:url\" content=\"https:\/\/www.globallistings.info\/tr\/editorial\/\" \/>\n<meta property=\"og:site_name\" content=\"Global Listings\" \/>\n<meta property=\"article:modified_time\" content=\"2017-12-19T10:57:37+00:00\" \/>\n<meta property=\"og:image\" content=\"http:\/\/globallistings.info\/app\/uploads\/2017\/01\/editorialcircbig.png\" \/>\n<meta name=\"twitter:card\" content=\"summary_large_image\" \/>\n<meta name=\"twitter:label1\" content=\"Est. reading time\" \/>\n\t<meta name=\"twitter:data1\" content=\"2 minutes\" \/>\n<script type=\"application\/ld+json\" class=\"yoast-schema-graph\">{\"@context\":\"https:\\\/\\\/schema.org\",\"@graph\":[{\"@type\":\"WebPage\",\"@id\":\"https:\\\/\\\/www.globallistings.info\\\/tr\\\/editorial\\\/\",\"url\":\"https:\\\/\\\/www.globallistings.info\\\/tr\\\/editorial\\\/\",\"name\":\"Editorial - Global Listings\",\"isPartOf\":{\"@id\":\"https:\\\/\\\/www.globallistings.info\\\/ar\\\/#website\"},\"primaryImageOfPage\":{\"@id\":\"https:\\\/\\\/www.globallistings.info\\\/tr\\\/editorial\\\/#primaryimage\"},\"image\":{\"@id\":\"https:\\\/\\\/www.globallistings.info\\\/tr\\\/editorial\\\/#primaryimage\"},\"thumbnailUrl\":\"http:\\\/\\\/globallistings.info\\\/app\\\/uploads\\\/2017\\\/01\\\/editorialcircbig.png\",\"datePublished\":\"2017-03-13T19:26:32+00:00\",\"dateModified\":\"2017-12-19T10:57:37+00:00\",\"breadcrumb\":{\"@id\":\"https:\\\/\\\/www.globallistings.info\\\/tr\\\/editorial\\\/#breadcrumb\"},\"inLanguage\":\"tr\",\"potentialAction\":[{\"@type\":\"ReadAction\",\"target\":[\"https:\\\/\\\/www.globallistings.info\\\/tr\\\/editorial\\\/\"]}]},{\"@type\":\"ImageObject\",\"inLanguage\":\"tr\",\"@id\":\"https:\\\/\\\/www.globallistings.info\\\/tr\\\/editorial\\\/#primaryimage\",\"url\":\"http:\\\/\\\/globallistings.info\\\/app\\\/uploads\\\/2017\\\/01\\\/editorialcircbig.png\",\"contentUrl\":\"http:\\\/\\\/globallistings.info\\\/app\\\/uploads\\\/2017\\\/01\\\/editorialcircbig.png\"},{\"@type\":\"BreadcrumbList\",\"@id\":\"https:\\\/\\\/www.globallistings.info\\\/tr\\\/editorial\\\/#breadcrumb\",\"itemListElement\":[{\"@type\":\"ListItem\",\"position\":1,\"name\":\"Home\",\"item\":\"https:\\\/\\\/www.globallistings.info\\\/tr\\\/\"},{\"@type\":\"ListItem\",\"position\":2,\"name\":\"Editorial\"}]},{\"@type\":\"WebSite\",\"@id\":\"https:\\\/\\\/www.globallistings.info\\\/ar\\\/#website\",\"url\":\"https:\\\/\\\/www.globallistings.info\\\/ar\\\/\",\"name\":\"Global Listings\",\"description\":\"\",\"potentialAction\":[{\"@type\":\"SearchAction\",\"target\":{\"@type\":\"EntryPoint\",\"urlTemplate\":\"https:\\\/\\\/www.globallistings.info\\\/ar\\\/?s={search_term_string}\"},\"query-input\":{\"@type\":\"PropertyValueSpecification\",\"valueRequired\":true,\"valueName\":\"search_term_string\"}}],\"inLanguage\":\"tr\"}]}<\/script>\n<!-- \/ Yoast SEO plugin. -->","yoast_head_json":{"title":"Editorial - Global Listings","robots":{"index":"index","follow":"follow","max-snippet":"max-snippet:-1","max-image-preview":"max-image-preview:large","max-video-preview":"max-video-preview:-1"},"canonical":"https:\/\/www.globallistings.info\/tr\/editorial\/","og_locale":"tr_TR","og_type":"article","og_title":"Editorial - Global Listings","og_description":"ED\u0130T\u00d6RL\u00dcK Global Listings\u2019in yetenekli edit\u00f6rl\u00fck ekipleri, d\u00fcnyadaki her dilde, y\u00fcksek kaliteli, dinamik ve etkili metinler sunarlar. Uluslararas\u0131 TV kanallar\u0131 ile birlikte \u00e7al\u0131\u015farak, metinleri yazar, d\u00fczenler ve d\u00fczeltir, b\u00f6ylece kusursuz bi\u00e7imde nihai halini almas\u0131n\u0131 (da\u011f\u0131t\u0131m dahil) sa\u011flayabiliriz; bunun i\u00e7in m\u00fc\u015fterilerimizin ihtiyac\u0131na g\u00f6re saatlik, g\u00fcnl\u00fck, haftal\u0131k, ayl\u0131k ve plans\u0131z teslim tarihlerine g\u00f6re \u00e7al\u0131\u015f\u0131r\u0131z. Birle\u015fik Krall\u0131k\u2019taki ve uluslararas\u0131 [&hellip;]","og_url":"https:\/\/www.globallistings.info\/tr\/editorial\/","og_site_name":"Global Listings","article_modified_time":"2017-12-19T10:57:37+00:00","og_image":[{"url":"http:\/\/globallistings.info\/app\/uploads\/2017\/01\/editorialcircbig.png","type":"","width":"","height":""}],"twitter_card":"summary_large_image","twitter_misc":{"Est. reading time":"2 minutes"},"schema":{"@context":"https:\/\/schema.org","@graph":[{"@type":"WebPage","@id":"https:\/\/www.globallistings.info\/tr\/editorial\/","url":"https:\/\/www.globallistings.info\/tr\/editorial\/","name":"Editorial - Global Listings","isPartOf":{"@id":"https:\/\/www.globallistings.info\/ar\/#website"},"primaryImageOfPage":{"@id":"https:\/\/www.globallistings.info\/tr\/editorial\/#primaryimage"},"image":{"@id":"https:\/\/www.globallistings.info\/tr\/editorial\/#primaryimage"},"thumbnailUrl":"http:\/\/globallistings.info\/app\/uploads\/2017\/01\/editorialcircbig.png","datePublished":"2017-03-13T19:26:32+00:00","dateModified":"2017-12-19T10:57:37+00:00","breadcrumb":{"@id":"https:\/\/www.globallistings.info\/tr\/editorial\/#breadcrumb"},"inLanguage":"tr","potentialAction":[{"@type":"ReadAction","target":["https:\/\/www.globallistings.info\/tr\/editorial\/"]}]},{"@type":"ImageObject","inLanguage":"tr","@id":"https:\/\/www.globallistings.info\/tr\/editorial\/#primaryimage","url":"http:\/\/globallistings.info\/app\/uploads\/2017\/01\/editorialcircbig.png","contentUrl":"http:\/\/globallistings.info\/app\/uploads\/2017\/01\/editorialcircbig.png"},{"@type":"BreadcrumbList","@id":"https:\/\/www.globallistings.info\/tr\/editorial\/#breadcrumb","itemListElement":[{"@type":"ListItem","position":1,"name":"Home","item":"https:\/\/www.globallistings.info\/tr\/"},{"@type":"ListItem","position":2,"name":"Editorial"}]},{"@type":"WebSite","@id":"https:\/\/www.globallistings.info\/ar\/#website","url":"https:\/\/www.globallistings.info\/ar\/","name":"Global Listings","description":"","potentialAction":[{"@type":"SearchAction","target":{"@type":"EntryPoint","urlTemplate":"https:\/\/www.globallistings.info\/ar\/?s={search_term_string}"},"query-input":{"@type":"PropertyValueSpecification","valueRequired":true,"valueName":"search_term_string"}}],"inLanguage":"tr"}]}},"_links":{"self":[{"href":"https:\/\/www.globallistings.info\/tr\/wp-json\/wp\/v2\/pages\/10381","targetHints":{"allow":["GET"]}}],"collection":[{"href":"https:\/\/www.globallistings.info\/tr\/wp-json\/wp\/v2\/pages"}],"about":[{"href":"https:\/\/www.globallistings.info\/tr\/wp-json\/wp\/v2\/types\/page"}],"author":[{"embeddable":true,"href":"https:\/\/www.globallistings.info\/tr\/wp-json\/wp\/v2\/users\/1"}],"replies":[{"embeddable":true,"href":"https:\/\/www.globallistings.info\/tr\/wp-json\/wp\/v2\/comments?post=10381"}],"version-history":[{"count":0,"href":"https:\/\/www.globallistings.info\/tr\/wp-json\/wp\/v2\/pages\/10381\/revisions"}],"wp:attachment":[{"href":"https:\/\/www.globallistings.info\/tr\/wp-json\/wp\/v2\/media?parent=10381"}],"curies":[{"name":"wp","href":"https:\/\/api.w.org\/{rel}","templated":true}]}}